{"id":94,"date":"2022-03-14T17:33:02","date_gmt":"2022-03-14T17:33:02","guid":{"rendered":"https:\/\/www.ketchum.com\/germany\/?page_id=94"},"modified":"2024-10-11T09:46:13","modified_gmt":"2024-10-11T09:46:13","slug":"our-culture","status":"publish","type":"page","link":"https:\/\/www.ketchum.com\/germany\/our-culture\/","title":{"rendered":"Our Culture"},"content":{"rendered":"\n<div style=\"height:50px\" aria-hidden=\"true\" class=\"wp-block-spacer ketchum-timber-desktop-only\"><\/div>\n\n\n\n<div class=\"wp-block-columns container mt-4 is-layout-flex wp-container-core-columns-is-layout-9d6595d7 wp-block-columns-is-layout-flex\">\n<div class=\"wp-block-column container mt-4 row col-12 is-layout-flow wp-block-column-is-layout-flow\">\n<h2 class=\"wp-block-heading container mt-4 row\"><strong>Unsere Unternehmenskultur<\/strong><\/h2>\n\n\n\n<p>Bei Ketchum bieten wir dir ein Arbeitsumfeld, in dem du dich rundum wohlf\u00fchlst; eine Umgebung, die dich inspiriert und in der du gef\u00f6rdert und gefordert wirst. Bei uns stehen unsere Mitarbeiter:innen im Vordergrund, wir sch\u00e4tzen Individualit\u00e4t und Vielfalt und f\u00f6rdern Kreativit\u00e4t. In einem Umfeld, gepr\u00e4gt von Neugier, Mut, Motivation, Reflexion und Teamgeist leisten wir gemeinsam gro\u00dfartige Arbeit f\u00fcr unseren Kund:innen. Wir bieten dir umfassende Corporate Benefits und unterst\u00fctzen dich mit unserer Ketchum University bei deiner fachlichen und pers\u00f6nlichen Entwicklung.&nbsp;<\/p>\n\n\n\n<h2 class=\"wp-block-heading\"><strong><strong>Kommunikation auf Augenh\u00f6he<\/strong><\/strong><\/h2>\n\n\n\n<p>Eine offene und transparente Gespr\u00e4chskultur ist uns wichtig. Wir nehmen uns Zeit f\u00fcr den Austausch mit dir. \u00dcber unser internes Netzwerk Workplace teilen wir News und tauschen uns aus. So bist du immer \u00fcber den aktuellen Neukundengewinn, spannende Projekte oder den Start unserer neuesten Kolleg:innen informiert. Und: Hier finden sich immer Kolleg: innen, die dir mit Tipps, Rat und Erfahrungen bei deiner Arbeit zur Seite stehen. Regelm\u00e4\u00dfige Townhalls, Ask-me-anything Sessions, CEO Speedatings und Mitarbeiterumfragen geh\u00f6ren bei uns zum Agenturalltag. Bei all unseren Formaten hei\u00dft es: Make your voice heard \u2013 denn deine Meinung ist uns wichtig.&nbsp;&nbsp;&nbsp;<\/p>\n\n\n\n<h2 class=\"wp-block-heading\"><strong><strong>Diversity matters<\/strong><\/strong><\/h2>\n\n\n\n<p>Kreativit\u00e4t, Vielfalt und Innovation treiben uns an, deshalb ist Diversity eines der Grundprinzipien unseres Recruitingprozesses. Verschiedene Perspektiven und Hintergr\u00fcnde sind wichtig f\u00fcr unsere Arbeit und f\u00fcr das kulturelle Gef\u00fcge in der Agentur. Deshalb freuen wir uns auch \u00fcber Bewerber:innen, die keine klassischen Kommunikationsf\u00e4cher studiert haben, \u00fcber Bewerber:innen ohne Studienabschluss oder Wieder- oder Quereinsteiger:innen. Wir sehen unsere potenziellen neuen Talente ganzheitlich als Pers\u00f6nlichkeiten mit Erfahrungen und einer Geschichte. So treffen bei uns Menschen unterschiedlicher Kulturen, Mentalit\u00e4ten und Perspektiven zusammen. Genau das erm\u00f6glicht es uns, f\u00fcr unsere Kund:innen die besten L\u00f6sungen zu finden. Denn sie entstehen aus Vielfalt.<\/p>\n\n\n\n<p>Um diese Vielfalt intern weiter zu f\u00f6rdern und zu unterst\u00fctzen, haben wir eine DE&amp;I-Community sowie K:Pride, unsere LGBTQIA+-Netzwerk ins Leben gerufen. Beide setzen sich daf\u00fcr ein, die unterschiedlichen Dimensionen der Vielfalt kontinuierlich weiterzuentwickeln und ein Umfeld zu schaffen, in dem sich alle Mitarbeitenden wertgesch\u00e4tzt und eingebunden f\u00fchlen. Durch regelm\u00e4\u00dfigen Austausch und gezielte Initiativen tragen unsere Communities dazu bei, dass wir als Agentur stetig wachsen und unsere Kultur der Offenheit und Kreativit\u00e4t lebendig bleibt.\u00a0\u00a0<\/p>\n\n\n\n<p>Besonders am Herzen liegt uns die Vielfaltsdimension Soziale Mobilit\u00e4t. In Umfragen zu unserem eigenen DE&amp;I-Engagement haben die Mitarbeitenden von Ketchum soziale Mobilit\u00e4t als eines der wichtigsten Themen identifiziert. Weil Bildungs- und Karrierechancen in Deutschland nach wie vor nicht gleich verteilt sind, wollen wir soziale Mobilit\u00e4t aktiv f\u00f6rdern. Junge Menschen sollen ungeachtet ihrer sozialen Herkunft die gleichen Chancen im Berufsleben haben. Wir unterst\u00fctzen deshalb im Rahmen unserer Unternehmenspartnerschaft <a href=\"https:\/\/www.netzwerk-chancen.de\/\" target=\"_blank\" rel=\"noreferrer noopener\">Netzwerk Chancen<\/a> dabei, Aufsteiger:innen vielf\u00e4ltige berufliche M\u00f6glichkeiten zu erschlie\u00dfen.&nbsp; &gt;&gt; <a href=\"https:\/\/www.ketchum.com\/germany\/news\/fur-mehr-chancengleichheit-ketchum-deutschland-wird-unternehmenspartner-von-netzwerk-chancen\/\">Mehr zu unserer Partnerschaft<\/a>.&nbsp;<\/p>\n\n\n\n<h2 class=\"wp-block-heading\"><strong><strong><strong>Unsere F\u00fchrungskultur<\/strong>&nbsp;<\/strong><\/strong><\/h2>\n\n\n\n<p>Bei uns wirst du nicht (nur) F\u00fchrungskraft, um Karriere zu machen. Du wirst vor allem F\u00fchrungskraft, weil du liebst, was du tust und genau diese Begeisterung f\u00fcr deinen Job weitergeben m\u00f6chtest. Als F\u00fchrungskraft bist du Coach, begleitest deine Mitarbeiter:innen mit Empathie. Du vertraust auf die F\u00e4higkeiten deines Teams, ermutigst zur Selbstreflexion und kennst die St\u00e4rken und Potentiale deiner Mitarbeiter:innen. Unser Miteinander ist gepr\u00e4gt von flachen Hierarchien\u202fund konstruktiven Diskussionen. F\u00fchrungskraft bei Ketchum zu sein, bedeutet eine klare Strategie und Vision vor Augen zu haben und diese gemeinsam mit dem Team mit Herzblut und Begeisterung zu verfolgen. Auf deinem Weg zur F\u00fchrungskraft sowie bei deinen konkreten F\u00fchrungsaufgaben begleiten wir dich mit zahlreichen Angeboten unserer Ketchum University, unter anderem mit unserem F\u00fchrungskr\u00e4fteentwicklungsprogramm \u201eLearn2Lead\u201c, unserer \u201eResilient Leadership Journey\u201c oder individuellen Coachings.<\/p>\n<\/div>\n<\/div>\n","protected":false},"excerpt":{"rendered":"<p>Unsere Unternehmenskultur Bei Ketchum bieten wir dir ein Arbeitsumfeld, in dem du dich rundum wohlf\u00fchlst; eine Umgebung, die dich inspiriert und in der du gef\u00f6rdert und gefordert wirst. Bei uns stehen unsere Mitarbeiter:innen im Vordergrund, wir sch\u00e4tzen Individualit\u00e4t und Vielfalt und f\u00f6rdern Kreativit\u00e4t. In einem Umfeld, gepr\u00e4gt von Neugier, Mut, Motivation, Reflexion und Teamgeist leisten [&hellip;]<\/p>\n","protected":false},"author":3,"featured_media":0,"parent":0,"menu_order":0,"comment_status":"closed","ping_status":"closed","template":"","meta":{"_acf_changed":false,"footnotes":""},"class_list":["post-94","page","type-page","status-publish","hentry"],"acf":[],"yoast_head":"<!-- This site is optimized with the Yoast SEO plugin v27.3 - https:\/\/yoast.com\/product\/yoast-seo-wordpress\/ -->\n<title>Our Culture | Ketchum \u2013 Eine f\u00fchrende Agentur f\u00fcr Reputation, Markenkommunikation und Transformation<\/title>\n<meta name=\"description\" content=\"Ketchum ist eine der f\u00fchrenden Kommunikationsberatungen. Ketchum versteht sich als strategischer und operativer Partner der Kund:innen beim Auf- und Ausbau ihrer Marken und ihrer Reputation bei Medien, Influencer:innen und Konsument:innen, bei der Eroberung neuer M\u00e4rkte, bei dynamischen Ver\u00e4nderungsprozessen und in der Digitalen Transformation, bei der Bew\u00e4ltigung von Krisen sowie bei gesellschaftlichen und politischen Gestaltungsaufgaben.\" \/>\n<meta name=\"robots\" content=\"index, follow, max-snippet:-1, max-image-preview:large, max-video-preview:-1\" \/>\n<link rel=\"canonical\" href=\"https:\/\/www.ketchum.com\/germany\/our-culture\/\" \/>\n<meta property=\"og:locale\" content=\"de_DE\" \/>\n<meta property=\"og:type\" content=\"article\" \/>\n<meta property=\"og:title\" content=\"Our Culture | Ketchum \u2013 Eine f\u00fchrende Agentur f\u00fcr Reputation, Markenkommunikation und Transformation\" \/>\n<meta property=\"og:description\" content=\"Ketchum ist eine der f\u00fchrenden Kommunikationsberatungen. Ketchum versteht sich als strategischer und operativer Partner der Kund:innen beim Auf- und Ausbau ihrer Marken und ihrer Reputation bei Medien, Influencer:innen und Konsument:innen, bei der Eroberung neuer M\u00e4rkte, bei dynamischen Ver\u00e4nderungsprozessen und in der Digitalen Transformation, bei der Bew\u00e4ltigung von Krisen sowie bei gesellschaftlichen und politischen Gestaltungsaufgaben.\" \/>\n<meta property=\"og:url\" content=\"https:\/\/www.ketchum.com\/germany\/our-culture\/\" \/>\n<meta property=\"og:site_name\" content=\"Ketchum Germany\" \/>\n<meta property=\"article:modified_time\" content=\"2024-10-11T09:46:13+00:00\" \/>\n<meta name=\"twitter:card\" content=\"summary_large_image\" \/>\n<meta name=\"twitter:label1\" content=\"Est. reading time\" \/>\n\t<meta name=\"twitter:data1\" content=\"3 minutes\" \/>\n<script type=\"application\/ld+json\" class=\"yoast-schema-graph\">{\"@context\":\"https:\\\/\\\/schema.org\",\"@graph\":[{\"@type\":\"WebPage\",\"@id\":\"https:\\\/\\\/www.ketchum.com\\\/germany\\\/our-culture\\\/\",\"url\":\"https:\\\/\\\/www.ketchum.com\\\/germany\\\/our-culture\\\/\",\"name\":\"Our Culture | Ketchum \u2013 Eine f\u00fchrende Agentur f\u00fcr Reputation, Markenkommunikation und Transformation\",\"isPartOf\":{\"@id\":\"https:\\\/\\\/www.ketchum.com\\\/germany\\\/#website\"},\"datePublished\":\"2022-03-14T17:33:02+00:00\",\"dateModified\":\"2024-10-11T09:46:13+00:00\",\"description\":\"Ketchum ist eine der f\u00fchrenden Kommunikationsberatungen. Ketchum versteht sich als strategischer und operativer Partner der Kund:innen beim Auf- und Ausbau ihrer Marken und ihrer Reputation bei Medien, Influencer:innen und Konsument:innen, bei der Eroberung neuer M\u00e4rkte, bei dynamischen Ver\u00e4nderungsprozessen und in der Digitalen Transformation, bei der Bew\u00e4ltigung von Krisen sowie bei gesellschaftlichen und politischen Gestaltungsaufgaben.\",\"breadcrumb\":{\"@id\":\"https:\\\/\\\/www.ketchum.com\\\/germany\\\/our-culture\\\/#breadcrumb\"},\"inLanguage\":\"de-DE\",\"potentialAction\":[{\"@type\":\"ReadAction\",\"target\":[\"https:\\\/\\\/www.ketchum.com\\\/germany\\\/our-culture\\\/\"]}]},{\"@type\":\"BreadcrumbList\",\"@id\":\"https:\\\/\\\/www.ketchum.com\\\/germany\\\/our-culture\\\/#breadcrumb\",\"itemListElement\":[{\"@type\":\"ListItem\",\"position\":1,\"name\":\"Home\",\"item\":\"https:\\\/\\\/www.ketchum.com\\\/germany\\\/\"},{\"@type\":\"ListItem\",\"position\":2,\"name\":\"Our Culture\"}]},{\"@type\":\"WebSite\",\"@id\":\"https:\\\/\\\/www.ketchum.com\\\/germany\\\/#website\",\"url\":\"https:\\\/\\\/www.ketchum.com\\\/germany\\\/\",\"name\":\"Ketchum Germany\",\"description\":\"Ketchum ist eine der f\u00fchrenden Kommunikationsberatungen. Ketchum versteht sich als strategischer und operativer Partner der Kund:innen beim Auf- und Ausbau ihrer Marken und ihrer Reputation bei Medien, Influencer:innen und Konsument:innen, bei der Eroberung neuer M\u00e4rkte, bei dynamischen Ver\u00e4nderungsprozessen und in der Digitalen Transformation, bei der Bew\u00e4ltigung von Krisen sowie bei gesellschaftlichen und politischen Gestaltungsaufgaben.\",\"potentialAction\":[{\"@type\":\"SearchAction\",\"target\":{\"@type\":\"EntryPoint\",\"urlTemplate\":\"https:\\\/\\\/www.ketchum.com\\\/germany\\\/?s={search_term_string}\"},\"query-input\":{\"@type\":\"PropertyValueSpecification\",\"valueRequired\":true,\"valueName\":\"search_term_string\"}}],\"inLanguage\":\"de-DE\"}]}<\/script>\n<!-- \/ Yoast SEO plugin. -->","yoast_head_json":{"title":"Our Culture | Ketchum \u2013 Eine f\u00fchrende Agentur f\u00fcr Reputation, Markenkommunikation und Transformation","description":"Ketchum ist eine der f\u00fchrenden Kommunikationsberatungen. Ketchum versteht sich als strategischer und operativer Partner der Kund:innen beim Auf- und Ausbau ihrer Marken und ihrer Reputation bei Medien, Influencer:innen und Konsument:innen, bei der Eroberung neuer M\u00e4rkte, bei dynamischen Ver\u00e4nderungsprozessen und in der Digitalen Transformation, bei der Bew\u00e4ltigung von Krisen sowie bei gesellschaftlichen und politischen Gestaltungsaufgaben.","robots":{"index":"index","follow":"follow","max-snippet":"max-snippet:-1","max-image-preview":"max-image-preview:large","max-video-preview":"max-video-preview:-1"},"canonical":"https:\/\/www.ketchum.com\/germany\/our-culture\/","og_locale":"de_DE","og_type":"article","og_title":"Our Culture | Ketchum \u2013 Eine f\u00fchrende Agentur f\u00fcr Reputation, Markenkommunikation und Transformation","og_description":"Ketchum ist eine der f\u00fchrenden Kommunikationsberatungen. Ketchum versteht sich als strategischer und operativer Partner der Kund:innen beim Auf- und Ausbau ihrer Marken und ihrer Reputation bei Medien, Influencer:innen und Konsument:innen, bei der Eroberung neuer M\u00e4rkte, bei dynamischen Ver\u00e4nderungsprozessen und in der Digitalen Transformation, bei der Bew\u00e4ltigung von Krisen sowie bei gesellschaftlichen und politischen Gestaltungsaufgaben.","og_url":"https:\/\/www.ketchum.com\/germany\/our-culture\/","og_site_name":"Ketchum Germany","article_modified_time":"2024-10-11T09:46:13+00:00","twitter_card":"summary_large_image","twitter_misc":{"Est. reading time":"3 minutes"},"schema":{"@context":"https:\/\/schema.org","@graph":[{"@type":"WebPage","@id":"https:\/\/www.ketchum.com\/germany\/our-culture\/","url":"https:\/\/www.ketchum.com\/germany\/our-culture\/","name":"Our Culture | Ketchum \u2013 Eine f\u00fchrende Agentur f\u00fcr Reputation, Markenkommunikation und Transformation","isPartOf":{"@id":"https:\/\/www.ketchum.com\/germany\/#website"},"datePublished":"2022-03-14T17:33:02+00:00","dateModified":"2024-10-11T09:46:13+00:00","description":"Ketchum ist eine der f\u00fchrenden Kommunikationsberatungen. Ketchum versteht sich als strategischer und operativer Partner der Kund:innen beim Auf- und Ausbau ihrer Marken und ihrer Reputation bei Medien, Influencer:innen und Konsument:innen, bei der Eroberung neuer M\u00e4rkte, bei dynamischen Ver\u00e4nderungsprozessen und in der Digitalen Transformation, bei der Bew\u00e4ltigung von Krisen sowie bei gesellschaftlichen und politischen Gestaltungsaufgaben.","breadcrumb":{"@id":"https:\/\/www.ketchum.com\/germany\/our-culture\/#breadcrumb"},"inLanguage":"de-DE","potentialAction":[{"@type":"ReadAction","target":["https:\/\/www.ketchum.com\/germany\/our-culture\/"]}]},{"@type":"BreadcrumbList","@id":"https:\/\/www.ketchum.com\/germany\/our-culture\/#breadcrumb","itemListElement":[{"@type":"ListItem","position":1,"name":"Home","item":"https:\/\/www.ketchum.com\/germany\/"},{"@type":"ListItem","position":2,"name":"Our Culture"}]},{"@type":"WebSite","@id":"https:\/\/www.ketchum.com\/germany\/#website","url":"https:\/\/www.ketchum.com\/germany\/","name":"Ketchum Germany","description":"Ketchum ist eine der f\u00fchrenden Kommunikationsberatungen. Ketchum versteht sich als strategischer und operativer Partner der Kund:innen beim Auf- und Ausbau ihrer Marken und ihrer Reputation bei Medien, Influencer:innen und Konsument:innen, bei der Eroberung neuer M\u00e4rkte, bei dynamischen Ver\u00e4nderungsprozessen und in der Digitalen Transformation, bei der Bew\u00e4ltigung von Krisen sowie bei gesellschaftlichen und politischen Gestaltungsaufgaben.","potentialAction":[{"@type":"SearchAction","target":{"@type":"EntryPoint","urlTemplate":"https:\/\/www.ketchum.com\/germany\/?s={search_term_string}"},"query-input":{"@type":"PropertyValueSpecification","valueRequired":true,"valueName":"search_term_string"}}],"inLanguage":"de-DE"}]}},"featured_image_src":null,"featured_image_src_square":null,"_links":{"self":[{"href":"https:\/\/www.ketchum.com\/germany\/wp-json\/wp\/v2\/pages\/94","targetHints":{"allow":["GET"]}}],"collection":[{"href":"https:\/\/www.ketchum.com\/germany\/wp-json\/wp\/v2\/pages"}],"about":[{"href":"https:\/\/www.ketchum.com\/germany\/wp-json\/wp\/v2\/types\/page"}],"author":[{"embeddable":true,"href":"https:\/\/www.ketchum.com\/germany\/wp-json\/wp\/v2\/users\/3"}],"replies":[{"embeddable":true,"href":"https:\/\/www.ketchum.com\/germany\/wp-json\/wp\/v2\/comments?post=94"}],"version-history":[{"count":0,"href":"https:\/\/www.ketchum.com\/germany\/wp-json\/wp\/v2\/pages\/94\/revisions"}],"wp:attachment":[{"href":"https:\/\/www.ketchum.com\/germany\/wp-json\/wp\/v2\/media?parent=94"}],"curies":[{"name":"wp","href":"https:\/\/api.w.org\/{rel}","templated":true}]}}