{"id":7,"date":"2022-02-14T17:09:40","date_gmt":"2022-02-14T17:09:40","guid":{"rendered":"https:\/\/www.ketchum.com\/germany\/?page_id=7"},"modified":"2024-03-04T13:07:16","modified_gmt":"2024-03-04T13:07:16","slug":"careers","status":"publish","type":"page","link":"https:\/\/www.ketchum.com\/germany\/careers\/","title":{"rendered":"Careers"},"content":{"rendered":"\n<section class=\"intro   alignwide ketchum-timber-intro\">\n\t<div class=\"container\">\n\t\t<div class=\"col-12 ketchum-timber-intro-box\">\n\n\t\t\t<h2 class=\"ketchum-timber-bold ketchum-timber-color-white\">\n\t\t\t\tCareers @ Ketchum Germany\n\t\t\t<\/h2>\n\t\t\t<h5 class=\"ketchum-timber-color-white\">\n\t\t\t\tDu willst mehr als nur einen Job? Du bist auf der Suche nach einer neuen beruflichen Herausforderung, die genau zu deinen Kompetenzen passt, bei der du flexibel arbeiten, deine Ideen einbringen und deine F\u00e4higkeiten gezielt ausbauen kannst? Dann passt du genau zu uns!\n\t\t\t<\/h5>\n\t\t\t\t\t\t\t<div class=\"ketchum-timber-link-underlined-white\">\n\t\t\t\t\t<span>\n\t\t\t\t\t\t<a href=\"https:\/\/www.ketchum.com\/job-board-germany\/\" tabindex=\"0\" title=\"Alle aktuellen Stellenangebote\">\n\t\t\t\t\t\t\tAlle aktuellen Stellenangebote\n\t\t\t\t\t\t<\/a>\n\t\t\t\t\t<\/span>\n\t\t\t\t<\/div>\n\t\t\t\t\t\t\n\t\t<\/div>\n\t<\/div>\n<\/section>\n\n\n<div style=\"height:49px\" aria-hidden=\"true\" class=\"wp-block-spacer ketchum-timber-desktop-only\"><\/div>\n\n\n\n<section class=\"content-box   alignwide ketchum-timber-content-box\">\n\t<div class=\"container\">\n\t\t\n\t\t<div class=\"ketchum-timber-content-box-content\">\n\t\t\t<div class=\"col-xs-12 col-sm-12 col-md-6 col-lg-6 p-0\">\n\n\t\t\t\t\t\t\t\t\t<img decoding=\"async\" src=\"https:\/\/www.ketchum.com\/germany\/wp-content\/uploads\/sites\/5\/2022\/04\/carrers-image-1.jpeg\" alt=\"Shot of a group of businesspeople attending a conference\">\n\t\t\t\t\n\t\t\t<\/div>\n\t\t\t<div class=\"col-xs-12 col-sm-12 col-md-6 col-lg-6 ketchum-timber-content-box-right\">\n\t\t\t\n\t\t\t\t<h4 class=\"ketchum-timber-bold\">\n\t\t\t\t\tUnsere Unternehmenskultur\n\t\t\t\t<\/h4>\n\t\t\t\t<p class=\"ketchum-timber-p2\">\n\t\t\t\t\tBei Ketchum bieten wir dir ein Arbeitsumfeld, in dem du dich rundum wohlf\u00fchlst; eine Umgebung, die dich inspiriert und in der du gef\u00f6rdert und gefordert wirst. Bei uns stehen unsere Mitarbeiter:innen im Vordergrund, wir sch\u00e4tzen Individualit\u00e4t und Vielfalt und f\u00f6rdern Kreativit\u00e4t. In einem Umfeld, gepr\u00e4gt von Neugier, Mut, Motivation, Reflexion und Teamgeist leisten wir gemeinsam gro\u00dfartige Arbeit f\u00fcr unseren Kund:innen.\n\t\t\t\t<\/p>\n\t\t\t\t\t\t\t\t\t<div class=\"ketchum-timber-link-underlined\">\n\t\t\t\t\t\t<span>\n\t\t\t\t\t\t\t<a href=\"https:\/\/www.ketchum.com\/germany\/our-culture\/\" tabindex=\"0\" title=\"Mehr zu unserer Unternehmenskultur\">\n\t\t\t\t\t\t\t\tMehr zu unserer Unternehmenskultur\n\t\t\t\t\t\t\t<\/a>\n\t\t\t\t\t\t<\/span>\n\t\t\t\t\t<\/div>\n\t\t\t\t\n\t\t\t<\/div>\n\t\t<\/div>\n\t<\/div>\n<\/section>\n\n\n<div style=\"height:50px\" aria-hidden=\"true\" class=\"wp-block-spacer ketchum-timber-desktop-only\"><\/div>\n\n\n\n<section class=\"content-box   alignwide ketchum-timber-content-box\">\n\t<div class=\"container\">\n\t\t\n\t\t<div class=\"ketchum-timber-content-box-content\">\n\t\t\t<div class=\"col-xs-12 col-sm-12 col-md-6 col-lg-6 p-0\">\n\n\t\t\t\t\t\t\t\t\t<img decoding=\"async\" src=\"https:\/\/www.ketchum.com\/germany\/wp-content\/uploads\/sites\/5\/2022\/04\/carrers-image-2.jpeg\" alt=\"Young businesswoman with eyeglasses in office\">\n\t\t\t\t\n\t\t\t<\/div>\n\t\t\t<div class=\"col-xs-12 col-sm-12 col-md-6 col-lg-6 order-first ketchum-timber-content-box-left\">\n\t\t\t\n\t\t\t\t<h4 class=\"ketchum-timber-bold\">\n\t\t\t\t\tBist du dabei?\n\t\t\t\t<\/h4>\n\t\t\t\t<p class=\"ketchum-timber-p2\">\n\t\t\t\t\t<p class=\"ketchum-timber-p2\">Wir suchen Macher:innen. Pragmatiker:innen. \u00c4rmelhochkrempler:innen. Menschen mit Lust auf Neues, mit Neugierde, mit einem Gesp\u00fcr f\u00fcr den Wandel und Mut f\u00fcr Ver\u00e4nderungen.<\/p><br \/>\r\n<p class=\"ketchum-timber-p2\">Wir bieten dir inspirierende, spannende Kund:innen und vielf\u00e4ltige Aufgaben rund um die Konzeption, Steuerung und Umsetzung von Kommunikationsprojekten. Wir stehen f\u00fcr: \u201eWork that matters\u201c. Dabei steht es dir frei zu entscheiden, an welchem Ort du arbeiten m\u00f6chtest: in einem unserer eigenen B\u00fcros, unseren Hubs oder in deinem Mobile Office. Ob du studiert hast, Berufseinsteiger:in, Kommunikations-Spezialist:in, Quereinsteiger:in oder Freelancer:in bist, spielt f\u00fcr uns keine Rolle. \n\t\t\t\t<\/p>\n\t\t\t\t\t\t\t\t\t<div class=\"ketchum-timber-link-underlined\">\n\t\t\t\t\t\t<span>\n\t\t\t\t\t\t\t<a href=\"https:\/\/www.ketchum.com\/germany\/career-at-ketchum\/\" tabindex=\"0\" title=\"Wir suchen dich!\">\n\t\t\t\t\t\t\t\tWir suchen dich!\n\t\t\t\t\t\t\t<\/a>\n\t\t\t\t\t\t<\/span>\n\t\t\t\t\t<\/div>\n\t\t\t\t\n\t\t\t<\/div>\n\t\t<\/div>\n\t<\/div>\n<\/section>\n\n\n<div style=\"height:50px\" aria-hidden=\"true\" class=\"wp-block-spacer ketchum-timber-desktop-only\"><\/div>\n\n\n\n<section class=\"content-box   alignwide ketchum-timber-content-box\">\n\t<div class=\"container\">\n\t\t\n\t\t<div class=\"ketchum-timber-content-box-content\">\n\t\t\t<div class=\"col-xs-12 col-sm-12 col-md-6 col-lg-6 p-0\">\n\n\t\t\t\t\t\t\t\t\t<img decoding=\"async\" src=\"https:\/\/www.ketchum.com\/germany\/wp-content\/uploads\/sites\/5\/2022\/04\/carrers-image-3.jpeg\" alt=\"Women exercise yoga while her baby son exploring living room\">\n\t\t\t\t\n\t\t\t<\/div>\n\t\t\t<div class=\"col-xs-12 col-sm-12 col-md-6 col-lg-6 ketchum-timber-content-box-right\">\n\t\t\t\n\t\t\t\t<h4 class=\"ketchum-timber-bold\">\n\t\t\t\t\tUnsere Benefits\n\t\t\t\t<\/h4>\n\t\t\t\t<p class=\"ketchum-timber-p2\">\n\t\t\t\t\tNeben supersymphatischen Kundenteams, aufregenden Projekten und inspirierenden Kund:innen, bieten wir dir auch <b>jede Menge Benefits<\/b>, die das Leben in und neben der Agentur jeden Tag ein kleines bisschen sch\u00f6ner gestalten. Profitiere von 24\/7 Lern- und Entwicklungsm\u00f6glichkeiten im Rahmen der <b>Ketchum University<\/b>, fordere dich k\u00f6rperlich selbst bei den Aktiv-Angeboten von <b>Wellbeing@Ketchum<\/b> oder der Fitnessstudio Kooperation mit Urban Sports Club heraus, fahre mit dem <b>JobRad<\/b> zum Office oder durchst\u00f6bere die Vielzahl der Angebote unserer externen Partner:innen, z.B. heynanny f\u00fcr die Vermittlung pers\u00f6nlicher Betreuung. Zum Shoppen gibt es jeden Monat ein <b>pers\u00f6nliches, steuerfreies Guthaben<\/b> auf deiner EdenRed-Karte. Und bei <b>Vertrauensarbeitszeit und Mobile Working, 30 Tagen Urlaub<\/b> im Jahr plus Sonderurlaubstagen und der Option auf <b>EU-weites Workation@Ketchum<\/b> bleibt gen\u00fcgend Zeit, die Welt au\u00dferhalb der Agentur zu erleben. Mit unserem Partner Voiio bieten wir dar\u00fcber hinaus <b>digitale Kinderbetreuung und Lernf\u00f6rderung<\/b> sowie vertrauliche Beratungs- und Unterst\u00fctzungsleistungen. Unser <b>Employee Assistance Program<\/b> bietet auch in schwierigen Lebensphasen Unterst\u00fctzung &#8211; schnell, unkompliziert und nat\u00fcrlich anonym.\n\t\t\t\t<\/p>\n\t\t\t\t\t\t\t\t\t<div class=\"ketchum-timber-link-underlined\">\n\t\t\t\t\t\t<span>\n\t\t\t\t\t\t\t<a href=\"https:\/\/www.ketchum.com\/germany\/careers\/learning-und-benefits\/\" tabindex=\"0\" title=\"Mehr zu unserem Traineeship, unserem Trainingsprogramm und unseren Benefits\">\n\t\t\t\t\t\t\t\tMehr zu unserem Traineeship, unserem Trainingsprogramm und unseren Benefits\n\t\t\t\t\t\t\t<\/a>\n\t\t\t\t\t\t<\/span>\n\t\t\t\t\t<\/div>\n\t\t\t\t\n\t\t\t<\/div>\n\t\t<\/div>\n\t<\/div>\n<\/section>\n\n\n<div style=\"height:100px\" aria-hidden=\"true\" class=\"wp-block-spacer ketchum-timber-desktop-only\"><\/div>\n\n\n\n<section class=\"quote   alignwide ketchum-timber-quote\">\n\t<div class=\"ketchum-timber-quote-background\">\n\t\t<div class=\"container\">\n\t\t\t<div class=\"row\">\n\t\n\t\t\t\t\t<div class=\"col-12 col-lg-7\">\n\t\t\t\t\t\t<div class=\"ketchum-timber-quote-content\">\n\t\t\t\t\t\t\t<h4 class=\"ketchum-timber-bold ketchum-timber-color-white\">\n\t\t\t\t\t\t\t\t\u201eWork that matters\u201c \u2013 das ist unser Anspruch bei Ketchum. Wir wollen einen Unterschied machen. Und das tun wir auch: in standort\u00fcbergreifenden Teams, mit datenbasierten Strategien und mit kreativen Ideen. Jede Perspektive, jeder Einfall, jede Diskussion ist dabei willkommen \u2013 denn genau diese Vielfalt macht unser Ketchum-Team aus.\n\t\t\t\t\t\t\t<\/h4>\n\t\t\t\n\t\t\t\t\t\t\t\t\t\t\t\t\t\t<p class=\"ketchum-timber-p1 ketchum-timber-color-white\">\n\t\t\t\t\t\t\t\t<span class=\"ketchum-timber-bold\">\n\t\t\t\t\t\t\t\t\t\n\t\t\t\t\t\t\t\t<\/span>\n\t\t\t\t\t\t\t\t<br>\n\t\t\t\t\t\t\t\t\n\t\t\t\t\t\t\t\t<br>\n\t\t\t\t\t\t\t\t\n\t\t\t\t\t\t\t<\/p>\n\t\t\t\t\t\t<\/div>\n\t\t\t\t\t<\/div>\n\t\t\t\t\t\n\t\t\t\t\t<div class=\"col-12 col-lg-5\">\n\t\t\t\t\t\t<div class=\"ketchum-timber-quote-photo\">\n\t\t\t\t\t\t\t<img decoding=\"async\" src=\"\" alt=\"\">\n\t\t\t\t\t\t<\/div>\n\t\t\t\t\t<\/div>\n\t\t\t\t\n\t\t\t<\/div>\n\t\t<\/div>\n\t<\/div>\n<\/section>","protected":false},"excerpt":{"rendered":"","protected":false},"author":3,"featured_media":0,"parent":0,"menu_order":0,"comment_status":"closed","ping_status":"closed","template":"","meta":{"_acf_changed":false,"footnotes":""},"class_list":["post-7","page","type-page","status-publish","hentry"],"acf":[],"yoast_head":"<!-- This site is optimized with the Yoast SEO plugin v27.3 - https:\/\/yoast.com\/product\/yoast-seo-wordpress\/ -->\n<title>Careers | Ketchum \u2013 Eine f\u00fchrende Agentur f\u00fcr Reputation, Markenkommunikation und Transformation<\/title>\n<meta name=\"description\" content=\"Ketchum ist eine der f\u00fchrenden Kommunikationsberatungen. Ketchum versteht sich als strategischer und operativer Partner der Kund:innen beim Auf- und Ausbau ihrer Marken und ihrer Reputation bei Medien, Influencer:innen und Konsument:innen, bei der Eroberung neuer M\u00e4rkte, bei dynamischen Ver\u00e4nderungsprozessen und in der Digitalen Transformation, bei der Bew\u00e4ltigung von Krisen sowie bei gesellschaftlichen und politischen Gestaltungsaufgaben.\" \/>\n<meta name=\"robots\" content=\"index, follow, max-snippet:-1, max-image-preview:large, max-video-preview:-1\" \/>\n<link rel=\"canonical\" href=\"https:\/\/www.ketchum.com\/germany\/careers\/\" \/>\n<meta property=\"og:locale\" content=\"de_DE\" \/>\n<meta property=\"og:type\" content=\"article\" \/>\n<meta property=\"og:title\" content=\"Careers | Ketchum \u2013 Eine f\u00fchrende Agentur f\u00fcr Reputation, Markenkommunikation und Transformation\" \/>\n<meta property=\"og:description\" content=\"Ketchum ist eine der f\u00fchrenden Kommunikationsberatungen. Ketchum versteht sich als strategischer und operativer Partner der Kund:innen beim Auf- und Ausbau ihrer Marken und ihrer Reputation bei Medien, Influencer:innen und Konsument:innen, bei der Eroberung neuer M\u00e4rkte, bei dynamischen Ver\u00e4nderungsprozessen und in der Digitalen Transformation, bei der Bew\u00e4ltigung von Krisen sowie bei gesellschaftlichen und politischen Gestaltungsaufgaben.\" \/>\n<meta property=\"og:url\" content=\"https:\/\/www.ketchum.com\/germany\/careers\/\" \/>\n<meta property=\"og:site_name\" content=\"Ketchum Germany\" \/>\n<meta property=\"article:modified_time\" content=\"2024-03-04T13:07:16+00:00\" \/>\n<meta name=\"twitter:card\" content=\"summary_large_image\" \/>\n<script type=\"application\/ld+json\" class=\"yoast-schema-graph\">{\"@context\":\"https:\\\/\\\/schema.org\",\"@graph\":[{\"@type\":\"WebPage\",\"@id\":\"https:\\\/\\\/www.ketchum.com\\\/germany\\\/careers\\\/\",\"url\":\"https:\\\/\\\/www.ketchum.com\\\/germany\\\/careers\\\/\",\"name\":\"Careers | Ketchum \u2013 Eine f\u00fchrende Agentur f\u00fcr Reputation, Markenkommunikation und Transformation\",\"isPartOf\":{\"@id\":\"https:\\\/\\\/www.ketchum.com\\\/germany\\\/#website\"},\"datePublished\":\"2022-02-14T17:09:40+00:00\",\"dateModified\":\"2024-03-04T13:07:16+00:00\",\"description\":\"Ketchum ist eine der f\u00fchrenden Kommunikationsberatungen. Ketchum versteht sich als strategischer und operativer Partner der Kund:innen beim Auf- und Ausbau ihrer Marken und ihrer Reputation bei Medien, Influencer:innen und Konsument:innen, bei der Eroberung neuer M\u00e4rkte, bei dynamischen Ver\u00e4nderungsprozessen und in der Digitalen Transformation, bei der Bew\u00e4ltigung von Krisen sowie bei gesellschaftlichen und politischen Gestaltungsaufgaben.\",\"breadcrumb\":{\"@id\":\"https:\\\/\\\/www.ketchum.com\\\/germany\\\/careers\\\/#breadcrumb\"},\"inLanguage\":\"de-DE\",\"potentialAction\":[{\"@type\":\"ReadAction\",\"target\":[\"https:\\\/\\\/www.ketchum.com\\\/germany\\\/careers\\\/\"]}]},{\"@type\":\"BreadcrumbList\",\"@id\":\"https:\\\/\\\/www.ketchum.com\\\/germany\\\/careers\\\/#breadcrumb\",\"itemListElement\":[{\"@type\":\"ListItem\",\"position\":1,\"name\":\"Home\",\"item\":\"https:\\\/\\\/www.ketchum.com\\\/germany\\\/\"},{\"@type\":\"ListItem\",\"position\":2,\"name\":\"Careers\"}]},{\"@type\":\"WebSite\",\"@id\":\"https:\\\/\\\/www.ketchum.com\\\/germany\\\/#website\",\"url\":\"https:\\\/\\\/www.ketchum.com\\\/germany\\\/\",\"name\":\"Ketchum Germany\",\"description\":\"Ketchum ist eine der f\u00fchrenden Kommunikationsberatungen. Ketchum versteht sich als strategischer und operativer Partner der Kund:innen beim Auf- und Ausbau ihrer Marken und ihrer Reputation bei Medien, Influencer:innen und Konsument:innen, bei der Eroberung neuer M\u00e4rkte, bei dynamischen Ver\u00e4nderungsprozessen und in der Digitalen Transformation, bei der Bew\u00e4ltigung von Krisen sowie bei gesellschaftlichen und politischen Gestaltungsaufgaben.\",\"potentialAction\":[{\"@type\":\"SearchAction\",\"target\":{\"@type\":\"EntryPoint\",\"urlTemplate\":\"https:\\\/\\\/www.ketchum.com\\\/germany\\\/?s={search_term_string}\"},\"query-input\":{\"@type\":\"PropertyValueSpecification\",\"valueRequired\":true,\"valueName\":\"search_term_string\"}}],\"inLanguage\":\"de-DE\"}]}<\/script>\n<!-- \/ Yoast SEO plugin. -->","yoast_head_json":{"title":"Careers | Ketchum \u2013 Eine f\u00fchrende Agentur f\u00fcr Reputation, Markenkommunikation und Transformation","description":"Ketchum ist eine der f\u00fchrenden Kommunikationsberatungen. Ketchum versteht sich als strategischer und operativer Partner der Kund:innen beim Auf- und Ausbau ihrer Marken und ihrer Reputation bei Medien, Influencer:innen und Konsument:innen, bei der Eroberung neuer M\u00e4rkte, bei dynamischen Ver\u00e4nderungsprozessen und in der Digitalen Transformation, bei der Bew\u00e4ltigung von Krisen sowie bei gesellschaftlichen und politischen Gestaltungsaufgaben.","robots":{"index":"index","follow":"follow","max-snippet":"max-snippet:-1","max-image-preview":"max-image-preview:large","max-video-preview":"max-video-preview:-1"},"canonical":"https:\/\/www.ketchum.com\/germany\/careers\/","og_locale":"de_DE","og_type":"article","og_title":"Careers | Ketchum \u2013 Eine f\u00fchrende Agentur f\u00fcr Reputation, Markenkommunikation und Transformation","og_description":"Ketchum ist eine der f\u00fchrenden Kommunikationsberatungen. Ketchum versteht sich als strategischer und operativer Partner der Kund:innen beim Auf- und Ausbau ihrer Marken und ihrer Reputation bei Medien, Influencer:innen und Konsument:innen, bei der Eroberung neuer M\u00e4rkte, bei dynamischen Ver\u00e4nderungsprozessen und in der Digitalen Transformation, bei der Bew\u00e4ltigung von Krisen sowie bei gesellschaftlichen und politischen Gestaltungsaufgaben.","og_url":"https:\/\/www.ketchum.com\/germany\/careers\/","og_site_name":"Ketchum Germany","article_modified_time":"2024-03-04T13:07:16+00:00","twitter_card":"summary_large_image","schema":{"@context":"https:\/\/schema.org","@graph":[{"@type":"WebPage","@id":"https:\/\/www.ketchum.com\/germany\/careers\/","url":"https:\/\/www.ketchum.com\/germany\/careers\/","name":"Careers | Ketchum \u2013 Eine f\u00fchrende Agentur f\u00fcr Reputation, Markenkommunikation und Transformation","isPartOf":{"@id":"https:\/\/www.ketchum.com\/germany\/#website"},"datePublished":"2022-02-14T17:09:40+00:00","dateModified":"2024-03-04T13:07:16+00:00","description":"Ketchum ist eine der f\u00fchrenden Kommunikationsberatungen. Ketchum versteht sich als strategischer und operativer Partner der Kund:innen beim Auf- und Ausbau ihrer Marken und ihrer Reputation bei Medien, Influencer:innen und Konsument:innen, bei der Eroberung neuer M\u00e4rkte, bei dynamischen Ver\u00e4nderungsprozessen und in der Digitalen Transformation, bei der Bew\u00e4ltigung von Krisen sowie bei gesellschaftlichen und politischen Gestaltungsaufgaben.","breadcrumb":{"@id":"https:\/\/www.ketchum.com\/germany\/careers\/#breadcrumb"},"inLanguage":"de-DE","potentialAction":[{"@type":"ReadAction","target":["https:\/\/www.ketchum.com\/germany\/careers\/"]}]},{"@type":"BreadcrumbList","@id":"https:\/\/www.ketchum.com\/germany\/careers\/#breadcrumb","itemListElement":[{"@type":"ListItem","position":1,"name":"Home","item":"https:\/\/www.ketchum.com\/germany\/"},{"@type":"ListItem","position":2,"name":"Careers"}]},{"@type":"WebSite","@id":"https:\/\/www.ketchum.com\/germany\/#website","url":"https:\/\/www.ketchum.com\/germany\/","name":"Ketchum Germany","description":"Ketchum ist eine der f\u00fchrenden Kommunikationsberatungen. Ketchum versteht sich als strategischer und operativer Partner der Kund:innen beim Auf- und Ausbau ihrer Marken und ihrer Reputation bei Medien, Influencer:innen und Konsument:innen, bei der Eroberung neuer M\u00e4rkte, bei dynamischen Ver\u00e4nderungsprozessen und in der Digitalen Transformation, bei der Bew\u00e4ltigung von Krisen sowie bei gesellschaftlichen und politischen Gestaltungsaufgaben.","potentialAction":[{"@type":"SearchAction","target":{"@type":"EntryPoint","urlTemplate":"https:\/\/www.ketchum.com\/germany\/?s={search_term_string}"},"query-input":{"@type":"PropertyValueSpecification","valueRequired":true,"valueName":"search_term_string"}}],"inLanguage":"de-DE"}]}},"featured_image_src":null,"featured_image_src_square":null,"_links":{"self":[{"href":"https:\/\/www.ketchum.com\/germany\/wp-json\/wp\/v2\/pages\/7","targetHints":{"allow":["GET"]}}],"collection":[{"href":"https:\/\/www.ketchum.com\/germany\/wp-json\/wp\/v2\/pages"}],"about":[{"href":"https:\/\/www.ketchum.com\/germany\/wp-json\/wp\/v2\/types\/page"}],"author":[{"embeddable":true,"href":"https:\/\/www.ketchum.com\/germany\/wp-json\/wp\/v2\/users\/3"}],"replies":[{"embeddable":true,"href":"https:\/\/www.ketchum.com\/germany\/wp-json\/wp\/v2\/comments?post=7"}],"version-history":[{"count":0,"href":"https:\/\/www.ketchum.com\/germany\/wp-json\/wp\/v2\/pages\/7\/revisions"}],"wp:attachment":[{"href":"https:\/\/www.ketchum.com\/germany\/wp-json\/wp\/v2\/media?parent=7"}],"curies":[{"name":"wp","href":"https:\/\/api.w.org\/{rel}","templated":true}]}}