{"id":5091,"date":"2026-03-10T11:23:03","date_gmt":"2026-03-10T11:23:03","guid":{"rendered":"https:\/\/www.ketchum.com\/germany\/?page_id=5091"},"modified":"2026-03-30T10:39:50","modified_gmt":"2026-03-30T10:39:50","slug":"ketchum-lunchlearn","status":"publish","type":"page","link":"https:\/\/www.ketchum.com\/germany\/ketchum-lunchlearn\/","title":{"rendered":"Ketchum Lunch&#038;Learn"},"content":{"rendered":"\n<!-- Hintergrundbild ausgeblendet via Kommentar\n\n<style>\nbody::before {\n  content: \"\";\n  position: fixed;\n  inset: 0;\n  background-image: url('https:\/\/www.ketchum.com\/germany\/wp-content\/uploads\/sites\/5\/2026\/02\/GEO-Playbook_Hintergrundgrafik_Web.png');\n  background-size: cover;\n  background-position: center;\n  background-attachment: fixed;\n  z-index: -1;\n  pointer-events: none;\n}\n<\/style>\n\n-->\n\n\n\n<!-- Sticky Menue wp:html -->\n<section id=\"services\">\n    <div class=\"container\" style=\"max-width: 200px; padding: 0px; margin-left:auto;\">\n        <div class=\"row\" style=\"background-color: transparent; justify-content:flex-end;\">\n            <div class=\"sticky-container\" style=\"background-color: transparent; box-shadow: none; text-align:right; position:fixed; top:300px; right:0px; z-index:999;\">\n                \n                <a href=\"#anmeldung\">\n                    <img decoding=\"async\" src=\"https:\/\/www.ketchum.com\/germany\/wp-content\/uploads\/sites\/5\/2026\/03\/Ket-GER_LunchLearn_Anmeldebutton.png\" \n                         alt=\"Jetzt kostenlos anmelden\" \n                         style=\"width:250px; margin:10px 0; display:block;\">\n                <\/a>\n\n            <\/div>\n        <\/div>\n    <\/div>\n<\/section>\n\n\n\n<div class=\"wp-block-genesis-blocks-gb-columns gb-layout-columns-1 one-column\"><div class=\"gb-layout-column-wrap gb-block-layout-column-gap-2 gb-is-responsive-column\">\n<div class=\"wp-block-genesis-blocks-gb-column gb-block-layout-column\"><div class=\"gb-block-layout-column-inner\">\n<div style=\"\n  background-color:#F6D696;\n  width:100%;\n  padding:60px 20px;\n\">\n\n  <figure class=\"wp-block-image size-large\" style=\"\n    margin:0 auto;\n    text-align:center;\n    max-width:1400px;\n  \">\n    \n    <img decoding=\"async\" \n      src=\"https:\/\/www.ketchum.com\/germany\/wp-content\/uploads\/sites\/5\/2026\/03\/Ket-LunchLearn_Signet_1920x719.png\"\n      alt=\"\"\n      class=\"wp-image-4891\"\n      style=\"\n        width:50%;\n        height:auto;\n        display:block;\n        margin:0 auto;\n      \"\n    \/>\n\n  <\/figure>\n\n<\/div>\n<\/div><\/div>\n<\/div><\/div>\n\n\n\n<div style=\"height:25px;\"><\/div>\n\n\n\n<div class=\"wp-block-genesis-blocks-gb-columns gb-layout-columns-3 gb-3-col-widecenter\"><div class=\"gb-layout-column-wrap gb-block-layout-column-gap-2 gb-is-responsive-column\">\n<div class=\"wp-block-genesis-blocks-gb-column gb-block-layout-column\"><div class=\"gb-block-layout-column-inner\">\n<p><\/p>\n<\/div><\/div>\n\n\n\n<div class=\"wp-block-genesis-blocks-gb-column gb-block-layout-column\"><div class=\"gb-block-layout-column-inner\">\n<h2>GEO statt SEO: Wie KI die Sichtbarkeit von Marken ver\u00e4ndert<\/h2>\n\n<p>Mit Ketchum Lunch &#038; Learn schaffen wir ein kompaktes Format f\u00fcr Kommunikations- und Marketingverantwortliche, die aktuelle Entwicklungen verstehen und einordnen m\u00f6chten \u2013 direkt aus der Praxis.<\/p>\n\n<p>In der ersten Ausgabe widmen wir uns einem Thema, das Kommunikation aktuell grundlegend ver\u00e4ndert: Generative Engine Optimization (GEO).<\/p>\n\n<p>Generative KI-Systeme ver\u00e4ndern, wie Informationen gefunden, bewertet und weitergegeben werden. Marken werden zunehmend nicht mehr \u00fcber Suchergebnisse wahrgenommen, sondern \u00fcber KI-generierte Antworten und Einordnungen.<\/p>\n\n<p>Damit verschiebt sich auch die Frage nach Sichtbarkeit:\nNicht mehr nur Wer wird gefunden?, sondern zunehmend Wer wird von KI genannt, erkl\u00e4rt und eingeordnet?<\/p>\n\n<p><h4>In diesem Lunch &#038; Learn zeigen wir:<\/h4><\/p>\n<ul>\n<li>Wie generative KI-Systeme Informationen ausw\u00e4hlen und darstellen.<\/li>\n<li>Welche Faktoren dar\u00fcber entscheiden, ob Marken in KI-Antworten erscheinen.<\/li>\n<li>Warum GEO zu einem zentralen Bestandteil moderner Kommunikationsstrategien wird.<\/li>\n<li>Wie Unternehmen ihre Sichtbarkeit und Reputation im AI-Layer aktiv gestalten k\u00f6nnen.<\/li>\n<\/div><\/div>\n\n\n\n<div class=\"wp-block-genesis-blocks-gb-column gb-block-layout-column\"><div class=\"gb-block-layout-column-inner\">\n<p><\/p>\n<\/div><\/div>\n<\/div><\/div>\n\n\n\n<div style=\"height:25px;\"><\/div>\n\n\n\n<div class=\"wp-block-genesis-blocks-gb-columns gb-layout-columns-3 gb-3-col-widecenter\"><div class=\"gb-layout-column-wrap gb-block-layout-column-gap-2 gb-is-responsive-column\">\n<div class=\"wp-block-genesis-blocks-gb-column gb-block-layout-column\"><div class=\"gb-block-layout-column-inner\">\n<p><\/p>\n<\/div><\/div>\n\n\n\n<div class=\"wp-block-genesis-blocks-gb-column gb-block-layout-column\"><div class=\"gb-block-layout-column-inner\">\n<div style=\"background: #CDE3F1; padding: 24px; border-radius: 8px;\">\n\n<h4>Eventdetails<\/h4>\n\n<p><strong>Datum:<\/strong> Dienstag, 24. M\u00e4rz 2026<br>\n<strong>Zeit:<\/strong> 12:00 \u2013 13:00 Uhr<br>\n<strong>Format:<\/strong> Online via Microsoft Teams<\/p>\n\n<p>Den Zugangslink erhalten Sie nach erfolgreicher Anmeldung.<\/p>\n\n<\/div>\n<\/div><\/div>\n\n\n\n<div class=\"wp-block-genesis-blocks-gb-column gb-block-layout-column\"><div class=\"gb-block-layout-column-inner\">\n<p><\/p>\n<\/div><\/div>\n<\/div><\/div>\n\n\n\n<div style=\"height:25px;\"><\/div>\n\n\n\n<div class=\"wp-block-genesis-blocks-gb-columns gb-layout-columns-3 gb-3-col-widecenter\"><div class=\"gb-layout-column-wrap gb-block-layout-column-gap-2 gb-is-responsive-column\">\n<div class=\"wp-block-genesis-blocks-gb-column gb-block-layout-column\"><div class=\"gb-block-layout-column-inner\">\n<p><\/p>\n<\/div><\/div>\n\n\n\n<div class=\"wp-block-genesis-blocks-gb-column gb-block-layout-column\"><div class=\"gb-block-layout-column-inner\">\n<h4>Speaker<\/h4>\n<\/div><\/div>\n\n\n\n<div class=\"wp-block-genesis-blocks-gb-column gb-block-layout-column\"><div class=\"gb-block-layout-column-inner\">\n<p><\/p>\n<\/div><\/div>\n<\/div><\/div>\n\n\n\n<div class=\"wp-block-genesis-blocks-gb-columns gb-layout-columns-3 gb-3-col-widecenter\"><div class=\"gb-layout-column-wrap gb-block-layout-column-gap-2 gb-is-responsive-column\">\n<div class=\"wp-block-genesis-blocks-gb-column gb-block-layout-column\"><div class=\"gb-block-layout-column-inner\">\n<p><\/p>\n<\/div><\/div>\n\n\n\n<div class=\"wp-block-genesis-blocks-gb-column gb-block-layout-column\"><div class=\"gb-block-layout-column-inner\">\n<div class=\"wp-block-genesis-blocks-gb-columns gb-layout-columns-2 gb-2-col-equal\"><div class=\"gb-layout-column-wrap gb-block-layout-column-gap-2 gb-is-responsive-column\">\n<div class=\"wp-block-genesis-blocks-gb-column gb-block-layout-column\"><div class=\"gb-block-layout-column-inner\">\n<div style=\"text-align:center; margin-bottom:15px;\">\n  <img decoding=\"async\" \n    src=\"https:\/\/www.ketchum.com\/germany\/wp-content\/uploads\/sites\/5\/2026\/03\/KET-GER_LunchLearn_Speaker_Hanna.png\" \n    alt=\"Hanna Wermeling\"\n    style=\"width:120px; height:auto; display:block; margin:0 auto; border-radius:50%;\">\n<\/div>\n\n<p style=\"text-align:center;\">\n<strong>Hanna Wermeling<\/strong><br>\nProjektmanagerin KI, Marketing Intelligence Unit<br>\nKetchum Germany\n<\/p>\n\n<p style=\"text-align:center;\">\nHanna Wermeling verbindet strategische Kommunikation mit technologischem Verst\u00e4ndnis und unterst\u00fctzt Unternehmen dabei, komplexe KI- und Automatisierungsthemen verst\u00e4ndlich zu vermitteln und sinnvoll in Kommunikations- und Gesch\u00e4ftsstrategien zu integrieren.\n<\/p>\n<\/div><\/div>\n\n\n\n<div class=\"wp-block-genesis-blocks-gb-column gb-block-layout-column\"><div class=\"gb-block-layout-column-inner\">\n<div style=\"text-align:center; margin-bottom:15px;\">\n  <img decoding=\"async\" \n    src=\"https:\/\/www.ketchum.com\/germany\/wp-content\/uploads\/sites\/5\/2026\/03\/KET-GER_LunchLearn_Speaker_Saugaat.png\" \n    alt=\"Saugaat Narula\"\n    style=\"width:120px; height:auto; display:block; margin:0 auto; border-radius:50%;\">\n<\/div>\n\n<p style=\"text-align:center;\">\n<strong>Saugaat Narula<\/strong><br>\nSenior Consultant AI &#038; Analytics<br>\nKetchum Austria\n<\/p>\n\n<p style=\"text-align:center;\">\nSaugaat Narula arbeitet an der Schnittstelle von Kommunikation, Datenanalyse und k\u00fcnstlicher Intelligenz und ber\u00e4t Organisationen bei der strategischen Nutzung von KI im Kommunikationskontext.\n<\/p>\n<\/div><\/div>\n<\/div><\/div>\n<\/div><\/div>\n\n\n\n<div class=\"wp-block-genesis-blocks-gb-column gb-block-layout-column\"><div class=\"gb-block-layout-column-inner\">\n<p><\/p>\n<\/div><\/div>\n<\/div><\/div>\n\n\n\n<div class=\"wp-block-genesis-blocks-gb-columns gb-layout-columns-3 gb-3-col-widecenter\"><div class=\"gb-layout-column-wrap gb-block-layout-column-gap-2 gb-is-responsive-column\">\n<div class=\"wp-block-genesis-blocks-gb-column gb-block-layout-column\"><div class=\"gb-block-layout-column-inner\">\n<p><\/p>\n<\/div><\/div>\n\n\n\n<div class=\"wp-block-genesis-blocks-gb-column gb-block-layout-column\"><div class=\"gb-block-layout-column-inner\">\n<a id=\"anmeldung\"><\/a>\n\n<h4>Dieses Lunch &#038; Learn ist abgeschlossen. Eine Anmeldung ist nicht mehr m\u00f6glich.\nDie n\u00e4chste Session kommt \u2013 mit neuen Perspektiven auf Kommunikation im AI-Zeitalter.<\/p>\n\n<!-- Typeform-Formular ausgeblendet, da Event vergangen\n<div data-tf-live=\"01KK9KRQKZCSDP8Y8BD8CQ2G6V\"><\/div>\n<script src=\"\/\/embed.typeform.com\/next\/embed.js\"><\/script>\n\n<p style=\"margin: 0px; font-size: 10px;\">Mit dem Absenden dieses Formulars erkl\u00e4ren Sie sich damit einverstanden, dass Ihre personenbezogenen Daten gem\u00e4\u00df den geltenden Datenschutzbestimmungen verarbeitet und gespeichert werden. Die von Ihnen angegebenen Daten werden ausschlie\u00dflich f\u00fcr die Bearbeitung Ihrer Anfrage sowie zu den nachfolgend genannten Zwecken verwendet und nicht ohne Ihre ausdr\u00fcckliche Zustimmung an Dritte weitergegeben.<\/p>\n\n<p style=\"margin: 0px; font-size: 10px;\">Zus\u00e4tzlich stimmen Sie zu, dass Ihre Daten gespeichert werden, um Sie zuk\u00fcnftig zu Werbezwecken kontaktieren zu k\u00f6nnen. Dies umfasst die Information \u00fcber Angebote, Produkte und Dienstleistungen unseres Unternehmens. Sie k\u00f6nnen Ihre Zustimmung zur Speicherung und Nutzung Ihrer Daten zu Werbezwecken jederzeit mit Wirkung f\u00fcr die Zukunft widerrufen.<\/p>\n\n<p style=\"margin: 0px; font-size: 10px;\">Sie haben jederzeit das Recht, Auskunft \u00fcber die gespeicherten Daten zu erhalten, diese zu berichtigen oder deren L\u00f6schung zu verlangen. Weitere Informationen zum Datenschutz und zu Ihren Rechten finden Sie in unserer<br>\n<a style=\"font-size: 10px;\" href=\"https:\/\/www.ketchum.com\/germany\/privacy-policy\/\" target=\"_blank\" rel=\"noopener\">Datenschutzerkl\u00e4rung<\/a>.<\/p>\n\n-->\n<\/div><\/div>\n\n\n\n<div class=\"wp-block-genesis-blocks-gb-column gb-block-layout-column\"><div class=\"gb-block-layout-column-inner\">\n<p><\/p>\n<\/div><\/div>\n<\/div><\/div>\n\n\n\n<div style=\"height:25px;\"><\/div>\n\n\n\n<div class=\"wp-block-genesis-blocks-gb-columns gb-layout-columns-1 one-column\"><div class=\"gb-layout-column-wrap gb-block-layout-column-gap-2 gb-is-responsive-column\">\n<div class=\"wp-block-genesis-blocks-gb-column gb-block-layout-column gb-is-vertically-aligned-top\"><div class=\"gb-block-layout-column-inner\">\n<p><\/p>\n<\/div><\/div>\n<\/div><\/div>\n\n\n\n<p><\/p>\n","protected":false},"excerpt":{"rendered":"GEO statt SEO: Wie KI die Sichtbarkeit von Marken ver\u00e4ndert Mit Ketchum Lunch & Learn schaffen wir ein kompaktes Format f\u00fcr Kommunikations- und Marketingverantwortliche, die aktuelle Entwicklungen verstehen und einordnen m\u00f6chten \u2013 direkt aus der Praxis. In der ersten Ausgabe widmen wir uns einem Thema, das Kommunikation aktuell grundlegend ver\u00e4ndert: Generative Engine Optimization (GEO). Generative [...]","protected":false},"author":675,"featured_media":0,"parent":0,"menu_order":0,"comment_status":"closed","ping_status":"closed","template":"","meta":{"_acf_changed":false,"footnotes":""},"class_list":["post-5091","page","type-page","status-publish","hentry"],"acf":[],"yoast_head":"<!-- This site is optimized with the Yoast SEO plugin v27.4 - https:\/\/yoast.com\/product\/yoast-seo-wordpress\/ -->\n<title>Ketchum Lunch&amp;Learn | Ketchum \u2013 Eine f\u00fchrende Agentur f\u00fcr Reputation, Markenkommunikation und Transformation<\/title>\n<meta name=\"description\" content=\"Ketchum ist eine der f\u00fchrenden Kommunikationsberatungen. Ketchum versteht sich als strategischer und operativer Partner der Kund:innen beim Auf- und Ausbau ihrer Marken und ihrer Reputation bei Medien, Influencer:innen und Konsument:innen, bei der Eroberung neuer M\u00e4rkte, bei dynamischen Ver\u00e4nderungsprozessen und in der Digitalen Transformation, bei der Bew\u00e4ltigung von Krisen sowie bei gesellschaftlichen und politischen Gestaltungsaufgaben.\" \/>\n<meta name=\"robots\" content=\"index, follow, max-snippet:-1, max-image-preview:large, max-video-preview:-1\" \/>\n<link rel=\"canonical\" href=\"https:\/\/www.ketchum.com\/germany\/ketchum-lunchlearn\/\" \/>\n<meta property=\"og:locale\" content=\"de_DE\" \/>\n<meta property=\"og:type\" content=\"article\" \/>\n<meta property=\"og:title\" content=\"Ketchum Lunch&amp;Learn | Ketchum \u2013 Eine f\u00fchrende Agentur f\u00fcr Reputation, Markenkommunikation und Transformation\" \/>\n<meta property=\"og:description\" content=\"Ketchum ist eine der f\u00fchrenden Kommunikationsberatungen. Ketchum versteht sich als strategischer und operativer Partner der Kund:innen beim Auf- und Ausbau ihrer Marken und ihrer Reputation bei Medien, Influencer:innen und Konsument:innen, bei der Eroberung neuer M\u00e4rkte, bei dynamischen Ver\u00e4nderungsprozessen und in der Digitalen Transformation, bei der Bew\u00e4ltigung von Krisen sowie bei gesellschaftlichen und politischen Gestaltungsaufgaben.\" \/>\n<meta property=\"og:url\" content=\"https:\/\/www.ketchum.com\/germany\/ketchum-lunchlearn\/\" \/>\n<meta property=\"og:site_name\" content=\"Ketchum Germany\" \/>\n<meta property=\"article:modified_time\" content=\"2026-03-30T10:39:50+00:00\" \/>\n<meta property=\"og:image\" content=\"https:\/\/www.ketchum.com\/germany\/wp-content\/uploads\/sites\/5\/2026\/03\/Ket-GER_LunchLearn_Anmeldebutton.png\" \/>\n<meta name=\"twitter:card\" content=\"summary_large_image\" \/>\n<meta name=\"twitter:label1\" content=\"Est. reading time\" \/>\n\t<meta name=\"twitter:data1\" content=\"2 minutes\" \/>\n<script type=\"application\/ld+json\" class=\"yoast-schema-graph\">{\"@context\":\"https:\\\/\\\/schema.org\",\"@graph\":[{\"@type\":\"WebPage\",\"@id\":\"https:\\\/\\\/www.ketchum.com\\\/germany\\\/ketchum-lunchlearn\\\/\",\"url\":\"https:\\\/\\\/www.ketchum.com\\\/germany\\\/ketchum-lunchlearn\\\/\",\"name\":\"Ketchum Lunch&Learn | Ketchum \u2013 Eine f\u00fchrende Agentur f\u00fcr Reputation, Markenkommunikation und Transformation\",\"isPartOf\":{\"@id\":\"https:\\\/\\\/www.ketchum.com\\\/germany\\\/#website\"},\"primaryImageOfPage\":{\"@id\":\"https:\\\/\\\/www.ketchum.com\\\/germany\\\/ketchum-lunchlearn\\\/#primaryimage\"},\"image\":{\"@id\":\"https:\\\/\\\/www.ketchum.com\\\/germany\\\/ketchum-lunchlearn\\\/#primaryimage\"},\"thumbnailUrl\":\"https:\\\/\\\/www.ketchum.com\\\/germany\\\/wp-content\\\/uploads\\\/sites\\\/5\\\/2026\\\/03\\\/Ket-GER_LunchLearn_Anmeldebutton.png\",\"datePublished\":\"2026-03-10T11:23:03+00:00\",\"dateModified\":\"2026-03-30T10:39:50+00:00\",\"description\":\"Ketchum ist eine der f\u00fchrenden Kommunikationsberatungen. Ketchum versteht sich als strategischer und operativer Partner der Kund:innen beim Auf- und Ausbau ihrer Marken und ihrer Reputation bei Medien, Influencer:innen und Konsument:innen, bei der Eroberung neuer M\u00e4rkte, bei dynamischen Ver\u00e4nderungsprozessen und in der Digitalen Transformation, bei der Bew\u00e4ltigung von Krisen sowie bei gesellschaftlichen und politischen Gestaltungsaufgaben.\",\"breadcrumb\":{\"@id\":\"https:\\\/\\\/www.ketchum.com\\\/germany\\\/ketchum-lunchlearn\\\/#breadcrumb\"},\"inLanguage\":\"de-DE\",\"potentialAction\":[{\"@type\":\"ReadAction\",\"target\":[\"https:\\\/\\\/www.ketchum.com\\\/germany\\\/ketchum-lunchlearn\\\/\"]}]},{\"@type\":\"ImageObject\",\"inLanguage\":\"de-DE\",\"@id\":\"https:\\\/\\\/www.ketchum.com\\\/germany\\\/ketchum-lunchlearn\\\/#primaryimage\",\"url\":\"https:\\\/\\\/www.ketchum.com\\\/germany\\\/wp-content\\\/uploads\\\/sites\\\/5\\\/2026\\\/03\\\/Ket-GER_LunchLearn_Anmeldebutton.png\",\"contentUrl\":\"https:\\\/\\\/www.ketchum.com\\\/germany\\\/wp-content\\\/uploads\\\/sites\\\/5\\\/2026\\\/03\\\/Ket-GER_LunchLearn_Anmeldebutton.png\",\"width\":1262,\"height\":604},{\"@type\":\"BreadcrumbList\",\"@id\":\"https:\\\/\\\/www.ketchum.com\\\/germany\\\/ketchum-lunchlearn\\\/#breadcrumb\",\"itemListElement\":[{\"@type\":\"ListItem\",\"position\":1,\"name\":\"Home\",\"item\":\"https:\\\/\\\/www.ketchum.com\\\/germany\\\/\"},{\"@type\":\"ListItem\",\"position\":2,\"name\":\"Ketchum Lunch&#038;Learn\"}]},{\"@type\":\"WebSite\",\"@id\":\"https:\\\/\\\/www.ketchum.com\\\/germany\\\/#website\",\"url\":\"https:\\\/\\\/www.ketchum.com\\\/germany\\\/\",\"name\":\"Ketchum Germany\",\"description\":\"Ketchum ist eine der f\u00fchrenden Kommunikationsberatungen. Ketchum versteht sich als strategischer und operativer Partner der Kund:innen beim Auf- und Ausbau ihrer Marken und ihrer Reputation bei Medien, Influencer:innen und Konsument:innen, bei der Eroberung neuer M\u00e4rkte, bei dynamischen Ver\u00e4nderungsprozessen und in der Digitalen Transformation, bei der Bew\u00e4ltigung von Krisen sowie bei gesellschaftlichen und politischen Gestaltungsaufgaben.\",\"potentialAction\":[{\"@type\":\"SearchAction\",\"target\":{\"@type\":\"EntryPoint\",\"urlTemplate\":\"https:\\\/\\\/www.ketchum.com\\\/germany\\\/?s={search_term_string}\"},\"query-input\":{\"@type\":\"PropertyValueSpecification\",\"valueRequired\":true,\"valueName\":\"search_term_string\"}}],\"inLanguage\":\"de-DE\"}]}<\/script>\n<!-- \/ Yoast SEO plugin. -->","yoast_head_json":{"title":"Ketchum Lunch&Learn | Ketchum \u2013 Eine f\u00fchrende Agentur f\u00fcr Reputation, Markenkommunikation und Transformation","description":"Ketchum ist eine der f\u00fchrenden Kommunikationsberatungen. Ketchum versteht sich als strategischer und operativer Partner der Kund:innen beim Auf- und Ausbau ihrer Marken und ihrer Reputation bei Medien, Influencer:innen und Konsument:innen, bei der Eroberung neuer M\u00e4rkte, bei dynamischen Ver\u00e4nderungsprozessen und in der Digitalen Transformation, bei der Bew\u00e4ltigung von Krisen sowie bei gesellschaftlichen und politischen Gestaltungsaufgaben.","robots":{"index":"index","follow":"follow","max-snippet":"max-snippet:-1","max-image-preview":"max-image-preview:large","max-video-preview":"max-video-preview:-1"},"canonical":"https:\/\/www.ketchum.com\/germany\/ketchum-lunchlearn\/","og_locale":"de_DE","og_type":"article","og_title":"Ketchum Lunch&Learn | Ketchum \u2013 Eine f\u00fchrende Agentur f\u00fcr Reputation, Markenkommunikation und Transformation","og_description":"Ketchum ist eine der f\u00fchrenden Kommunikationsberatungen. Ketchum versteht sich als strategischer und operativer Partner der Kund:innen beim Auf- und Ausbau ihrer Marken und ihrer Reputation bei Medien, Influencer:innen und Konsument:innen, bei der Eroberung neuer M\u00e4rkte, bei dynamischen Ver\u00e4nderungsprozessen und in der Digitalen Transformation, bei der Bew\u00e4ltigung von Krisen sowie bei gesellschaftlichen und politischen Gestaltungsaufgaben.","og_url":"https:\/\/www.ketchum.com\/germany\/ketchum-lunchlearn\/","og_site_name":"Ketchum Germany","article_modified_time":"2026-03-30T10:39:50+00:00","og_image":[{"url":"https:\/\/www.ketchum.com\/germany\/wp-content\/uploads\/sites\/5\/2026\/03\/Ket-GER_LunchLearn_Anmeldebutton.png","type":"","width":"","height":""}],"twitter_card":"summary_large_image","twitter_misc":{"Est. reading time":"2 minutes"},"schema":{"@context":"https:\/\/schema.org","@graph":[{"@type":"WebPage","@id":"https:\/\/www.ketchum.com\/germany\/ketchum-lunchlearn\/","url":"https:\/\/www.ketchum.com\/germany\/ketchum-lunchlearn\/","name":"Ketchum Lunch&Learn | Ketchum \u2013 Eine f\u00fchrende Agentur f\u00fcr Reputation, Markenkommunikation und Transformation","isPartOf":{"@id":"https:\/\/www.ketchum.com\/germany\/#website"},"primaryImageOfPage":{"@id":"https:\/\/www.ketchum.com\/germany\/ketchum-lunchlearn\/#primaryimage"},"image":{"@id":"https:\/\/www.ketchum.com\/germany\/ketchum-lunchlearn\/#primaryimage"},"thumbnailUrl":"https:\/\/www.ketchum.com\/germany\/wp-content\/uploads\/sites\/5\/2026\/03\/Ket-GER_LunchLearn_Anmeldebutton.png","datePublished":"2026-03-10T11:23:03+00:00","dateModified":"2026-03-30T10:39:50+00:00","description":"Ketchum ist eine der f\u00fchrenden Kommunikationsberatungen. Ketchum versteht sich als strategischer und operativer Partner der Kund:innen beim Auf- und Ausbau ihrer Marken und ihrer Reputation bei Medien, Influencer:innen und Konsument:innen, bei der Eroberung neuer M\u00e4rkte, bei dynamischen Ver\u00e4nderungsprozessen und in der Digitalen Transformation, bei der Bew\u00e4ltigung von Krisen sowie bei gesellschaftlichen und politischen Gestaltungsaufgaben.","breadcrumb":{"@id":"https:\/\/www.ketchum.com\/germany\/ketchum-lunchlearn\/#breadcrumb"},"inLanguage":"de-DE","potentialAction":[{"@type":"ReadAction","target":["https:\/\/www.ketchum.com\/germany\/ketchum-lunchlearn\/"]}]},{"@type":"ImageObject","inLanguage":"de-DE","@id":"https:\/\/www.ketchum.com\/germany\/ketchum-lunchlearn\/#primaryimage","url":"https:\/\/www.ketchum.com\/germany\/wp-content\/uploads\/sites\/5\/2026\/03\/Ket-GER_LunchLearn_Anmeldebutton.png","contentUrl":"https:\/\/www.ketchum.com\/germany\/wp-content\/uploads\/sites\/5\/2026\/03\/Ket-GER_LunchLearn_Anmeldebutton.png","width":1262,"height":604},{"@type":"BreadcrumbList","@id":"https:\/\/www.ketchum.com\/germany\/ketchum-lunchlearn\/#breadcrumb","itemListElement":[{"@type":"ListItem","position":1,"name":"Home","item":"https:\/\/www.ketchum.com\/germany\/"},{"@type":"ListItem","position":2,"name":"Ketchum Lunch&#038;Learn"}]},{"@type":"WebSite","@id":"https:\/\/www.ketchum.com\/germany\/#website","url":"https:\/\/www.ketchum.com\/germany\/","name":"Ketchum Germany","description":"Ketchum ist eine der f\u00fchrenden Kommunikationsberatungen. Ketchum versteht sich als strategischer und operativer Partner der Kund:innen beim Auf- und Ausbau ihrer Marken und ihrer Reputation bei Medien, Influencer:innen und Konsument:innen, bei der Eroberung neuer M\u00e4rkte, bei dynamischen Ver\u00e4nderungsprozessen und in der Digitalen Transformation, bei der Bew\u00e4ltigung von Krisen sowie bei gesellschaftlichen und politischen Gestaltungsaufgaben.","potentialAction":[{"@type":"SearchAction","target":{"@type":"EntryPoint","urlTemplate":"https:\/\/www.ketchum.com\/germany\/?s={search_term_string}"},"query-input":{"@type":"PropertyValueSpecification","valueRequired":true,"valueName":"search_term_string"}}],"inLanguage":"de-DE"}]}},"featured_image_src":null,"featured_image_src_square":null,"_links":{"self":[{"href":"https:\/\/www.ketchum.com\/germany\/wp-json\/wp\/v2\/pages\/5091","targetHints":{"allow":["GET"]}}],"collection":[{"href":"https:\/\/www.ketchum.com\/germany\/wp-json\/wp\/v2\/pages"}],"about":[{"href":"https:\/\/www.ketchum.com\/germany\/wp-json\/wp\/v2\/types\/page"}],"author":[{"embeddable":true,"href":"https:\/\/www.ketchum.com\/germany\/wp-json\/wp\/v2\/users\/675"}],"replies":[{"embeddable":true,"href":"https:\/\/www.ketchum.com\/germany\/wp-json\/wp\/v2\/comments?post=5091"}],"version-history":[{"count":0,"href":"https:\/\/www.ketchum.com\/germany\/wp-json\/wp\/v2\/pages\/5091\/revisions"}],"wp:attachment":[{"href":"https:\/\/www.ketchum.com\/germany\/wp-json\/wp\/v2\/media?parent=5091"}],"curies":[{"name":"wp","href":"https:\/\/api.w.org\/{rel}","templated":true}]}}