{"id":500,"date":"2023-02-17T08:36:49","date_gmt":"2023-02-17T08:36:49","guid":{"rendered":"https:\/\/www.ketchum.com\/germany\/?page_id=500"},"modified":"2024-01-17T08:58:38","modified_gmt":"2024-01-17T08:58:38","slug":"code-of-conduct-fuer-lieferanten-und-geschaeftspartner","status":"publish","type":"page","link":"https:\/\/www.ketchum.com\/germany\/code-of-conduct-fuer-lieferanten-und-geschaeftspartner\/","title":{"rendered":"Code of Conduct f\u00fcr Lieferanten und Gesch\u00e4ftspartner"},"content":{"rendered":"<div class=\"wpb-content-wrapper\"><p>[vc_row][vc_column][vc_column_text]<\/p>\r\n<div class=\"wp-block-columns is-layout-flex wp-container-core-columns-is-layout-9d6595d7 wp-block-columns-is-layout-flex\">\r\n<div class=\"wp-block-column is-layout-flow wp-block-column-is-layout-flow\" style=\"flex-basis: 100%\">\n<section class=\"intro   alignwide ketchum-timber-intro\">\n\t<div class=\"container\">\n\t\t<div class=\"col-12 ketchum-timber-intro-box\">\n\n\t\t\t<h2 class=\"ketchum-timber-bold ketchum-timber-color-white\">\n\t\t\t\tCode of Conduct f\u00fcr Lieferanten und Gesch\u00e4ftspartner\n\t\t\t<\/h2>\n\t\t\t<h5 class=\"ketchum-timber-color-white\">\n\t\t\t\t\n\t\t\t<\/h5>\n\t\t\t\t\t\t\n\t\t<\/div>\n\t<\/div>\n<\/section><br \/>\r\n<div class=\"wp-block-columns is-layout-flex wp-container-core-columns-is-layout-9d6595d7 wp-block-columns-is-layout-flex\">\r\n<div class=\"wp-block-column is-layout-flow wp-block-column-is-layout-flow\" style=\"flex-basis: 100%\"><p>[\/vc_column_text][\/vc_column][\/vc_row][vc_row content_placement=&#8221;middle&#8221; el_class=&#8221;container mt-4&#8243;][vc_column el_class=&#8221;container mt-4&#8243;][vc_column_text el_class=&#8221;container mt-4&#8243;]Die Omnicom Holding Germany GmbH und ihre Tochterunternehmen legen nachfolgend ihre Anforderungen und Grunds\u00e4tze an die Zusammenarbeit mit Lieferanten und Gesch\u00e4ftspartnern insbesondere zur Einhaltung ethischer und moralischer Standards, des anwendbaren Rechts und zur Integrit\u00e4t fest und erwarten von diesen, dass sie die aufgef\u00fchrten Prinzipien einhalten und umsetzten.<\/p>\n<h2><strong>Menschenrechte<\/strong><\/h2>\n<p>Die Omnicom Holding Germany GmbH und ihre Tochterunternehmen bekennen sich zur Achtung der international anerkannten Menschenrechte gem\u00e4\u00df den in 2011 verabschiedeten UN-Leitprinzipien f\u00fcr Wirtschaft und Menschenrechte der Vereinten Nationen (UN Guiding Principles) und dem Schutz der Umwelt. Sie sehen nachhaltiges und verantwortliches Handeln als eine wichtige Grundlage f\u00fcr die Zusammenarbeit mit unseren Lieferanten und Gesch\u00e4ftspartnern.<\/p>\n<p>Unsere Lieferanten und Gesch\u00e4ftspartner verpflichten sich zu Folgendem:<\/p>\n<ul>\n<li>Achtung der weltweit geltenden Vorschriften und Standards (einschlie\u00dflich die der Internationalen Arbeitsorganisation \u2013 ILO) zum Schutz der Menschenrechte; dazu z\u00e4hlt insbesondere, dass sie weder Zwangs- noch Kinderarbeit einsetzen und jegliche wissentliche Nutzung von Zwangs- und Kinderarbeit sowie jegliche Form von moderner Sklaverei und Menschenhandel ablehnen.<\/li>\n<li>Besch\u00e4ftigung der Mitarbeitenden entsprechend der \u00f6rtlich geltenden Rechtsvorschriften insbesondere zu Gleichbehandlung und Diskriminierung sowie dem Verbot von Mobbing, Ausgrenzung oder sexueller Bel\u00e4stigung.<\/li>\n<li>Pflegen einer integrativen Unternehmenskultur, die Inklusion und Vielfalt sowie einen respektvollen Umgang miteinander gew\u00e4hrleistet.<\/li>\n<li>Einhaltung der jeweils geltenden Vorschriften zu Arbeitszeit und Mindestlohn.<\/li>\n<li>Anerkennung des Grundrechts, Gewerkschaften und Arbeitnehmervertretungen zu bilden und ihnen beizutreten.<\/li>\n<li>Einhaltung der jeweils anwendbaren gesetzlichen Vorgaben f\u00fcr Sicherheit und Gesundheitsschutz am Arbeitsplatz sowie f\u00fcr Produktsicherheit.<\/li>\n<\/ul>\n<p><strong>\u00a0<\/strong><\/p>\n<h2><strong>Umweltschutz<\/strong><\/h2>\n<p>Unsere Lieferanten und Gesch\u00e4ftspartner tragen zum Schutz von Menschen und Umwelt im Rahmen ihres Arbeitsumfelds und ihrer Aufgabenerf\u00fcllung bei. Alle entsprechenden Gesetze und Vorschriften sowie Vorschriften zum Umweltschutz sind einzuhalten. Unsere Lieferanten und Gesch\u00e4ftspartner sind angehalten, ihre Gesch\u00e4fte in der Zusammenarbeit mit uns in dem Bewusstsein zu f\u00fchren, die nat\u00fcrlichen Ressourcen so weit wie m\u00f6glich zu schonen und energie\u00adeffizient zu wirtschaften. Unseren Anspruch haben wir in unserer Energie- und Umweltpolitik festgehalten.<\/p>\n<h2><strong>Transparente Gesch\u00e4ftsbeziehungen<\/strong><\/h2>\n<p>Wir dulden keinerlei Form von Korruption und Bestechung.<\/p>\n<ul>\n<li>Verg\u00fctungen von beratenden oder vermittelnden Partnern d\u00fcrfen nicht dazu dienen, Gesch\u00e4ftspartnern, Kunden oder sonstigen Dritten unzul\u00e4ssige Vorteile zuzuwenden.<\/li>\n<li>Einladungen und Geschenke sowie andere Zuwendungen oder Vorteile jeglicher Art d\u00fcrfen nur angenommen oder gew\u00e4hrt werden, wenn sie angemessen sind und nicht in Erwartung einer unzul\u00e4ssigen Gegenleistung oder sonstigen Bevorzugung erfolgen.<\/li>\n<li>Unsere Gesch\u00e4ftspartner treffen ihre Entscheidungen auf Grundlage sachlicher Kriterien und lassen sich nicht von pers\u00f6nlichen Interessen und Beziehungen beeinflussen.<\/li>\n<li>Provisionen, Entgelte oder sonstige Verg\u00fcnstigungen, die das Ma\u00df der Geringf\u00fcgigkeit \u00fcberschreiten und unseren Gesch\u00e4ftspartnern im Rahmen ihrer T\u00e4tigkeit f\u00fcr uns gew\u00e4hrt werden, sind uns unverz\u00fcglich offen zu legen.<\/li>\n<\/ul>\n<h2><strong>Faires Marktverhalten<\/strong><\/h2>\n<p>Unsere Lieferanten und Gesch\u00e4ftspartner halten alle relevanten wettbewerbsrechtlichen Vorgaben ein und vermeiden Handlungen, die den Wettbewerb in unzul\u00e4ssiger Weise beschr\u00e4nken oder beschr\u00e4nken k\u00f6nnen. Insbesondere treffen sie keine Absprachen und Vereinbarungen, die Preise, Konditionen, Strategien oder Beziehungen mit Auftraggebenden, vor allem die Teilnahme an Ausschreibungen, beeinflussen.<\/p>\n<p>Alle jeweils geltenden Gesetze f\u00fcr den Import und Export von G\u00fctern, Dienstleistungen und Informationen sowie der anwendbaren Embargos und Sanktionen werden eingehalten.<\/p>\n<h2><strong>Schutz von Gesch\u00e4ftsgeheimnissen und Daten\/Informationssicherheit<\/strong><\/h2>\n<p>Unsere Lieferanten und Gesch\u00e4ftspartner wahren die Vertraulichkeit der Gesch\u00e4fts\u2013 und Betriebs\u00adgeheimnisse, die ihnen von uns oder unseren Kunden anvertraut werden, auch \u00fcber die vertraglichen Beziehungen hinaus.<\/p>\n<p>Unsere Lieferanten und Gesch\u00e4ftspartner beachten alle jeweils geltenden Gesetze zum Schutz personenbezogener Daten, insbesondere von Mitarbeitenden, Gesch\u00e4ftspartnern und Kunden.<\/p>\n<p>Sie behalten stets die Kontrolle \u00fcber unsere sensiblen Inhalte und werden sensible Informationen bei der \u00dcbertragung und im ruhenden Zustand verschl\u00fcsseln und Zugriffsrechte f\u00fcr sensible Information auf das Minimum reduzieren, um m\u00f6gliche Datenlecks schneller aufsp\u00fcren zu k\u00f6nnen.<\/p>\n<h2><strong>Geistiges Eigentum<\/strong><\/h2>\n<p>Unsere Lieferanten und Gesch\u00e4ftspartner respektieren das Know-how, die Patente und Urheberrechte von uns und Dritten. Weder nutzen sie diese, noch geben sie entsprechende Informationen ohne vorherige ausdr\u00fcckliche, schriftliche Zustimmung von uns an Dritte weiter.<\/p>\n<h2><strong>Rechnungslegung und Aufzeichnungen<\/strong><\/h2>\n<p>Wir erwarten ehrliche und genaue Rechnungslegung und Aufzeichnung von Informationen von unseren Lieferanten und Gesch\u00e4ftspartnern, um verantwortungsvolle Gesch\u00e4ftsentscheidungen treffen zu k\u00f6nnen.<\/p>\n<h2><strong>Implementierung und Umsetzung\/Rechtsfolgen bei Verst\u00f6\u00dfen<\/strong><\/h2>\n<p>Unsere Lieferanten und Gesch\u00e4ftspartner bringen in geeigneter Art und Weise und in vorgegebenen Zeitabst\u00e4nden ihren Besch\u00e4ftigten und eigenen Lieferanten und Gesch\u00e4ftspartnern diesen Verhaltenskodex zur Kenntnis und achten auf dessen Einhaltung.<\/p>\n<p>Sofern die Nichteinhaltung festgestellt wird, sind die Gesch\u00e4ftspartner verpflichtet, geeignete Abhilfema\u00dfnahmen zu implementieren.<\/p>\n<p>F\u00fcr den Fall, dass sich unsere Lieferanten und Gesch\u00e4ftspartner nicht an die in diesem Verhaltenskodex festgelegten Grundprinzipien halten, behalten wir uns vor, die gesch\u00e4ftlichen Beziehungen durch au\u00dferordentliche K\u00fcndigung zu beenden.<\/p>\n<h2><strong>Beschwerdemanagement\/Folgema\u00dfnahmen<\/strong><\/h2>\n<p>Wir haben ein Beschwerdemanagement eingerichtet, das unseren Lieferanten und Gesch\u00e4ftspartnern einschlie\u00dflich der gesamten Lieferkette sowie anderen Externen die M\u00f6glichkeit gibt, alle Arten von Beschwerden, einschlie\u00dflich potenziell illegaler Handlungen und Hinweise auf etwaige Straftaten, die im Rahmen ihrer T\u00e4tigkeit begangen wurden, \u00fcber das bestehende Hinweisgebersystem abzugeben.<\/p>\n<p>Unsere Gesch\u00e4ftspartner dulden keine Benachteiligungen von Personen, die Verst\u00f6\u00dfe gegen die in diesem Verhaltenskodex aufgef\u00fchrten Prinzipien melden.<\/p>\n<p>Hinweisgebende k\u00f6nnen potenzielles Fehlverhalten \u00fcber unser Hinweisgebersystem CONFDNT melden. Details zu der Abgabe von Hinweisen und deren nachfolgender Behandlung sind unserer Hinweisgeberrichtlinie <a href=\"https:\/\/www.ketchum.com\/germany\/richtlinie-hinweisgeberschutzgesetz\/\">\u00fcber diesen Link<\/a> zu entnehmen.<\/p>\n<p>Erreichen uns begr\u00fcndete Beschwerden, erkl\u00e4ren sich die betroffenen Lieferanten und Gesch\u00e4ftspartner bereit, gemeinsam mit uns einen terminierten Ma\u00dfnahmenplan auszuarbeiten, der zur Beendigung der begr\u00fcndeten Beschwerde f\u00fchren muss.<\/p>\n<p>F\u00fchren diese geplanten und terminierten Ma\u00dfnahmen nicht oder nicht im anvisierten Zeitrahmen zum definierten Ziel, behalten wir uns vor, die gesch\u00e4ftlichen Beziehungen durch au\u00dferordentliche K\u00fcndigung zu beenden.<\/p>\n<p>Sofern wir eine unmittelbare Gefahr bez\u00fcglich einer der Grunds\u00e4tze bei Lieferanten und Gesch\u00e4ftspartnern feststellen, werden diese unverz\u00fcglich Ma\u00dfnahmen zur Beendigung einleiten und uns \u00fcber den Fortschritt der Ma\u00dfnahmen informiert halten.<\/p>\n<p>Wir behalten uns vor, Lieferanten und Gesch\u00e4ftspartner in j\u00e4hrlichen Abst\u00e4nden bez\u00fcglich ihres Lieferkettenmanagements direkt oder durch beauftragte Dritte zu auditieren. Hiervon k\u00f6nnen sich die Lieferanten und Gesch\u00e4ftspartner durch den Nachweis entsprechender zertifizierter Managementsysteme befreien.<\/p>\n<p>[\/vc_column_text][\/vc_column][\/vc_row][vc_row][vc_column][vc_column_text]<\/p>\n<\/p>\r\n<\/div>\r\n<\/div>\r\n<p><br \/><\/p>\r\n<\/div>\r\n<\/div>\r\n<p>[\/vc_column_text][\/vc_column][\/vc_row]<\/p><\/div>","protected":false},"excerpt":{"rendered":"<p>[vc_row][vc_column][vc_column_text][\/vc_column_text][\/vc_column][\/vc_row]<\/p>\n","protected":false},"author":636,"featured_media":0,"parent":0,"menu_order":0,"comment_status":"closed","ping_status":"closed","template":"","meta":{"_acf_changed":false,"footnotes":""},"class_list":["post-500","page","type-page","status-publish","hentry"],"acf":[],"yoast_head":"<!-- This site is optimized with the Yoast SEO plugin v27.3 - https:\/\/yoast.com\/product\/yoast-seo-wordpress\/ -->\n<title>Code of Conduct f\u00fcr Lieferanten und Gesch\u00e4ftspartner | Ketchum \u2013 Eine f\u00fchrende Agentur f\u00fcr Reputation, Markenkommunikation und Transformation<\/title>\n<meta name=\"description\" content=\"Ketchum ist eine der f\u00fchrenden Kommunikationsberatungen. Ketchum versteht sich als strategischer und operativer Partner der Kund:innen beim Auf- und Ausbau ihrer Marken und ihrer Reputation bei Medien, Influencer:innen und Konsument:innen, bei der Eroberung neuer M\u00e4rkte, bei dynamischen Ver\u00e4nderungsprozessen und in der Digitalen Transformation, bei der Bew\u00e4ltigung von Krisen sowie bei gesellschaftlichen und politischen Gestaltungsaufgaben.\" \/>\n<meta name=\"robots\" content=\"index, follow, max-snippet:-1, max-image-preview:large, max-video-preview:-1\" \/>\n<link rel=\"canonical\" href=\"https:\/\/www.ketchum.com\/germany\/code-of-conduct-fuer-lieferanten-und-geschaeftspartner\/\" \/>\n<meta property=\"og:locale\" content=\"de_DE\" \/>\n<meta property=\"og:type\" content=\"article\" \/>\n<meta property=\"og:title\" content=\"Code of Conduct f\u00fcr Lieferanten und Gesch\u00e4ftspartner | Ketchum \u2013 Eine f\u00fchrende Agentur f\u00fcr Reputation, Markenkommunikation und Transformation\" \/>\n<meta property=\"og:description\" content=\"Ketchum ist eine der f\u00fchrenden Kommunikationsberatungen. Ketchum versteht sich als strategischer und operativer Partner der Kund:innen beim Auf- und Ausbau ihrer Marken und ihrer Reputation bei Medien, Influencer:innen und Konsument:innen, bei der Eroberung neuer M\u00e4rkte, bei dynamischen Ver\u00e4nderungsprozessen und in der Digitalen Transformation, bei der Bew\u00e4ltigung von Krisen sowie bei gesellschaftlichen und politischen Gestaltungsaufgaben.\" \/>\n<meta property=\"og:url\" content=\"https:\/\/www.ketchum.com\/germany\/code-of-conduct-fuer-lieferanten-und-geschaeftspartner\/\" \/>\n<meta property=\"og:site_name\" content=\"Ketchum Germany\" \/>\n<meta property=\"article:modified_time\" content=\"2024-01-17T08:58:38+00:00\" \/>\n<meta name=\"twitter:card\" content=\"summary_large_image\" \/>\n<meta name=\"twitter:label1\" content=\"Est. reading time\" \/>\n\t<meta name=\"twitter:data1\" content=\"5 minutes\" \/>\n<script type=\"application\/ld+json\" class=\"yoast-schema-graph\">{\"@context\":\"https:\\\/\\\/schema.org\",\"@graph\":[{\"@type\":\"WebPage\",\"@id\":\"https:\\\/\\\/www.ketchum.com\\\/germany\\\/code-of-conduct-fuer-lieferanten-und-geschaeftspartner\\\/\",\"url\":\"https:\\\/\\\/www.ketchum.com\\\/germany\\\/code-of-conduct-fuer-lieferanten-und-geschaeftspartner\\\/\",\"name\":\"Code of Conduct f\u00fcr Lieferanten und Gesch\u00e4ftspartner | Ketchum \u2013 Eine f\u00fchrende Agentur f\u00fcr Reputation, Markenkommunikation und Transformation\",\"isPartOf\":{\"@id\":\"https:\\\/\\\/www.ketchum.com\\\/germany\\\/#website\"},\"datePublished\":\"2023-02-17T08:36:49+00:00\",\"dateModified\":\"2024-01-17T08:58:38+00:00\",\"description\":\"Ketchum ist eine der f\u00fchrenden Kommunikationsberatungen. Ketchum versteht sich als strategischer und operativer Partner der Kund:innen beim Auf- und Ausbau ihrer Marken und ihrer Reputation bei Medien, Influencer:innen und Konsument:innen, bei der Eroberung neuer M\u00e4rkte, bei dynamischen Ver\u00e4nderungsprozessen und in der Digitalen Transformation, bei der Bew\u00e4ltigung von Krisen sowie bei gesellschaftlichen und politischen Gestaltungsaufgaben.\",\"breadcrumb\":{\"@id\":\"https:\\\/\\\/www.ketchum.com\\\/germany\\\/code-of-conduct-fuer-lieferanten-und-geschaeftspartner\\\/#breadcrumb\"},\"inLanguage\":\"de-DE\",\"potentialAction\":[{\"@type\":\"ReadAction\",\"target\":[\"https:\\\/\\\/www.ketchum.com\\\/germany\\\/code-of-conduct-fuer-lieferanten-und-geschaeftspartner\\\/\"]}]},{\"@type\":\"BreadcrumbList\",\"@id\":\"https:\\\/\\\/www.ketchum.com\\\/germany\\\/code-of-conduct-fuer-lieferanten-und-geschaeftspartner\\\/#breadcrumb\",\"itemListElement\":[{\"@type\":\"ListItem\",\"position\":1,\"name\":\"Home\",\"item\":\"https:\\\/\\\/www.ketchum.com\\\/germany\\\/\"},{\"@type\":\"ListItem\",\"position\":2,\"name\":\"Code of Conduct f\u00fcr Lieferanten und Gesch\u00e4ftspartner\"}]},{\"@type\":\"WebSite\",\"@id\":\"https:\\\/\\\/www.ketchum.com\\\/germany\\\/#website\",\"url\":\"https:\\\/\\\/www.ketchum.com\\\/germany\\\/\",\"name\":\"Ketchum Germany\",\"description\":\"Ketchum ist eine der f\u00fchrenden Kommunikationsberatungen. Ketchum versteht sich als strategischer und operativer Partner der Kund:innen beim Auf- und Ausbau ihrer Marken und ihrer Reputation bei Medien, Influencer:innen und Konsument:innen, bei der Eroberung neuer M\u00e4rkte, bei dynamischen Ver\u00e4nderungsprozessen und in der Digitalen Transformation, bei der Bew\u00e4ltigung von Krisen sowie bei gesellschaftlichen und politischen Gestaltungsaufgaben.\",\"potentialAction\":[{\"@type\":\"SearchAction\",\"target\":{\"@type\":\"EntryPoint\",\"urlTemplate\":\"https:\\\/\\\/www.ketchum.com\\\/germany\\\/?s={search_term_string}\"},\"query-input\":{\"@type\":\"PropertyValueSpecification\",\"valueRequired\":true,\"valueName\":\"search_term_string\"}}],\"inLanguage\":\"de-DE\"}]}<\/script>\n<!-- \/ Yoast SEO plugin. -->","yoast_head_json":{"title":"Code of Conduct f\u00fcr Lieferanten und Gesch\u00e4ftspartner | Ketchum \u2013 Eine f\u00fchrende Agentur f\u00fcr Reputation, Markenkommunikation und Transformation","description":"Ketchum ist eine der f\u00fchrenden Kommunikationsberatungen. Ketchum versteht sich als strategischer und operativer Partner der Kund:innen beim Auf- und Ausbau ihrer Marken und ihrer Reputation bei Medien, Influencer:innen und Konsument:innen, bei der Eroberung neuer M\u00e4rkte, bei dynamischen Ver\u00e4nderungsprozessen und in der Digitalen Transformation, bei der Bew\u00e4ltigung von Krisen sowie bei gesellschaftlichen und politischen Gestaltungsaufgaben.","robots":{"index":"index","follow":"follow","max-snippet":"max-snippet:-1","max-image-preview":"max-image-preview:large","max-video-preview":"max-video-preview:-1"},"canonical":"https:\/\/www.ketchum.com\/germany\/code-of-conduct-fuer-lieferanten-und-geschaeftspartner\/","og_locale":"de_DE","og_type":"article","og_title":"Code of Conduct f\u00fcr Lieferanten und Gesch\u00e4ftspartner | Ketchum \u2013 Eine f\u00fchrende Agentur f\u00fcr Reputation, Markenkommunikation und Transformation","og_description":"Ketchum ist eine der f\u00fchrenden Kommunikationsberatungen. Ketchum versteht sich als strategischer und operativer Partner der Kund:innen beim Auf- und Ausbau ihrer Marken und ihrer Reputation bei Medien, Influencer:innen und Konsument:innen, bei der Eroberung neuer M\u00e4rkte, bei dynamischen Ver\u00e4nderungsprozessen und in der Digitalen Transformation, bei der Bew\u00e4ltigung von Krisen sowie bei gesellschaftlichen und politischen Gestaltungsaufgaben.","og_url":"https:\/\/www.ketchum.com\/germany\/code-of-conduct-fuer-lieferanten-und-geschaeftspartner\/","og_site_name":"Ketchum Germany","article_modified_time":"2024-01-17T08:58:38+00:00","twitter_card":"summary_large_image","twitter_misc":{"Est. reading time":"5 minutes"},"schema":{"@context":"https:\/\/schema.org","@graph":[{"@type":"WebPage","@id":"https:\/\/www.ketchum.com\/germany\/code-of-conduct-fuer-lieferanten-und-geschaeftspartner\/","url":"https:\/\/www.ketchum.com\/germany\/code-of-conduct-fuer-lieferanten-und-geschaeftspartner\/","name":"Code of Conduct f\u00fcr Lieferanten und Gesch\u00e4ftspartner | Ketchum \u2013 Eine f\u00fchrende Agentur f\u00fcr Reputation, Markenkommunikation und Transformation","isPartOf":{"@id":"https:\/\/www.ketchum.com\/germany\/#website"},"datePublished":"2023-02-17T08:36:49+00:00","dateModified":"2024-01-17T08:58:38+00:00","description":"Ketchum ist eine der f\u00fchrenden Kommunikationsberatungen. Ketchum versteht sich als strategischer und operativer Partner der Kund:innen beim Auf- und Ausbau ihrer Marken und ihrer Reputation bei Medien, Influencer:innen und Konsument:innen, bei der Eroberung neuer M\u00e4rkte, bei dynamischen Ver\u00e4nderungsprozessen und in der Digitalen Transformation, bei der Bew\u00e4ltigung von Krisen sowie bei gesellschaftlichen und politischen Gestaltungsaufgaben.","breadcrumb":{"@id":"https:\/\/www.ketchum.com\/germany\/code-of-conduct-fuer-lieferanten-und-geschaeftspartner\/#breadcrumb"},"inLanguage":"de-DE","potentialAction":[{"@type":"ReadAction","target":["https:\/\/www.ketchum.com\/germany\/code-of-conduct-fuer-lieferanten-und-geschaeftspartner\/"]}]},{"@type":"BreadcrumbList","@id":"https:\/\/www.ketchum.com\/germany\/code-of-conduct-fuer-lieferanten-und-geschaeftspartner\/#breadcrumb","itemListElement":[{"@type":"ListItem","position":1,"name":"Home","item":"https:\/\/www.ketchum.com\/germany\/"},{"@type":"ListItem","position":2,"name":"Code of Conduct f\u00fcr Lieferanten und Gesch\u00e4ftspartner"}]},{"@type":"WebSite","@id":"https:\/\/www.ketchum.com\/germany\/#website","url":"https:\/\/www.ketchum.com\/germany\/","name":"Ketchum Germany","description":"Ketchum ist eine der f\u00fchrenden Kommunikationsberatungen. Ketchum versteht sich als strategischer und operativer Partner der Kund:innen beim Auf- und Ausbau ihrer Marken und ihrer Reputation bei Medien, Influencer:innen und Konsument:innen, bei der Eroberung neuer M\u00e4rkte, bei dynamischen Ver\u00e4nderungsprozessen und in der Digitalen Transformation, bei der Bew\u00e4ltigung von Krisen sowie bei gesellschaftlichen und politischen Gestaltungsaufgaben.","potentialAction":[{"@type":"SearchAction","target":{"@type":"EntryPoint","urlTemplate":"https:\/\/www.ketchum.com\/germany\/?s={search_term_string}"},"query-input":{"@type":"PropertyValueSpecification","valueRequired":true,"valueName":"search_term_string"}}],"inLanguage":"de-DE"}]}},"featured_image_src":null,"featured_image_src_square":null,"_links":{"self":[{"href":"https:\/\/www.ketchum.com\/germany\/wp-json\/wp\/v2\/pages\/500","targetHints":{"allow":["GET"]}}],"collection":[{"href":"https:\/\/www.ketchum.com\/germany\/wp-json\/wp\/v2\/pages"}],"about":[{"href":"https:\/\/www.ketchum.com\/germany\/wp-json\/wp\/v2\/types\/page"}],"author":[{"embeddable":true,"href":"https:\/\/www.ketchum.com\/germany\/wp-json\/wp\/v2\/users\/636"}],"replies":[{"embeddable":true,"href":"https:\/\/www.ketchum.com\/germany\/wp-json\/wp\/v2\/comments?post=500"}],"version-history":[{"count":0,"href":"https:\/\/www.ketchum.com\/germany\/wp-json\/wp\/v2\/pages\/500\/revisions"}],"wp:attachment":[{"href":"https:\/\/www.ketchum.com\/germany\/wp-json\/wp\/v2\/media?parent=500"}],"curies":[{"name":"wp","href":"https:\/\/api.w.org\/{rel}","templated":true}]}}