{"id":3246,"date":"2024-09-11T07:28:27","date_gmt":"2024-09-11T07:28:27","guid":{"rendered":"https:\/\/www.ketchum.com\/germany\/?page_id=3246"},"modified":"2025-02-21T13:53:15","modified_gmt":"2025-02-21T13:53:15","slug":"miu","status":"publish","type":"page","link":"https:\/\/www.ketchum.com\/germany\/miu\/","title":{"rendered":"NEXT LEVEL MARKENMAGIE"},"content":{"rendered":"\n<div class=\"wp-block-cover alignfull\" style=\"margin-top:0;padding-top:0px;padding-right:0px;padding-bottom:0px;padding-left:0px;min-height:900px;aspect-ratio:unset;\"><span aria-hidden=\"true\" class=\"wp-block-cover__background has-background-dim-0 has-background-dim\" style=\"background-color:#1e2836\"><\/span><img loading=\"lazy\" decoding=\"async\" width=\"1921\" height=\"1081\" class=\"wp-block-cover__image-background wp-image-3313\" alt=\"\" src=\"https:\/\/www.ketchum.com\/germany\/wp-content\/uploads\/sites\/5\/2024\/09\/miu_Titel_16zu9_web.jpg\" data-object-fit=\"cover\" srcset=\"https:\/\/www.ketchum.com\/germany\/wp-content\/uploads\/sites\/5\/2024\/09\/miu_Titel_16zu9_web.jpg 1921w, https:\/\/www.ketchum.com\/germany\/wp-content\/uploads\/sites\/5\/2024\/09\/miu_Titel_16zu9_web-300x169.jpg 300w, https:\/\/www.ketchum.com\/germany\/wp-content\/uploads\/sites\/5\/2024\/09\/miu_Titel_16zu9_web-1024x576.jpg 1024w, https:\/\/www.ketchum.com\/germany\/wp-content\/uploads\/sites\/5\/2024\/09\/miu_Titel_16zu9_web-768x432.jpg 768w, https:\/\/www.ketchum.com\/germany\/wp-content\/uploads\/sites\/5\/2024\/09\/miu_Titel_16zu9_web-1536x864.jpg 1536w\" sizes=\"auto, (max-width: 1921px) 100vw, 1921px\" \/><div class=\"wp-block-cover__inner-container is-layout-flow wp-block-cover-is-layout-flow\">\n<div style=\"height:400px\" aria-hidden=\"true\" class=\"wp-block-spacer bannerSpace\"><\/div>\n\n\n\n<h1 style=\"text-align: center\"><span class=\"gb-669e21b33d26c wp-block-heading has-text-align-center bannerTitle headerHeadingsHome_mob has-text-color\" style=\"color:#fbbc42;font-style:normal;font-weight:700;letter-spacing:0px;line-height:1;text-transform:uppercase;*\/\">NEXT LEVEL<\/span>  <span class=\"gb-669e21b33d26c wp-block-heading has-text-align-center bannerTitle secondBannerTitle headerHeadingsHome_mob has-text-color\" style=\"color:#fbbc42;font-style:normal;font-weight:700;letter-spacing:0px;line-height:1;text-transform:uppercase\">MARKENMAGIE. \n<\/span><\/h1>\n\n\n<style>@media only screen and (max-width: 600px) {.gb-69f10a705b7b4{}}<\/style>\n<p class=\"gb-69f10a705b7b4 has-text-align-center parafontsize_mob has-text-color has-link-color wp-elements-18d0264592b964d84b3ca21fefdea4f3\" style=\"color:#fbbc42;font-size:43px\">Das Ketchum Playbook f\u00fcr datengetriebene Markenf\u00fchrung und <br>Corporate Reputation in Zeiten von KI<\/p>\n<\/div><\/div>\n\n\n\n<section class=\"content-box   alignwide ketchum-timber-content-box\">\n\t<div class=\"container\">\n\t\t\n\t\t<div class=\"ketchum-timber-content-box-content\">\n\t\t\t<div class=\"col-xs-12 col-sm-12 col-md-6 col-lg-6 p-0\">\n\n\t\t\t\t\t\t\t\t\t<img decoding=\"async\" src=\"https:\/\/www.ketchum.com\/germany\/wp-content\/uploads\/sites\/5\/2024\/09\/MIU-Playbook.jpg\" alt=\"\">\n\t\t\t\t\n\t\t\t<\/div>\n\t\t\t<div class=\"col-xs-12 col-sm-12 col-md-6 col-lg-6 ketchum-timber-content-box-right\">\n\t\t\t\n\t\t\t\t<h4 class=\"ketchum-timber-bold\">\n\t\t\t\t\tHolen Sie sich jetzt das kostenlose Marketing Intelligence Playbook und entdecken Sie, wie Sie mit daten&shy;getriebenen Insights und KI-gest\u00fctzten Tools Ihre Marken&shy;kommuni&shy;ka&shy;tion optimieren k\u00f6nnen.\n\t\t\t\t<\/h4>\n\t\t\t\t<p class=\"ketchum-timber-p2\">\n\t\t\t\t\tDas Marketing Intelligence Playbook bietet eine umfassende Einf\u00fchrung in die Bedeutung von Marketing Intelligence f\u00fcr moderne Kommunikations&shy;strategien. In einer zunehmend daten&shy;getriebenen Welt ist es entscheidend, Markt&shy;trends, Konsumenten&shy;verhalten und Marken&shy;wahr&shy;nehmung pr\u00e4zise zu verstehen. K\u00fcnstliche Intelligenz (KI) spielt dabei eine zentrale Rolle: Sie erm\u00f6glicht die Analyse riesiger Daten&shy;mengen und liefert wertvolle Einblicke f\u00fcr effektive und ziel&shy;gerichtete Kommunikations&shy;ma\u00dfnahmen. \n\t\t\t\t<\/p>\n\t\t\t\t\t\t\t\t\t<div class=\"ketchum-timber-link-underlined\">\n\t\t\t\t\t\t<span>\n\t\t\t\t\t\t\t<a href=\"mailto:michaela.nahlik@ketchum.de?subject=Ich%20m%C3%B6chte%20das%20Ketchum%20MIU-Playbook&amp;body=Bitte%20schicken%20Sie%20mir%20das%20Playbook%20der%20Ketchum%20Marketing%20Intelligence%20Unit%20%28MIU%29%20zu.%2A%0A%0AVorname%3A%0A%0AName%3A%0A%0AUnternehmen%3A%0A%0AWas%20mich%20hinsichtlich%20Marketing%20Intelligence%20%2F%20KI%20besonders%20interessiert%3A%0A%0A%2A%20%20Mit%20dem%20Absenden%20dieser%20E-Mail%20erkl%C3%A4ren%20Sie%20sich%20damit%20einverstanden%2C%20dass%20Ihre%20personenbezogenen%20Daten%20gem%C3%A4%C3%9F%20den%20geltenden%20Datenschutzbestimmungen%20verarbeitet%20und%20gespeichert%20werden.%20Die%20von%20Ihnen%20angegebenen%20Daten%20werden%20ausschlie%C3%9Flich%20f%C3%BCr%20die%20Bearbeitung%20Ihrer%20Anfrage%20sowie%20zu%20den%20nachfolgend%20genannten%20Zwecken%20verwendet%20und%20nicht%20ohne%20Ihre%20ausdr%C3%BCckliche%20Zustimmung%20an%20Dritte%20weitergegeben.%0A%0AZus%C3%A4tzlich%20stimmen%20Sie%20zu%2C%20dass%20Ihre%20Daten%20gespeichert%20werden%2C%20um%20Sie%20zuk%C3%BCnftig%20zu%20Werbezwecken%20kontaktieren%20zu%20k%C3%B6nnen.%20Dies%20umfasst%20die%20Information%20%C3%BCber%20Angebote%2C%20Produkte%20und%20Dienstleistungen%20unseres%20Unternehmens.%20Sie%20k%C3%B6nnen%20Ihre%20Zustimmung%20zur%20Speicherung%20und%20Nutzung%20Ihrer%20Daten%20zu%20Werbezwecken%20jederzeit%20mit%20Wirkung%20f%C3%BCr%20die%20Zukunft%20widerrufen.%20%0A%0ASie%20haben%20jederzeit%20das%20Recht%2C%20Auskunft%20%C3%BCber%20die%20gespeicherten%20Daten%20zu%20erhalten%2C%20diese%20zu%20berichtigen%20oder%20deren%20L%C3%B6schung%20zu%20verlangen.%20Weitere%20Informationen%20zum%20Datenschutz%20und%20zu%20Ihren%20Rechten%20finden%20Sie%20in%20unserer%20Datenschutzerkl%C3%A4rung%20%5Bhttps%3A%2F%2Fwww.ketchum.com%2Fgermany%2Fprivacy-policy%2F%5D.%0ADurch%20das%20Absenden%20dieser%20E-Mail%20stimmen%20Sie%20der%20Verarbeitung%2C%20Speicherung%20Ihrer%20Daten%20sowie%20der%20Kontaktaufnahme%20zu%20Werbezwecken%20zu.\" tabindex=\"0\" title=\"\">\n\t\t\t\t\t\t\t\t\n\t\t\t\t\t\t\t<\/a>\n\t\t\t\t\t\t<\/span>\n\t\t\t\t\t<\/div>\n\t\t\t\t\n\t\t\t<\/div>\n\t\t<\/div>\n\t<\/div>\n<\/section>\n\n\n<h2 class=\"wp-block-heading has-text-align-center\"><strong>Die Vorteile von KI f\u00fcr Ihre Kommunikationsstrategie<\/strong><\/h2>\n\n\n\n<h4 class=\"wp-block-heading has-text-align-center\">Das Ketchum Marketing Intelligence Playbook zeigt \u2026<\/h4>\n\n\n\n<p><\/p>\n\n\n\n<div class=\"wp-block-columns is-layout-flex wp-container-core-columns-is-layout-528e9dfb wp-block-columns-is-layout-flex\" style=\"padding-right:25px;padding-left:25px\">\n<div class=\"wp-block-column is-layout-flow wp-block-column-is-layout-flow\">\n<div class=\"wp-block-columns is-layout-flex wp-container-core-columns-is-layout-9d6595d7 wp-block-columns-is-layout-flex\">\n<div class=\"wp-block-column is-layout-flow wp-block-column-is-layout-flow\"><div class=\"wp-block-image\">\n<figure class=\"aligncenter size-full\"><img loading=\"lazy\" decoding=\"async\" width=\"114\" height=\"137\" src=\"https:\/\/www.ketchum.com\/germany\/wp-content\/uploads\/sites\/5\/2022\/05\/Icon_Benefit_Empfehlung.png\" alt=\"\" class=\"wp-image-322\"\/><\/figure>\n<\/div>\n\n\n<h5 class=\"wp-block-heading has-text-align-center\"><strong><strong><strong>Markttrends erkennen und analysieren<\/strong><\/strong><\/strong><\/h5>\n\n\n\n<p class=\"has-text-align-center\">KI kann durch die Auswertung riesiger Datenmengen aus verschiedenen Quellen aktuelle Entwicklungen und Ver\u00e4nderungen im Markt identifizieren.<\/p>\n<\/div>\n\n\n\n<div class=\"wp-block-column is-layout-flow wp-block-column-is-layout-flow\"><div class=\"wp-block-image\">\n<figure class=\"aligncenter size-full\"><img loading=\"lazy\" decoding=\"async\" width=\"106\" height=\"137\" src=\"https:\/\/www.ketchum.com\/germany\/wp-content\/uploads\/sites\/5\/2022\/05\/Icon_Benefit_Voiio.png\" alt=\"\" class=\"wp-image-331\"\/><\/figure>\n<\/div>\n\n\n<h5 class=\"wp-block-heading has-text-align-center\"><strong><strong><strong><strong>Zielgruppen-Bed\u00fcrfnisse verstehen<\/strong><\/strong><\/strong><\/strong><\/h5>\n\n\n\n<p class=\"has-text-align-center\">Die feingradige Analyse von Konsumentendaten er\u00f6ffnet tiefere Einblicke in die Pr\u00e4ferenzen der Zielgruppen. <\/p>\n<\/div>\n<\/div>\n<\/div>\n\n\n\n<div class=\"wp-block-column is-layout-flow wp-block-column-is-layout-flow\">\n<div class=\"wp-block-columns is-layout-flex wp-container-core-columns-is-layout-9d6595d7 wp-block-columns-is-layout-flex\">\n<div class=\"wp-block-column is-layout-flow wp-block-column-is-layout-flow\"><div class=\"wp-block-image\">\n<figure class=\"aligncenter size-full\"><img loading=\"lazy\" decoding=\"async\" width=\"140\" height=\"137\" src=\"https:\/\/www.ketchum.com\/germany\/wp-content\/uploads\/sites\/5\/2022\/05\/Icon_Benefit_Brain.png\" alt=\"\" class=\"wp-image-339\"\/><\/figure>\n<\/div>\n\n\n<h5 class=\"wp-block-heading has-text-align-center\"><strong><strong><strong><strong>Markenwahrnehmung optimieren<\/strong><\/strong><\/strong><\/strong><\/h5>\n\n\n\n<p class=\"has-text-align-center\">KI erm\u00f6glicht es, in Echtzeit auf Ver\u00e4nderungen zu reagieren und entsprechende Schritte einzuleiten. Basierend auf den gewonnenen Erkenntnissen lassen sich Ma\u00dfnahmen genau auf die Zielgruppen abstimmen.&nbsp;<\/p>\n<\/div>\n\n\n\n<div class=\"wp-block-column is-layout-flow wp-block-column-is-layout-flow\"><div class=\"wp-block-image\">\n<figure class=\"aligncenter size-full\"><img loading=\"lazy\" decoding=\"async\" width=\"142\" height=\"137\" src=\"https:\/\/www.ketchum.com\/germany\/wp-content\/uploads\/sites\/5\/2022\/05\/Icon_Benefit_Versicherung.png\" alt=\"\" class=\"wp-image-330\"\/><\/figure>\n<\/div>\n\n\n<h5 class=\"wp-block-heading has-text-align-center\"><strong><strong><strong><strong>Bek\u00e4mpfung von Fakes und Mythen<\/strong><\/strong><\/strong><\/strong><\/h5>\n\n\n\n<p class=\"has-text-align-center\">Mit KI k\u00f6nnen Unternehmen Falschinformationen fr\u00fchzeitig erkennen und ihre Verbreitung analysieren. Dabei sind nicht nur faktenbasierte, sondern auch emotionale und schnelle Reaktionen entscheidend, um die \u00f6ffentliche Wahrnehmung effektiv zu steuern.<\/p>\n<\/div>\n<\/div>\n<\/div>\n<\/div>\n\n\n\n<h4 class=\"wp-block-heading has-text-align-center\">Au\u00dferdem geben wir einen Ausblick, wie KI k\u00fcnftig unsere Branche pr\u00e4gen wird.&nbsp;<\/h4>\n\n\n\n<div style=\"height:60px\" aria-hidden=\"true\" class=\"wp-block-spacer\"><\/div>\n\n\n<div data-tf-live=\"01J8PKB3XJDV3PEJZDGRJA9F39\"><\/div>\n<p><script src=\"\/\/embed.typeform.com\/next\/embed.js\"><\/script><\/p>\n\n\n<p class=\"has-text-align-center\"><p class=\"has-text-align-center\">Mit dem Absenden dieses Formulars erkl\u00e4ren Sie sich damit einverstanden, dass Ihre personenbezogenen Daten gem\u00e4\u00df den geltenden Datenschutzbestimmungen verarbeitet und gespeichert werden. Die von Ihnen angegebenen Daten werden ausschlie\u00dflich f\u00fcr die Bearbeitung Ihrer Anfrage sowie zu den nachfolgend genannten Zwecken verwendet und nicht ohne Ihre ausdr\u00fcckliche Zustimmung an Dritte weitergegeben.<\/p>\n<p class=\"has-text-align-center\">Zus\u00e4tzlich stimmen Sie zu, dass Ihre Daten gespeichert werden, um Sie zuk\u00fcnftig zu Werbezwecken kontaktieren zu k\u00f6nnen. Dies umfasst die Information \u00fcber Angebote, Produkte und Dienstleistungen unseres Unternehmens. Sie k\u00f6nnen Ihre Zustimmung zur Speicherung und Nutzung Ihrer Daten zu Werbezwecken jederzeit mit Wirkung f\u00fcr die Zukunft widerrufen.\nSie haben jederzeit das Recht, Auskunft \u00fcber die gespeicherten Daten zu erhalten, diese zu berichtigen oder deren L\u00f6schung zu verlangen. Weitere Informationen zum Datenschutz und zu Ihren Rechten finden Sie in unserer Datenschutzerkl\u00e4rung [https:\/\/www.ketchum.com\/germany\/privacy-policy\/].<\/p>\n<p class=\"has-text-align-center\">Durch das Absenden dieser E-Mail stimmen Sie der Verarbeitung, Speicherung Ihrer Daten sowie der Kontaktaufnahme zu Werbezwecken zu.\n<\/p><\/p>\n\n\n\n<section class=\"quote   alignwide ketchum-timber-quote\">\n\t<div class=\"ketchum-timber-quote-background\">\n\t\t<div class=\"container\">\n\t\t\t<div class=\"row\">\n\t\n\t\t\t\t\t<div class=\"col-12 col-lg-7\">\n\t\t\t\t\t\t<div class=\"ketchum-timber-quote-content\">\n\t\t\t\t\t\t\t<h4 class=\"ketchum-timber-bold ketchum-timber-color-white\">\n\t\t\t\t\t\t\t\t\u201eWer nicht auf datengetriebene\u00a0 Entscheidungen setzt, wird im\u00a0 Kommunikationswettbewerb verlieren.\u201c \n\t\t\t\t\t\t\t<\/h4>\n\t\t\t\n\t\t\t\t\t\t\t\t\t\t\t\t\t\t<p class=\"ketchum-timber-p1 ketchum-timber-color-white\">\n\t\t\t\t\t\t\t\t<span class=\"ketchum-timber-bold\">\n\t\t\t\t\t\t\t\t\t\n\t\t\t\t\t\t\t\t<\/span>\n\t\t\t\t\t\t\t\t<br>\n\t\t\t\t\t\t\t\t\n\t\t\t\t\t\t\t\t<br>\n\t\t\t\t\t\t\t\t\n\t\t\t\t\t\t\t<\/p>\n\t\t\t\t\t\t<\/div>\n\t\t\t\t\t<\/div>\n\t\t\t\t\t\n\t\t\t\t\t<div class=\"col-12 col-lg-5\">\n\t\t\t\t\t\t<div class=\"ketchum-timber-quote-photo\">\n\t\t\t\t\t\t\t<img decoding=\"async\" src=\"\" alt=\"\">\n\t\t\t\t\t\t<\/div>\n\t\t\t\t\t<\/div>\n\t\t\t\t\n\t\t\t<\/div>\n\t\t<\/div>\n\t<\/div>\n<\/section>\n\n\n<p><\/p>\n\n\n\n<p><\/p>\n","protected":false},"excerpt":{"rendered":"<p>Die Vorteile von KI f\u00fcr Ihre Kommunikationsstrategie Das Ketchum Marketing Intelligence Playbook zeigt \u2026 Markttrends erkennen und analysieren KI kann durch die Auswertung riesiger Datenmengen aus verschiedenen Quellen aktuelle Entwicklungen und Ver\u00e4nderungen im Markt identifizieren. Zielgruppen-Bed\u00fcrfnisse verstehen Die feingradige Analyse von Konsumentendaten er\u00f6ffnet tiefere Einblicke in die Pr\u00e4ferenzen der Zielgruppen. Markenwahrnehmung optimieren KI erm\u00f6glicht es, [&hellip;]<\/p>\n","protected":false},"author":636,"featured_media":3313,"parent":0,"menu_order":0,"comment_status":"closed","ping_status":"closed","template":"","meta":{"_acf_changed":false,"footnotes":""},"class_list":["post-3246","page","type-page","status-publish","has-post-thumbnail","hentry"],"acf":[],"yoast_head":"<!-- This site is optimized with the Yoast SEO plugin v27.4 - https:\/\/yoast.com\/product\/yoast-seo-wordpress\/ -->\n<title>NEXT LEVEL MARKENMAGIE | Ketchum \u2013 Eine f\u00fchrende Agentur f\u00fcr Reputation, Markenkommunikation und Transformation<\/title>\n<meta name=\"description\" content=\"Ketchum ist eine der f\u00fchrenden Kommunikationsberatungen. Ketchum versteht sich als strategischer und operativer Partner der Kund:innen beim Auf- und Ausbau ihrer Marken und ihrer Reputation bei Medien, Influencer:innen und Konsument:innen, bei der Eroberung neuer M\u00e4rkte, bei dynamischen Ver\u00e4nderungsprozessen und in der Digitalen Transformation, bei der Bew\u00e4ltigung von Krisen sowie bei gesellschaftlichen und politischen Gestaltungsaufgaben.\" \/>\n<meta name=\"robots\" content=\"index, follow, max-snippet:-1, max-image-preview:large, max-video-preview:-1\" \/>\n<link rel=\"canonical\" href=\"https:\/\/www.ketchum.com\/germany\/miu\/\" \/>\n<meta property=\"og:locale\" content=\"de_DE\" \/>\n<meta property=\"og:type\" content=\"article\" \/>\n<meta property=\"og:title\" content=\"NEXT LEVEL MARKENMAGIE | Ketchum \u2013 Eine f\u00fchrende Agentur f\u00fcr Reputation, Markenkommunikation und Transformation\" \/>\n<meta property=\"og:description\" content=\"Ketchum ist eine der f\u00fchrenden Kommunikationsberatungen. Ketchum versteht sich als strategischer und operativer Partner der Kund:innen beim Auf- und Ausbau ihrer Marken und ihrer Reputation bei Medien, Influencer:innen und Konsument:innen, bei der Eroberung neuer M\u00e4rkte, bei dynamischen Ver\u00e4nderungsprozessen und in der Digitalen Transformation, bei der Bew\u00e4ltigung von Krisen sowie bei gesellschaftlichen und politischen Gestaltungsaufgaben.\" \/>\n<meta property=\"og:url\" content=\"https:\/\/www.ketchum.com\/germany\/miu\/\" \/>\n<meta property=\"og:site_name\" content=\"Ketchum Germany\" \/>\n<meta property=\"article:modified_time\" content=\"2025-02-21T13:53:15+00:00\" \/>\n<meta property=\"og:image\" content=\"https:\/\/www.ketchum.com\/germany\/wp-content\/uploads\/sites\/5\/2024\/09\/miu_Titel_16zu9_web.jpg\" \/>\n\t<meta property=\"og:image:width\" content=\"1921\" \/>\n\t<meta property=\"og:image:height\" content=\"1081\" \/>\n\t<meta property=\"og:image:type\" content=\"image\/jpeg\" \/>\n<meta name=\"twitter:card\" content=\"summary_large_image\" \/>\n<meta name=\"twitter:label1\" content=\"Est. reading time\" \/>\n\t<meta name=\"twitter:data1\" content=\"3 minutes\" \/>\n<script type=\"application\/ld+json\" class=\"yoast-schema-graph\">{\"@context\":\"https:\\\/\\\/schema.org\",\"@graph\":[{\"@type\":\"WebPage\",\"@id\":\"https:\\\/\\\/www.ketchum.com\\\/germany\\\/miu\\\/\",\"url\":\"https:\\\/\\\/www.ketchum.com\\\/germany\\\/miu\\\/\",\"name\":\"NEXT LEVEL MARKENMAGIE | Ketchum \u2013 Eine f\u00fchrende Agentur f\u00fcr Reputation, Markenkommunikation und Transformation\",\"isPartOf\":{\"@id\":\"https:\\\/\\\/www.ketchum.com\\\/germany\\\/#website\"},\"primaryImageOfPage\":{\"@id\":\"https:\\\/\\\/www.ketchum.com\\\/germany\\\/miu\\\/#primaryimage\"},\"image\":{\"@id\":\"https:\\\/\\\/www.ketchum.com\\\/germany\\\/miu\\\/#primaryimage\"},\"thumbnailUrl\":\"https:\\\/\\\/www.ketchum.com\\\/germany\\\/wp-content\\\/uploads\\\/sites\\\/5\\\/2024\\\/09\\\/miu_Titel_16zu9_web.jpg\",\"datePublished\":\"2024-09-11T07:28:27+00:00\",\"dateModified\":\"2025-02-21T13:53:15+00:00\",\"description\":\"Ketchum ist eine der f\u00fchrenden Kommunikationsberatungen. Ketchum versteht sich als strategischer und operativer Partner der Kund:innen beim Auf- und Ausbau ihrer Marken und ihrer Reputation bei Medien, Influencer:innen und Konsument:innen, bei der Eroberung neuer M\u00e4rkte, bei dynamischen Ver\u00e4nderungsprozessen und in der Digitalen Transformation, bei der Bew\u00e4ltigung von Krisen sowie bei gesellschaftlichen und politischen Gestaltungsaufgaben.\",\"breadcrumb\":{\"@id\":\"https:\\\/\\\/www.ketchum.com\\\/germany\\\/miu\\\/#breadcrumb\"},\"inLanguage\":\"de-DE\",\"potentialAction\":[{\"@type\":\"ReadAction\",\"target\":[\"https:\\\/\\\/www.ketchum.com\\\/germany\\\/miu\\\/\"]}]},{\"@type\":\"ImageObject\",\"inLanguage\":\"de-DE\",\"@id\":\"https:\\\/\\\/www.ketchum.com\\\/germany\\\/miu\\\/#primaryimage\",\"url\":\"https:\\\/\\\/www.ketchum.com\\\/germany\\\/wp-content\\\/uploads\\\/sites\\\/5\\\/2024\\\/09\\\/miu_Titel_16zu9_web.jpg\",\"contentUrl\":\"https:\\\/\\\/www.ketchum.com\\\/germany\\\/wp-content\\\/uploads\\\/sites\\\/5\\\/2024\\\/09\\\/miu_Titel_16zu9_web.jpg\",\"width\":1921,\"height\":1081},{\"@type\":\"BreadcrumbList\",\"@id\":\"https:\\\/\\\/www.ketchum.com\\\/germany\\\/miu\\\/#breadcrumb\",\"itemListElement\":[{\"@type\":\"ListItem\",\"position\":1,\"name\":\"Home\",\"item\":\"https:\\\/\\\/www.ketchum.com\\\/germany\\\/\"},{\"@type\":\"ListItem\",\"position\":2,\"name\":\"NEXT LEVEL MARKENMAGIE\"}]},{\"@type\":\"WebSite\",\"@id\":\"https:\\\/\\\/www.ketchum.com\\\/germany\\\/#website\",\"url\":\"https:\\\/\\\/www.ketchum.com\\\/germany\\\/\",\"name\":\"Ketchum Germany\",\"description\":\"Ketchum ist eine der f\u00fchrenden Kommunikationsberatungen. Ketchum versteht sich als strategischer und operativer Partner der Kund:innen beim Auf- und Ausbau ihrer Marken und ihrer Reputation bei Medien, Influencer:innen und Konsument:innen, bei der Eroberung neuer M\u00e4rkte, bei dynamischen Ver\u00e4nderungsprozessen und in der Digitalen Transformation, bei der Bew\u00e4ltigung von Krisen sowie bei gesellschaftlichen und politischen Gestaltungsaufgaben.\",\"potentialAction\":[{\"@type\":\"SearchAction\",\"target\":{\"@type\":\"EntryPoint\",\"urlTemplate\":\"https:\\\/\\\/www.ketchum.com\\\/germany\\\/?s={search_term_string}\"},\"query-input\":{\"@type\":\"PropertyValueSpecification\",\"valueRequired\":true,\"valueName\":\"search_term_string\"}}],\"inLanguage\":\"de-DE\"}]}<\/script>\n<!-- \/ Yoast SEO plugin. -->","yoast_head_json":{"title":"NEXT LEVEL MARKENMAGIE | Ketchum \u2013 Eine f\u00fchrende Agentur f\u00fcr Reputation, Markenkommunikation und Transformation","description":"Ketchum ist eine der f\u00fchrenden Kommunikationsberatungen. Ketchum versteht sich als strategischer und operativer Partner der Kund:innen beim Auf- und Ausbau ihrer Marken und ihrer Reputation bei Medien, Influencer:innen und Konsument:innen, bei der Eroberung neuer M\u00e4rkte, bei dynamischen Ver\u00e4nderungsprozessen und in der Digitalen Transformation, bei der Bew\u00e4ltigung von Krisen sowie bei gesellschaftlichen und politischen Gestaltungsaufgaben.","robots":{"index":"index","follow":"follow","max-snippet":"max-snippet:-1","max-image-preview":"max-image-preview:large","max-video-preview":"max-video-preview:-1"},"canonical":"https:\/\/www.ketchum.com\/germany\/miu\/","og_locale":"de_DE","og_type":"article","og_title":"NEXT LEVEL MARKENMAGIE | Ketchum \u2013 Eine f\u00fchrende Agentur f\u00fcr Reputation, Markenkommunikation und Transformation","og_description":"Ketchum ist eine der f\u00fchrenden Kommunikationsberatungen. Ketchum versteht sich als strategischer und operativer Partner der Kund:innen beim Auf- und Ausbau ihrer Marken und ihrer Reputation bei Medien, Influencer:innen und Konsument:innen, bei der Eroberung neuer M\u00e4rkte, bei dynamischen Ver\u00e4nderungsprozessen und in der Digitalen Transformation, bei der Bew\u00e4ltigung von Krisen sowie bei gesellschaftlichen und politischen Gestaltungsaufgaben.","og_url":"https:\/\/www.ketchum.com\/germany\/miu\/","og_site_name":"Ketchum Germany","article_modified_time":"2025-02-21T13:53:15+00:00","og_image":[{"width":1921,"height":1081,"url":"https:\/\/www.ketchum.com\/germany\/wp-content\/uploads\/sites\/5\/2024\/09\/miu_Titel_16zu9_web.jpg","type":"image\/jpeg"}],"twitter_card":"summary_large_image","twitter_misc":{"Est. reading time":"3 minutes"},"schema":{"@context":"https:\/\/schema.org","@graph":[{"@type":"WebPage","@id":"https:\/\/www.ketchum.com\/germany\/miu\/","url":"https:\/\/www.ketchum.com\/germany\/miu\/","name":"NEXT LEVEL MARKENMAGIE | Ketchum \u2013 Eine f\u00fchrende Agentur f\u00fcr Reputation, Markenkommunikation und Transformation","isPartOf":{"@id":"https:\/\/www.ketchum.com\/germany\/#website"},"primaryImageOfPage":{"@id":"https:\/\/www.ketchum.com\/germany\/miu\/#primaryimage"},"image":{"@id":"https:\/\/www.ketchum.com\/germany\/miu\/#primaryimage"},"thumbnailUrl":"https:\/\/www.ketchum.com\/germany\/wp-content\/uploads\/sites\/5\/2024\/09\/miu_Titel_16zu9_web.jpg","datePublished":"2024-09-11T07:28:27+00:00","dateModified":"2025-02-21T13:53:15+00:00","description":"Ketchum ist eine der f\u00fchrenden Kommunikationsberatungen. Ketchum versteht sich als strategischer und operativer Partner der Kund:innen beim Auf- und Ausbau ihrer Marken und ihrer Reputation bei Medien, Influencer:innen und Konsument:innen, bei der Eroberung neuer M\u00e4rkte, bei dynamischen Ver\u00e4nderungsprozessen und in der Digitalen Transformation, bei der Bew\u00e4ltigung von Krisen sowie bei gesellschaftlichen und politischen Gestaltungsaufgaben.","breadcrumb":{"@id":"https:\/\/www.ketchum.com\/germany\/miu\/#breadcrumb"},"inLanguage":"de-DE","potentialAction":[{"@type":"ReadAction","target":["https:\/\/www.ketchum.com\/germany\/miu\/"]}]},{"@type":"ImageObject","inLanguage":"de-DE","@id":"https:\/\/www.ketchum.com\/germany\/miu\/#primaryimage","url":"https:\/\/www.ketchum.com\/germany\/wp-content\/uploads\/sites\/5\/2024\/09\/miu_Titel_16zu9_web.jpg","contentUrl":"https:\/\/www.ketchum.com\/germany\/wp-content\/uploads\/sites\/5\/2024\/09\/miu_Titel_16zu9_web.jpg","width":1921,"height":1081},{"@type":"BreadcrumbList","@id":"https:\/\/www.ketchum.com\/germany\/miu\/#breadcrumb","itemListElement":[{"@type":"ListItem","position":1,"name":"Home","item":"https:\/\/www.ketchum.com\/germany\/"},{"@type":"ListItem","position":2,"name":"NEXT LEVEL MARKENMAGIE"}]},{"@type":"WebSite","@id":"https:\/\/www.ketchum.com\/germany\/#website","url":"https:\/\/www.ketchum.com\/germany\/","name":"Ketchum Germany","description":"Ketchum ist eine der f\u00fchrenden Kommunikationsberatungen. Ketchum versteht sich als strategischer und operativer Partner der Kund:innen beim Auf- und Ausbau ihrer Marken und ihrer Reputation bei Medien, Influencer:innen und Konsument:innen, bei der Eroberung neuer M\u00e4rkte, bei dynamischen Ver\u00e4nderungsprozessen und in der Digitalen Transformation, bei der Bew\u00e4ltigung von Krisen sowie bei gesellschaftlichen und politischen Gestaltungsaufgaben.","potentialAction":[{"@type":"SearchAction","target":{"@type":"EntryPoint","urlTemplate":"https:\/\/www.ketchum.com\/germany\/?s={search_term_string}"},"query-input":{"@type":"PropertyValueSpecification","valueRequired":true,"valueName":"search_term_string"}}],"inLanguage":"de-DE"}]}},"featured_image_src":"https:\/\/www.ketchum.com\/germany\/wp-content\/uploads\/sites\/5\/2024\/09\/miu_Titel_16zu9_web-600x400.jpg","featured_image_src_square":"https:\/\/www.ketchum.com\/germany\/wp-content\/uploads\/sites\/5\/2024\/09\/miu_Titel_16zu9_web-600x600.jpg","_links":{"self":[{"href":"https:\/\/www.ketchum.com\/germany\/wp-json\/wp\/v2\/pages\/3246","targetHints":{"allow":["GET"]}}],"collection":[{"href":"https:\/\/www.ketchum.com\/germany\/wp-json\/wp\/v2\/pages"}],"about":[{"href":"https:\/\/www.ketchum.com\/germany\/wp-json\/wp\/v2\/types\/page"}],"author":[{"embeddable":true,"href":"https:\/\/www.ketchum.com\/germany\/wp-json\/wp\/v2\/users\/636"}],"replies":[{"embeddable":true,"href":"https:\/\/www.ketchum.com\/germany\/wp-json\/wp\/v2\/comments?post=3246"}],"version-history":[{"count":0,"href":"https:\/\/www.ketchum.com\/germany\/wp-json\/wp\/v2\/pages\/3246\/revisions"}],"wp:featuredmedia":[{"embeddable":true,"href":"https:\/\/www.ketchum.com\/germany\/wp-json\/wp\/v2\/media\/3313"}],"wp:attachment":[{"href":"https:\/\/www.ketchum.com\/germany\/wp-json\/wp\/v2\/media?parent=3246"}],"curies":[{"name":"wp","href":"https:\/\/api.w.org\/{rel}","templated":true}]}}