{"id":2681,"date":"2024-06-24T10:57:12","date_gmt":"2024-06-24T10:57:12","guid":{"rendered":"https:\/\/ketchumcorpstg.wpengine.com\/germany\/?page_id=2633"},"modified":"2024-07-17T11:10:09","modified_gmt":"2024-07-17T11:10:09","slug":"unterseite-krisensimulation-fuer-unternehmen","status":"publish","type":"page","link":"https:\/\/www.ketchum.com\/germany\/unterseite-krisensimulation-fuer-unternehmen\/","title":{"rendered":"Unterseite Krisensimulation f\u00fcr Unternehmen"},"content":{"rendered":"\n<div class=\"wp-block-cover is-light bannerTopImg\" style=\"min-height:776px;aspect-ratio:unset;\"><span aria-hidden=\"true\" class=\"wp-block-cover__background has-background-dim-0 has-background-dim\" style=\"background-color:#9f95af\"><\/span><img decoding=\"async\" class=\"wp-block-cover__image-background wp-image-2635\" alt=\"\" src=\"https:\/\/www.ketchum.com\/germany\/wp-content\/uploads\/sites\/5\/2024\/06\/image006_553x553px-2.png\" data-object-fit=\"cover\"\/><div class=\"wp-block-cover__inner-container is-layout-constrained wp-block-cover-is-layout-constrained\">\n<div style=\"height:400px\" aria-hidden=\"true\" class=\"wp-block-spacer bannerSpace\"><\/div>\n\n\n\n<p class=\"has-text-align-center has-white-color has-text-color has-link-color has-medium-font-size wp-elements-350b2aaa739300603a00b227e0df967b\"><strong>Krisensimulation:<\/strong><\/p>\n\n\n<style>@media only screen and (max-width: 1200px) {.gb-69f0f3b631de5{}}@media only screen and (max-width: 600px) {.gb-69f0f3b631de5{}}<\/style>\n<h1 class=\"gb-69f0f3b631de5 wp-block-heading has-text-align-center anchorTagCls headerHeadings_mob has-white-color has-text-color has-link-color wp-elements-1efcb8f292b8ac5677d3790f5e1aea50\" style=\"font-size:46px\">WIE SIE UNVORHERGESEHENE<br> HERAUSFORDERUNGEN MEISTERN:<br> EINE KRISENSIMULATION F\u00dcR UNTERNEHMEN<\/h1>\n<\/div><\/div>\n\n\n\n<div class=\"wp-block-genesis-blocks-gb-container simulationContiner gb-block-container\"><div class=\"gb-container-inside\"><div class=\"gb-container-content\">\n<div class=\"wp-block-genesis-blocks-gb-container container gb-block-container\"><div class=\"gb-container-inside\"><div class=\"gb-container-image-wrap\"><img decoding=\"async\" class=\"gb-container-image has-background-dim\" object-fit=\"cover\"  object-fit=\"cover\"  src=\"https:\/\/www.ketchum.com\/germany\/wp-content\/uploads\/sites\/5\/2024\/06\/Element_Grid_pattern_bg.svg\" alt=\"\"\/><\/div><div class=\"gb-container-content\">\n<div class=\"wp-block-columns is-layout-flex wp-container-core-columns-is-layout-9d6595d7 wp-block-columns-is-layout-flex\">\n<div class=\"wp-block-column is-layout-flow wp-block-column-is-layout-flow\" style=\"padding-top:var(--wp--preset--spacing--50);padding-right:var(--wp--preset--spacing--40);padding-bottom:0;padding-left:var(--wp--preset--spacing--40)\"><style>@media only screen and (max-width: 1200px) {.gb-69f0f3b6322a7{}}<\/style>\n<h3 class=\"gb-69f0f3b6322a7 wp-block-heading h5FontSize_mob\" style=\"font-size:34px\">Ob Sie erfolgreich durch eine Krise navigieren k\u00f6nnen, zeigt kein theorisiertes Planspiel, sondern eine praxisnahe Simulation. Sie wollen wissen: Ist Ihr Unternehmen auf den Krisenfall wie Cyberangriff oder Proteste vorbereitet? Wei\u00df jeder, was zu tun ist? Und arbeiten alle Unternehmensbereiche im Krisenfall effizient zusammen, auch wenn sie im Alltag wenig Ber\u00fchrungspunkte haben? <br><mark style=\"background-color:rgba(0, 0, 0, 0);color:#9a1960\" class=\"has-inline-color\">Eine Antwort darauf gibt Ihnen eine Krisensimulation.<\/mark><\/h3>\n\n\n\n<div style=\"height:100px\" aria-hidden=\"true\" class=\"wp-block-spacer reduceSpacer\"><\/div>\n\n\n<div class=\"wp-block-image\">\n<figure class=\"aligncenter size-full\"><img decoding=\"async\" src=\"https:\/\/www.ketchum.com\/germany\/wp-content\/uploads\/sites\/5\/2024\/06\/icon_013.svg\" alt=\"\" class=\"wp-image-2653\"\/><\/figure>\n<\/div><\/div>\n\n\n\n<div class=\"wp-block-column is-layout-flow wp-block-column-is-layout-flow\">\n<div class=\"wp-block-genesis-blocks-gb-container gb-block-container\"><div class=\"gb-container-inside\"><div class=\"gb-container-content\">\n<div class=\"wp-block-columns is-layout-flex wp-container-core-columns-is-layout-9d6595d7 wp-block-columns-is-layout-flex\" id=\"germanyVerticalborderOne\">\n<div class=\"wp-block-column is-layout-flow wp-block-column-is-layout-flow\">\n<div style=\"height:200px\" aria-hidden=\"true\" class=\"wp-block-spacer spaceX\"><\/div>\n\n\n<style>@media only screen and (max-width: 1200px) {.gb-69f0f3b632498{}}@media only screen and (max-width: 600px) {.gb-69f0f3b632498{}}<\/style>\n<h3 class=\"gb-69f0f3b632498 wp-block-heading h5FontSize_mob has-white-color has-text-color has-background has-link-color wp-elements-4eba61b94f4b9dd484d9db6d01735465\" style=\"background-color:#9a1a60;padding-top:var(--wp--preset--spacing--80);padding-right:var(--wp--preset--spacing--70);padding-bottom:var(--wp--preset--spacing--80);padding-left:var(--wp--preset--spacing--70);font-size:34px\">Dabei gilt: <mark style=\"background-color:rgba(0, 0, 0, 0)\" class=\"has-inline-color has-luminous-vivid-amber-color\">Jede Krisensimulation bedeutet mehr Sicherheit<\/mark>. Sie lernen, reale kritische Situationen zu bew\u00e4ltigen und k\u00f6nnen bestehende Krisenprozesse durch den Praxistest aller Krisenmaterialien verbessern. Die Akteure des Krisenstabs gewinnen an Routine und die Teilnehmenden gewinnen an Erfahrung durch Selbstreflektion.<\/h3>\n<\/div>\n<\/div>\n<\/div><\/div><\/div>\n<\/div>\n<\/div>\n<\/div><\/div><\/div>\n<\/div><\/div><\/div>\n\n\n\n<div class=\"wp-block-genesis-blocks-gb-container gb-block-container\"><div class=\"gb-container-inside\"><div class=\"gb-container-content\">\n<div class=\"wp-block-genesis-blocks-gb-container container gb-block-container\"><div class=\"gb-container-inside\"><div class=\"gb-container-image-wrap\"><img decoding=\"async\" class=\"gb-container-image has-background-dim\" object-fit=\"cover\"  object-fit=\"cover\"  src=\"https:\/\/www.ketchum.com\/germany\/wp-content\/uploads\/sites\/5\/2024\/06\/Element_Grid_pattern_bg.svg\" alt=\"\"\/><\/div><div class=\"gb-container-content\">\n<div class=\"wp-block-columns is-layout-flex wp-container-core-columns-is-layout-9d6595d7 wp-block-columns-is-layout-flex\">\n<div class=\"wp-block-column firstKrisenexpertBlock is-layout-flow wp-block-column-is-layout-flow\" style=\"padding-top:var(--wp--preset--spacing--80);padding-right:var(--wp--preset--spacing--80);padding-bottom:var(--wp--preset--spacing--40);padding-left:var(--wp--preset--spacing--80)\">\n<p class=\"paralineHeight parafontsize_mob has-medium-font-size\"><strong>Unsere Krisenexpert:innen f\u00fchren und begleiten die Krisensimulationen. Unser Angebot umfasst f\u00fcnf Schritte.<\/strong><\/p>\n\n\n\n<p class=\"paralineHeight parafontsize_mob has-medium-font-size\">1. <strong>Szenario-Roadmap mit Inject-\u00dcbersicht<\/strong><\/p>\n\n\n\n<p class=\"paralineHeight parafontsize_mob has-medium-font-size\">Entwicklung und Ausarbeitung eines Grundszenarios f\u00fcr die zu simulierende Krise.<\/p>\n\n\n\n<p class=\"paralineHeight parafontsize_mob has-medium-font-size\"> 2. <strong>Drehbuch (Regieplan)<\/strong> <\/p>\n\n\n\n<p class=\"paralineHeight parafontsize_mob has-medium-font-size\">Erstellung eines detaillierten Drehbuchs auf Grundlage der Szenario-Roadmap sowie eines Masterdokuments f\u00fcr die Durchf\u00fchrung. <\/p>\n\n\n\n<p class=\"paralineHeight parafontsize_mob has-medium-font-size\">3. <strong>Injects (Einspieler)<\/strong><\/p>\n\n\n\n<p class=\"paralineHeight parafontsize_mob has-medium-font-size\">Konzeption, Redaktion, Gestaltung (Mock-ups) und Produktion von realit\u00e4tsnahen\u202fInjects, beispielsweise Beh\u00f6rden- und Medienanfragen (z. B. Anrufe, Radio-\/TV-Beitr\u00e4ge, \u00dcberraschungs-interviews),\u202fReaktionen von Kund:innen (z. B. Social-Media-Aktivit\u00e4ten, Kundenbeschwerden).<\/p>\n<\/div>\n\n\n\n<div class=\"wp-block-column is-layout-flow wp-block-column-is-layout-flow\">\n<div style=\"height:200px\" aria-hidden=\"true\" class=\"wp-block-spacer spaceX\"><\/div>\n\n\n\n<p class=\"paralineHeight parafontsize_mob has-medium-font-size\">4. <strong>Durchf\u00fchrung der Krisensimulation <\/strong><\/p>\n\n\n\n<p class=\"paralineHeight parafontsize_mob has-medium-font-size\">Die Krisensimulation dauert in der Regel vier bis f\u00fcnf Stunden. Die Leistungen von Ketchum umfassen dabei:  <\/p>\n\n\n\n<ul style=\"font-size:20px\" class=\"parafontsize_mob wp-block-list\">\n<li style=\"font-size:20px\">Einf\u00fchrung und Erl\u00e4uterung der Spielregeln<\/li>\n\n\n\n<li style=\"font-size:20px\">Regie und Gesamtkoordination aller Injects <\/li>\n\n\n\n<li style=\"font-size:20px\">Beobachtung\/Dokumentation <\/li>\n\n\n\n<li style=\"font-size:20px\">Schauspieler\/Akteure je nach Simulationsszenario <\/li>\n\n\n\n<li style=\"font-size:20px\">Abschluss Simulation mit einer ersten Feedbackrunde<\/li>\n<\/ul>\n\n\n\n<p class=\"paralineHeight parafontsize_mob has-medium-font-size\">5. <strong>Management-Report, inkl. Empfehlungen\/Feedback<\/strong><\/p>\n\n\n\n<p class=\"paralineHeight parafontsize_mob has-medium-font-size\">Erstellung eines Management-Reports, inkl. Analyse der Stabsarbeit\/Rollen\/Prozesse, Einzeleinsch\u00e4tzung, Handlungsempfehlungen f\u00fcr die Erg\u00e4nzung und Optimierung bestehender Prozesse und Krisenmaterialien.<\/p>\n<\/div>\n<\/div>\n<\/div><\/div><\/div>\n<\/div><\/div><\/div>\n\n\n","protected":false},"excerpt":{"rendered":"Krisensimulation: WIE SIE UNVORHERGESEHENE HERAUSFORDERUNGEN MEISTERN: EINE KRISENSIMULATION F\u00dcR UNTERNEHMEN Ob Sie erfolgreich durch eine Krise navigieren k\u00f6nnen, zeigt kein theorisiertes Planspiel, sondern eine praxisnahe Simulation. Sie wollen wissen: Ist Ihr Unternehmen auf den Krisenfall wie Cyberangriff oder Proteste vorbereitet? Wei\u00df jeder, was zu tun ist? Und arbeiten alle Unternehmensbereiche im Krisenfall effizient zusammen, auch [...]","protected":false},"author":3,"featured_media":0,"parent":0,"menu_order":0,"comment_status":"closed","ping_status":"closed","template":"","meta":{"_acf_changed":false,"footnotes":""},"class_list":["post-2681","page","type-page","status-publish","hentry"],"acf":[],"yoast_head":"<!-- This site is optimized with the Yoast SEO plugin v27.4 - https:\/\/yoast.com\/product\/yoast-seo-wordpress\/ -->\n<title>Unterseite Krisensimulation f\u00fcr Unternehmen | Ketchum \u2013 Eine f\u00fchrende Agentur f\u00fcr Reputation, Markenkommunikation und Transformation<\/title>\n<meta name=\"description\" content=\"Ketchum ist eine der f\u00fchrenden Kommunikationsberatungen. Ketchum versteht sich als strategischer und operativer Partner der Kund:innen beim Auf- und Ausbau ihrer Marken und ihrer Reputation bei Medien, Influencer:innen und Konsument:innen, bei der Eroberung neuer M\u00e4rkte, bei dynamischen Ver\u00e4nderungsprozessen und in der Digitalen Transformation, bei der Bew\u00e4ltigung von Krisen sowie bei gesellschaftlichen und politischen Gestaltungsaufgaben.\" \/>\n<meta name=\"robots\" content=\"index, follow, max-snippet:-1, max-image-preview:large, max-video-preview:-1\" \/>\n<link rel=\"canonical\" href=\"https:\/\/www.ketchum.com\/germany\/unterseite-krisensimulation-fuer-unternehmen\/\" \/>\n<meta property=\"og:locale\" content=\"de_DE\" \/>\n<meta property=\"og:type\" content=\"article\" \/>\n<meta property=\"og:title\" content=\"Unterseite Krisensimulation f\u00fcr Unternehmen | Ketchum \u2013 Eine f\u00fchrende Agentur f\u00fcr Reputation, Markenkommunikation und Transformation\" \/>\n<meta property=\"og:description\" content=\"Ketchum ist eine der f\u00fchrenden Kommunikationsberatungen. Ketchum versteht sich als strategischer und operativer Partner der Kund:innen beim Auf- und Ausbau ihrer Marken und ihrer Reputation bei Medien, Influencer:innen und Konsument:innen, bei der Eroberung neuer M\u00e4rkte, bei dynamischen Ver\u00e4nderungsprozessen und in der Digitalen Transformation, bei der Bew\u00e4ltigung von Krisen sowie bei gesellschaftlichen und politischen Gestaltungsaufgaben.\" \/>\n<meta property=\"og:url\" content=\"https:\/\/www.ketchum.com\/germany\/unterseite-krisensimulation-fuer-unternehmen\/\" \/>\n<meta property=\"og:site_name\" content=\"Ketchum Germany\" \/>\n<meta property=\"article:modified_time\" content=\"2024-07-17T11:10:09+00:00\" \/>\n<meta property=\"og:image\" content=\"https:\/\/www.ketchum.com\/germany\/wp-content\/uploads\/sites\/5\/2024\/06\/image006_553x553px-2.png\" \/>\n<meta name=\"twitter:card\" content=\"summary_large_image\" \/>\n<meta name=\"twitter:label1\" content=\"Est. reading time\" \/>\n\t<meta name=\"twitter:data1\" content=\"2 minutes\" \/>\n<script type=\"application\/ld+json\" class=\"yoast-schema-graph\">{\"@context\":\"https:\\\/\\\/schema.org\",\"@graph\":[{\"@type\":\"WebPage\",\"@id\":\"https:\\\/\\\/www.ketchum.com\\\/germany\\\/unterseite-krisensimulation-fuer-unternehmen\\\/\",\"url\":\"https:\\\/\\\/www.ketchum.com\\\/germany\\\/unterseite-krisensimulation-fuer-unternehmen\\\/\",\"name\":\"Unterseite Krisensimulation f\u00fcr Unternehmen | Ketchum \u2013 Eine f\u00fchrende Agentur f\u00fcr Reputation, Markenkommunikation und Transformation\",\"isPartOf\":{\"@id\":\"https:\\\/\\\/www.ketchum.com\\\/germany\\\/#website\"},\"primaryImageOfPage\":{\"@id\":\"https:\\\/\\\/www.ketchum.com\\\/germany\\\/unterseite-krisensimulation-fuer-unternehmen\\\/#primaryimage\"},\"image\":{\"@id\":\"https:\\\/\\\/www.ketchum.com\\\/germany\\\/unterseite-krisensimulation-fuer-unternehmen\\\/#primaryimage\"},\"thumbnailUrl\":\"https:\\\/\\\/www.ketchum.com\\\/germany\\\/wp-content\\\/uploads\\\/sites\\\/5\\\/2024\\\/06\\\/image006_553x553px-2.png\",\"datePublished\":\"2024-06-24T10:57:12+00:00\",\"dateModified\":\"2024-07-17T11:10:09+00:00\",\"description\":\"Ketchum ist eine der f\u00fchrenden Kommunikationsberatungen. Ketchum versteht sich als strategischer und operativer Partner der Kund:innen beim Auf- und Ausbau ihrer Marken und ihrer Reputation bei Medien, Influencer:innen und Konsument:innen, bei der Eroberung neuer M\u00e4rkte, bei dynamischen Ver\u00e4nderungsprozessen und in der Digitalen Transformation, bei der Bew\u00e4ltigung von Krisen sowie bei gesellschaftlichen und politischen Gestaltungsaufgaben.\",\"breadcrumb\":{\"@id\":\"https:\\\/\\\/www.ketchum.com\\\/germany\\\/unterseite-krisensimulation-fuer-unternehmen\\\/#breadcrumb\"},\"inLanguage\":\"de-DE\",\"potentialAction\":[{\"@type\":\"ReadAction\",\"target\":[\"https:\\\/\\\/www.ketchum.com\\\/germany\\\/unterseite-krisensimulation-fuer-unternehmen\\\/\"]}]},{\"@type\":\"ImageObject\",\"inLanguage\":\"de-DE\",\"@id\":\"https:\\\/\\\/www.ketchum.com\\\/germany\\\/unterseite-krisensimulation-fuer-unternehmen\\\/#primaryimage\",\"url\":\"\",\"contentUrl\":\"\"},{\"@type\":\"BreadcrumbList\",\"@id\":\"https:\\\/\\\/www.ketchum.com\\\/germany\\\/unterseite-krisensimulation-fuer-unternehmen\\\/#breadcrumb\",\"itemListElement\":[{\"@type\":\"ListItem\",\"position\":1,\"name\":\"Home\",\"item\":\"https:\\\/\\\/www.ketchum.com\\\/germany\\\/\"},{\"@type\":\"ListItem\",\"position\":2,\"name\":\"Unterseite Krisensimulation f\u00fcr Unternehmen\"}]},{\"@type\":\"WebSite\",\"@id\":\"https:\\\/\\\/www.ketchum.com\\\/germany\\\/#website\",\"url\":\"https:\\\/\\\/www.ketchum.com\\\/germany\\\/\",\"name\":\"Ketchum Germany\",\"description\":\"Ketchum ist eine der f\u00fchrenden Kommunikationsberatungen. Ketchum versteht sich als strategischer und operativer Partner der Kund:innen beim Auf- und Ausbau ihrer Marken und ihrer Reputation bei Medien, Influencer:innen und Konsument:innen, bei der Eroberung neuer M\u00e4rkte, bei dynamischen Ver\u00e4nderungsprozessen und in der Digitalen Transformation, bei der Bew\u00e4ltigung von Krisen sowie bei gesellschaftlichen und politischen Gestaltungsaufgaben.\",\"potentialAction\":[{\"@type\":\"SearchAction\",\"target\":{\"@type\":\"EntryPoint\",\"urlTemplate\":\"https:\\\/\\\/www.ketchum.com\\\/germany\\\/?s={search_term_string}\"},\"query-input\":{\"@type\":\"PropertyValueSpecification\",\"valueRequired\":true,\"valueName\":\"search_term_string\"}}],\"inLanguage\":\"de-DE\"}]}<\/script>\n<!-- \/ Yoast SEO plugin. -->","yoast_head_json":{"title":"Unterseite Krisensimulation f\u00fcr Unternehmen | Ketchum \u2013 Eine f\u00fchrende Agentur f\u00fcr Reputation, Markenkommunikation und Transformation","description":"Ketchum ist eine der f\u00fchrenden Kommunikationsberatungen. Ketchum versteht sich als strategischer und operativer Partner der Kund:innen beim Auf- und Ausbau ihrer Marken und ihrer Reputation bei Medien, Influencer:innen und Konsument:innen, bei der Eroberung neuer M\u00e4rkte, bei dynamischen Ver\u00e4nderungsprozessen und in der Digitalen Transformation, bei der Bew\u00e4ltigung von Krisen sowie bei gesellschaftlichen und politischen Gestaltungsaufgaben.","robots":{"index":"index","follow":"follow","max-snippet":"max-snippet:-1","max-image-preview":"max-image-preview:large","max-video-preview":"max-video-preview:-1"},"canonical":"https:\/\/www.ketchum.com\/germany\/unterseite-krisensimulation-fuer-unternehmen\/","og_locale":"de_DE","og_type":"article","og_title":"Unterseite Krisensimulation f\u00fcr Unternehmen | Ketchum \u2013 Eine f\u00fchrende Agentur f\u00fcr Reputation, Markenkommunikation und Transformation","og_description":"Ketchum ist eine der f\u00fchrenden Kommunikationsberatungen. Ketchum versteht sich als strategischer und operativer Partner der Kund:innen beim Auf- und Ausbau ihrer Marken und ihrer Reputation bei Medien, Influencer:innen und Konsument:innen, bei der Eroberung neuer M\u00e4rkte, bei dynamischen Ver\u00e4nderungsprozessen und in der Digitalen Transformation, bei der Bew\u00e4ltigung von Krisen sowie bei gesellschaftlichen und politischen Gestaltungsaufgaben.","og_url":"https:\/\/www.ketchum.com\/germany\/unterseite-krisensimulation-fuer-unternehmen\/","og_site_name":"Ketchum Germany","article_modified_time":"2024-07-17T11:10:09+00:00","og_image":[{"url":"https:\/\/www.ketchum.com\/germany\/wp-content\/uploads\/sites\/5\/2024\/06\/image006_553x553px-2.png","type":"","width":"","height":""}],"twitter_card":"summary_large_image","twitter_misc":{"Est. reading time":"2 minutes"},"schema":{"@context":"https:\/\/schema.org","@graph":[{"@type":"WebPage","@id":"https:\/\/www.ketchum.com\/germany\/unterseite-krisensimulation-fuer-unternehmen\/","url":"https:\/\/www.ketchum.com\/germany\/unterseite-krisensimulation-fuer-unternehmen\/","name":"Unterseite Krisensimulation f\u00fcr Unternehmen | Ketchum \u2013 Eine f\u00fchrende Agentur f\u00fcr Reputation, Markenkommunikation und Transformation","isPartOf":{"@id":"https:\/\/www.ketchum.com\/germany\/#website"},"primaryImageOfPage":{"@id":"https:\/\/www.ketchum.com\/germany\/unterseite-krisensimulation-fuer-unternehmen\/#primaryimage"},"image":{"@id":"https:\/\/www.ketchum.com\/germany\/unterseite-krisensimulation-fuer-unternehmen\/#primaryimage"},"thumbnailUrl":"https:\/\/www.ketchum.com\/germany\/wp-content\/uploads\/sites\/5\/2024\/06\/image006_553x553px-2.png","datePublished":"2024-06-24T10:57:12+00:00","dateModified":"2024-07-17T11:10:09+00:00","description":"Ketchum ist eine der f\u00fchrenden Kommunikationsberatungen. Ketchum versteht sich als strategischer und operativer Partner der Kund:innen beim Auf- und Ausbau ihrer Marken und ihrer Reputation bei Medien, Influencer:innen und Konsument:innen, bei der Eroberung neuer M\u00e4rkte, bei dynamischen Ver\u00e4nderungsprozessen und in der Digitalen Transformation, bei der Bew\u00e4ltigung von Krisen sowie bei gesellschaftlichen und politischen Gestaltungsaufgaben.","breadcrumb":{"@id":"https:\/\/www.ketchum.com\/germany\/unterseite-krisensimulation-fuer-unternehmen\/#breadcrumb"},"inLanguage":"de-DE","potentialAction":[{"@type":"ReadAction","target":["https:\/\/www.ketchum.com\/germany\/unterseite-krisensimulation-fuer-unternehmen\/"]}]},{"@type":"ImageObject","inLanguage":"de-DE","@id":"https:\/\/www.ketchum.com\/germany\/unterseite-krisensimulation-fuer-unternehmen\/#primaryimage","url":"","contentUrl":""},{"@type":"BreadcrumbList","@id":"https:\/\/www.ketchum.com\/germany\/unterseite-krisensimulation-fuer-unternehmen\/#breadcrumb","itemListElement":[{"@type":"ListItem","position":1,"name":"Home","item":"https:\/\/www.ketchum.com\/germany\/"},{"@type":"ListItem","position":2,"name":"Unterseite Krisensimulation f\u00fcr Unternehmen"}]},{"@type":"WebSite","@id":"https:\/\/www.ketchum.com\/germany\/#website","url":"https:\/\/www.ketchum.com\/germany\/","name":"Ketchum Germany","description":"Ketchum ist eine der f\u00fchrenden Kommunikationsberatungen. Ketchum versteht sich als strategischer und operativer Partner der Kund:innen beim Auf- und Ausbau ihrer Marken und ihrer Reputation bei Medien, Influencer:innen und Konsument:innen, bei der Eroberung neuer M\u00e4rkte, bei dynamischen Ver\u00e4nderungsprozessen und in der Digitalen Transformation, bei der Bew\u00e4ltigung von Krisen sowie bei gesellschaftlichen und politischen Gestaltungsaufgaben.","potentialAction":[{"@type":"SearchAction","target":{"@type":"EntryPoint","urlTemplate":"https:\/\/www.ketchum.com\/germany\/?s={search_term_string}"},"query-input":{"@type":"PropertyValueSpecification","valueRequired":true,"valueName":"search_term_string"}}],"inLanguage":"de-DE"}]}},"featured_image_src":null,"featured_image_src_square":null,"_links":{"self":[{"href":"https:\/\/www.ketchum.com\/germany\/wp-json\/wp\/v2\/pages\/2681","targetHints":{"allow":["GET"]}}],"collection":[{"href":"https:\/\/www.ketchum.com\/germany\/wp-json\/wp\/v2\/pages"}],"about":[{"href":"https:\/\/www.ketchum.com\/germany\/wp-json\/wp\/v2\/types\/page"}],"author":[{"embeddable":true,"href":"https:\/\/www.ketchum.com\/germany\/wp-json\/wp\/v2\/users\/3"}],"replies":[{"embeddable":true,"href":"https:\/\/www.ketchum.com\/germany\/wp-json\/wp\/v2\/comments?post=2681"}],"version-history":[{"count":0,"href":"https:\/\/www.ketchum.com\/germany\/wp-json\/wp\/v2\/pages\/2681\/revisions"}],"wp:attachment":[{"href":"https:\/\/www.ketchum.com\/germany\/wp-json\/wp\/v2\/media?parent=2681"}],"curies":[{"name":"wp","href":"https:\/\/api.w.org\/{rel}","templated":true}]}}