{"id":2663,"date":"2024-06-24T12:32:43","date_gmt":"2024-06-24T12:32:43","guid":{"rendered":"https:\/\/ketchumcorpstg.wpengine.com\/germany\/?page_id=2663"},"modified":"2024-07-17T10:48:02","modified_gmt":"2024-07-17T10:48:02","slug":"unterseite-krisentraining","status":"publish","type":"page","link":"https:\/\/www.ketchum.com\/germany\/unterseite-krisentraining\/","title":{"rendered":"Unterseite Krisentraining"},"content":{"rendered":"\n<div class=\"wp-block-cover is-light bannerTopImg\" style=\"min-height:776px;aspect-ratio:unset;\"><span aria-hidden=\"true\" class=\"wp-block-cover__background has-background-dim-0 has-background-dim\" style=\"background-color:#cbccce\"><\/span><img decoding=\"async\" class=\"wp-block-cover__image-background wp-image-2412\" alt=\"\" src=\"https:\/\/www.ketchum.com\/germany\/wp-content\/uploads\/sites\/5\/2024\/06\/image005_553x553px.png\" style=\"object-position:50% 16%\" data-object-fit=\"cover\" data-object-position=\"50% 16%\"\/><div class=\"wp-block-cover__inner-container is-layout-constrained wp-block-cover-is-layout-constrained\">\n<div style=\"height:200px\" aria-hidden=\"true\" class=\"wp-block-spacer\"><\/div>\n\n\n\n<p class=\"has-text-align-center has-white-color has-text-color has-link-color has-medium-font-size wp-elements-70473568d7a92243f5e5fddcf2d125fc\">Krisentraining :<\/p>\n\n\n<style>@media only screen and (max-width: 1200px) {.gb-69f0f3ee3b7d6{}}@media only screen and (max-width: 600px) {.gb-69f0f3ee3b7d6{}}<\/style>\n<h2 class=\"gb-69f0f3ee3b7d6 wp-block-heading has-text-align-center anchorTagCls headerHeadings_mob has-white-color has-text-color has-link-color wp-elements-ac600a61d8a04c533df50d1e7372bdfb\" style=\"font-size:46px\">\u00dcBUNG MACHT DEN MEISTER<\/h2>\n<\/div><\/div>\n\n\n\n<div class=\"wp-block-genesis-blocks-gb-container untersieteContainer gb-block-container\"><div class=\"gb-container-inside\"><div class=\"gb-container-content\">\n<div class=\"wp-block-genesis-blocks-gb-container container gb-block-container\"><div class=\"gb-container-inside\"><div class=\"gb-container-content\">\n<div class=\"wp-block-columns centerImg is-layout-flex wp-container-core-columns-is-layout-95296688 wp-block-columns-is-layout-flex\" style=\"padding-top:var(--wp--preset--spacing--80);padding-bottom:0\">\n<div class=\"wp-block-column is-layout-flow wp-block-column-is-layout-flow\"><style>@media only screen and (max-width: 1200px) {.gb-69f0f3ee3bcbc{}}@media only screen and (max-width: 600px) {.gb-69f0f3ee3bcbc{}}<\/style>\n<h3 class=\"gb-69f0f3ee3bcbc wp-block-heading h5FontSize_mob\" style=\"font-size:34px\">Was bringen Handbuch, Checkliste und Prozessbeschreibung, wenn man deren Anwendung nicht regelm\u00e4\u00dfig trainiert? Die Antwort liegt auf der Hand: Wenig. Wenn man es optimistisch formuliert. In der Krise gilt es, zielgerichtet, selbstsicher und schnell zu agieren. Wer im Ernstfall erst beginnt, die Krisenmanagement-Materialien kennenzulernen, verliert wertvolle Zeit. <mark style=\"background-color:rgba(0, 0, 0, 0);color:#0279a2\" class=\"has-inline-color\">Deshalb sind Krisentrainings unerl\u00e4sslich, um den Umgang mit Prozessen und Materialien zu beherrschen.<\/mark><\/h3>\n<\/div>\n\n\n\n<div class=\"wp-block-column is-layout-flow wp-block-column-is-layout-flow\"><div class=\"wp-block-image\">\n<figure class=\"aligncenter size-large is-resized\"><img decoding=\"async\" src=\"https:\/\/www.ketchum.com\/germany\/wp-content\/uploads\/sites\/5\/2024\/06\/iStock-1650175073-1024x540.jpg\" alt=\"\" class=\"wp-image-2546\" style=\"object-fit:cover;width:400px;height:400px\"\/><\/figure>\n<\/div><\/div>\n<\/div>\n<\/div><\/div><\/div>\n<\/div><\/div><\/div>\n\n\n\n<div class=\"wp-block-genesis-blocks-gb-container gb-block-container\"><div class=\"gb-container-inside\"><div class=\"gb-container-content\">\n<div class=\"wp-block-genesis-blocks-gb-container container gb-block-container\"><div class=\"gb-container-inside\"><div class=\"gb-container-content\">\n<div class=\"wp-block-columns centerImg is-layout-flex wp-container-core-columns-is-layout-9c096309 wp-block-columns-is-layout-flex\" style=\"padding-top:var(--wp--preset--spacing--50);padding-bottom:0\">\n<div class=\"wp-block-column is-layout-flow wp-block-column-is-layout-flow\"><div class=\"wp-block-image\">\n<figure class=\"aligncenter size-full\"><img decoding=\"async\" src=\"https:\/\/www.ketchum.com\/germany\/wp-content\/uploads\/sites\/5\/2024\/06\/icon_012-1.svg\" alt=\"\" class=\"wp-image-2684\" style=\"object-fit:cover\"\/><\/figure>\n<\/div><\/div>\n\n\n\n<div class=\"wp-block-column is-layout-flow wp-block-column-is-layout-flow\">\n<h3 class=\"wp-block-heading crisisTextHeadlines h5FontSize_mob\" style=\"font-size:46px\">ABLAUF EINES KRISENTRAININGS<\/h3>\n\n\n\n<p class=\"parafontsize_mob paralineHeight has-medium-font-size\">Beim Krisentraining bearbeiten die Teilnehmenden systematisch einen realit\u00e4tsnahen Krisenfall. Dabei steht weniger der eigentliche Fall, als vielmehr der Umgang mit den definierten Krisenprozessen und den zur Verf\u00fcgung stehenden Krisenmaterialien sowie das Ausf\u00fcllen der zugewiesenen Rollen im Fokus. Im Gegensatz zur Krisensimulation unterst\u00fctzen wir die Teilnehmenden w\u00e4hrend des Krisentrainings bei Bedarf durch Hinweise und Empfehlungen. <\/p>\n<\/div>\n<\/div>\n<\/div><\/div><\/div>\n<\/div><\/div><\/div>\n\n\n\n<div class=\"wp-block-genesis-blocks-gb-container gb-block-container\"><div class=\"gb-container-inside\"><div class=\"gb-container-content\">\n<div class=\"wp-block-genesis-blocks-gb-container container gb-block-container\"><div class=\"gb-container-inside\"><div class=\"gb-container-content\">\n<div class=\"wp-block-columns centerImg is-layout-flex wp-container-core-columns-is-layout-9c096309 wp-block-columns-is-layout-flex\" style=\"padding-top:var(--wp--preset--spacing--50);padding-bottom:0\">\n<div class=\"wp-block-column is-layout-flow wp-block-column-is-layout-flow\"><\/div>\n\n\n\n<div class=\"wp-block-column VerticalborderSpecial has-background is-layout-flow wp-block-column-is-layout-flow\" style=\"background-color:#0079a2;padding-top:var(--wp--preset--spacing--80);padding-right:var(--wp--preset--spacing--80);padding-bottom:var(--wp--preset--spacing--80);padding-left:var(--wp--preset--spacing--80)\" id=\"krisentrainingVerticalborderSpecial\"><style>@media only screen and (max-width: 1200px) {.gb-69f0f3ee3c0ca{}}@media only screen and (max-width: 600px) {.gb-69f0f3ee3c0ca{}}<\/style>\n<h3 class=\"gb-69f0f3ee3c0ca wp-block-heading h5FontSize_mob has-white-color has-text-color has-link-color wp-elements-b8c3517e6fffa552db16744b7a247968\" style=\"padding-top:0;padding-bottom:var(--wp--preset--spacing--80);font-size:34px\">Wie gehen wir bei der gemeinsamen Entwicklung eines Krisentrainings vor?<\/h3>\n\n\n<div class=\"wp-block-image\">\n<figure class=\"aligncenter size-full\"><img decoding=\"async\" src=\"https:\/\/www.ketchum.com\/germany\/wp-content\/uploads\/sites\/5\/2024\/06\/Element_Diagramm02.svg\" alt=\"\" class=\"wp-image-2406\" style=\"object-fit:cover\"\/><\/figure>\n<\/div><\/div>\n\n\n\n<div class=\"wp-block-column is-layout-flow wp-block-column-is-layout-flow\"><\/div>\n<\/div>\n<\/div><\/div><\/div>\n<\/div><\/div><\/div>\n\n\n\n<div class=\"wp-block-genesis-blocks-gb-container gb-block-container\"><div class=\"gb-container-inside\"><div class=\"gb-container-content\">\n<div class=\"wp-block-genesis-blocks-gb-container container gb-block-container\"><div class=\"gb-container-inside\"><div class=\"gb-container-content\">\n<div class=\"wp-block-columns is-layout-flex wp-container-core-columns-is-layout-62db62f3 wp-block-columns-is-layout-flex\" style=\"padding-top:0;padding-bottom:0\">\n<div class=\"wp-block-column columnColor has-background is-layout-flow wp-block-column-is-layout-flow\" style=\"background-color:#a3d1eb;padding-right:var(--wp--preset--spacing--70);padding-left:var(--wp--preset--spacing--70);flex-basis:100%\">\n<p class=\"has-text-align-center parafontsize_mob has-text-color has-link-color has-medium-font-size wp-elements-cd6cbbaec1c8198c92131b24f10e7c1d\" style=\"color:#243f55;padding-top:var(--wp--preset--spacing--60);padding-bottom:var(--wp--preset--spacing--60)\"><br><strong>Im ersten Schritt erfolgt eine gemeinsame SOLL-Betrachtung. \u00dcberpr\u00fcft werden vorhandene Krisenprozesse, Materialien und Rollen. Diese dienen als Grundlage f\u00fcr die Definition des Idealablaufs des Krisentrainings.<\/strong><\/p>\n\n\n\n<div class=\"wp-block-group germanyCircle is-content-justification-center is-nowrap is-layout-flex wp-container-core-group-is-layout-94bc23d7 wp-block-group-is-layout-flex\"><\/div>\n<\/div>\n\n\n\n<div class=\"wp-block-column columnColor has-background is-layout-flow wp-block-column-is-layout-flow\" style=\"background-color:#a3d1eb;padding-right:var(--wp--preset--spacing--70);padding-left:var(--wp--preset--spacing--70);flex-basis:100%\">\n<p class=\"has-text-align-center parafontsize_mob has-text-color has-link-color has-medium-font-size wp-elements-b8efae8476bfff79c3b18a793b92ae56\" style=\"color:#243f55;padding-top:var(--wp--preset--spacing--60);padding-bottom:var(--wp--preset--spacing--60)\"><br><strong>Den zweiten Schritt bildet ein \u00dcbungsszenario. Wir adaptieren ein Muster-Szenario anhand eines zu Ihrem Unternehmen passenden Krisenfalls (z. B. Cyberangriff, Unf\u00e4lle). Bestandteil des Szenarios sind Einspieler wie Social-Media-Posts, Beh\u00f6rden-\/ Kundenanrufe oder Medienaktivit\u00e4ten, um den Krisenfall inhaltlich zu treiben und die Akteure zu fordern. Hierbei arbeiten wir mit einem sehr kleinen, eingeweihten Team aus Ihrem Haus zusammen, um das Training m\u00f6glichst realistisch zu gestalten.<\/strong><\/p>\n\n\n\n<div class=\"wp-block-group germanyCircle is-content-justification-center is-nowrap is-layout-flex wp-container-core-group-is-layout-94bc23d7 wp-block-group-is-layout-flex\"><\/div>\n<\/div>\n\n\n\n<div class=\"wp-block-column columnColor has-background is-layout-flow wp-block-column-is-layout-flow\" style=\"background-color:#a3d1eb;padding-right:var(--wp--preset--spacing--50);padding-left:var(--wp--preset--spacing--50);flex-basis:100%\">\n<div class=\"wp-block-group germanyCircle is-content-justification-center is-nowrap is-layout-flex wp-container-core-group-is-layout-94bc23d7 wp-block-group-is-layout-flex\">\n<p class=\"has-text-align-center parafontsize_mob has-text-color has-link-color has-medium-font-size wp-elements-f9fad965b46f8dc8ccae8eeb1e3e8572\" style=\"color:#243f55;padding-top:var(--wp--preset--spacing--60);padding-bottom:var(--wp--preset--spacing--60)\"><br><strong>Im dritten Schritt findet das etwa dreist\u00fcndige Krisentraining statt. Zun\u00e4chst f\u00fchren wir die Teilnehmenden in den Krisenfall ein, bevor wir mit der \u00dcbungsregie starten. W\u00e4hrend des Krisentrainings unterst\u00fctzen wir bei Einzelschritten und geben bei Bedarf Hinweise. Wir beobachten und dokumentieren das Training im Detail, um rund ein bis zwei Wochen nach dem Training fundiertes Feedback zu geben und weiterf\u00fchrende Ma\u00dfnahmen zu empfehlen.<\/strong><\/p>\n<\/div>\n<\/div>\n<\/div>\n<\/div><\/div><\/div>\n<\/div><\/div><\/div>\n","protected":false},"excerpt":{"rendered":"Krisentraining : \u00dcBUNG MACHT DEN MEISTER Was bringen Handbuch, Checkliste und Prozessbeschreibung, wenn man deren Anwendung nicht regelm\u00e4\u00dfig trainiert? Die Antwort liegt auf der Hand: Wenig. Wenn man es optimistisch formuliert. In der Krise gilt es, zielgerichtet, selbstsicher und schnell zu agieren. Wer im Ernstfall erst beginnt, die Krisenmanagement-Materialien kennenzulernen, verliert wertvolle Zeit. Deshalb sind [...]","protected":false},"author":3,"featured_media":0,"parent":0,"menu_order":0,"comment_status":"closed","ping_status":"closed","template":"","meta":{"_acf_changed":false,"footnotes":""},"class_list":["post-2663","page","type-page","status-publish","hentry"],"acf":[],"yoast_head":"<!-- This site is optimized with the Yoast SEO plugin v27.4 - https:\/\/yoast.com\/product\/yoast-seo-wordpress\/ -->\n<title>Unterseite Krisentraining | Ketchum \u2013 Eine f\u00fchrende Agentur f\u00fcr Reputation, Markenkommunikation und Transformation<\/title>\n<meta name=\"description\" content=\"Ketchum ist eine der f\u00fchrenden Kommunikationsberatungen. Ketchum versteht sich als strategischer und operativer Partner der Kund:innen beim Auf- und Ausbau ihrer Marken und ihrer Reputation bei Medien, Influencer:innen und Konsument:innen, bei der Eroberung neuer M\u00e4rkte, bei dynamischen Ver\u00e4nderungsprozessen und in der Digitalen Transformation, bei der Bew\u00e4ltigung von Krisen sowie bei gesellschaftlichen und politischen Gestaltungsaufgaben.\" \/>\n<meta name=\"robots\" content=\"index, follow, max-snippet:-1, max-image-preview:large, max-video-preview:-1\" \/>\n<link rel=\"canonical\" href=\"https:\/\/www.ketchum.com\/germany\/unterseite-krisentraining\/\" \/>\n<meta property=\"og:locale\" content=\"de_DE\" \/>\n<meta property=\"og:type\" content=\"article\" \/>\n<meta property=\"og:title\" content=\"Unterseite Krisentraining | Ketchum \u2013 Eine f\u00fchrende Agentur f\u00fcr Reputation, Markenkommunikation und Transformation\" \/>\n<meta property=\"og:description\" content=\"Ketchum ist eine der f\u00fchrenden Kommunikationsberatungen. Ketchum versteht sich als strategischer und operativer Partner der Kund:innen beim Auf- und Ausbau ihrer Marken und ihrer Reputation bei Medien, Influencer:innen und Konsument:innen, bei der Eroberung neuer M\u00e4rkte, bei dynamischen Ver\u00e4nderungsprozessen und in der Digitalen Transformation, bei der Bew\u00e4ltigung von Krisen sowie bei gesellschaftlichen und politischen Gestaltungsaufgaben.\" \/>\n<meta property=\"og:url\" content=\"https:\/\/www.ketchum.com\/germany\/unterseite-krisentraining\/\" \/>\n<meta property=\"og:site_name\" content=\"Ketchum Germany\" \/>\n<meta property=\"article:modified_time\" content=\"2024-07-17T10:48:02+00:00\" \/>\n<meta property=\"og:image\" content=\"https:\/\/www.ketchum.com\/germany\/wp-content\/uploads\/sites\/5\/2024\/06\/image005_553x553px.png\" \/>\n<meta name=\"twitter:card\" content=\"summary_large_image\" \/>\n<meta name=\"twitter:label1\" content=\"Est. reading time\" \/>\n\t<meta name=\"twitter:data1\" content=\"3 minutes\" \/>\n<script type=\"application\/ld+json\" class=\"yoast-schema-graph\">{\"@context\":\"https:\\\/\\\/schema.org\",\"@graph\":[{\"@type\":\"WebPage\",\"@id\":\"https:\\\/\\\/www.ketchum.com\\\/germany\\\/unterseite-krisentraining\\\/\",\"url\":\"https:\\\/\\\/www.ketchum.com\\\/germany\\\/unterseite-krisentraining\\\/\",\"name\":\"Unterseite Krisentraining | Ketchum \u2013 Eine f\u00fchrende Agentur f\u00fcr Reputation, Markenkommunikation und Transformation\",\"isPartOf\":{\"@id\":\"https:\\\/\\\/www.ketchum.com\\\/germany\\\/#website\"},\"primaryImageOfPage\":{\"@id\":\"https:\\\/\\\/www.ketchum.com\\\/germany\\\/unterseite-krisentraining\\\/#primaryimage\"},\"image\":{\"@id\":\"https:\\\/\\\/www.ketchum.com\\\/germany\\\/unterseite-krisentraining\\\/#primaryimage\"},\"thumbnailUrl\":\"https:\\\/\\\/www.ketchum.com\\\/germany\\\/wp-content\\\/uploads\\\/sites\\\/5\\\/2024\\\/06\\\/image005_553x553px.png\",\"datePublished\":\"2024-06-24T12:32:43+00:00\",\"dateModified\":\"2024-07-17T10:48:02+00:00\",\"description\":\"Ketchum ist eine der f\u00fchrenden Kommunikationsberatungen. Ketchum versteht sich als strategischer und operativer Partner der Kund:innen beim Auf- und Ausbau ihrer Marken und ihrer Reputation bei Medien, Influencer:innen und Konsument:innen, bei der Eroberung neuer M\u00e4rkte, bei dynamischen Ver\u00e4nderungsprozessen und in der Digitalen Transformation, bei der Bew\u00e4ltigung von Krisen sowie bei gesellschaftlichen und politischen Gestaltungsaufgaben.\",\"breadcrumb\":{\"@id\":\"https:\\\/\\\/www.ketchum.com\\\/germany\\\/unterseite-krisentraining\\\/#breadcrumb\"},\"inLanguage\":\"de-DE\",\"potentialAction\":[{\"@type\":\"ReadAction\",\"target\":[\"https:\\\/\\\/www.ketchum.com\\\/germany\\\/unterseite-krisentraining\\\/\"]}]},{\"@type\":\"ImageObject\",\"inLanguage\":\"de-DE\",\"@id\":\"https:\\\/\\\/www.ketchum.com\\\/germany\\\/unterseite-krisentraining\\\/#primaryimage\",\"url\":\"\",\"contentUrl\":\"\"},{\"@type\":\"BreadcrumbList\",\"@id\":\"https:\\\/\\\/www.ketchum.com\\\/germany\\\/unterseite-krisentraining\\\/#breadcrumb\",\"itemListElement\":[{\"@type\":\"ListItem\",\"position\":1,\"name\":\"Home\",\"item\":\"https:\\\/\\\/www.ketchum.com\\\/germany\\\/\"},{\"@type\":\"ListItem\",\"position\":2,\"name\":\"Unterseite Krisentraining\"}]},{\"@type\":\"WebSite\",\"@id\":\"https:\\\/\\\/www.ketchum.com\\\/germany\\\/#website\",\"url\":\"https:\\\/\\\/www.ketchum.com\\\/germany\\\/\",\"name\":\"Ketchum Germany\",\"description\":\"Ketchum ist eine der f\u00fchrenden Kommunikationsberatungen. Ketchum versteht sich als strategischer und operativer Partner der Kund:innen beim Auf- und Ausbau ihrer Marken und ihrer Reputation bei Medien, Influencer:innen und Konsument:innen, bei der Eroberung neuer M\u00e4rkte, bei dynamischen Ver\u00e4nderungsprozessen und in der Digitalen Transformation, bei der Bew\u00e4ltigung von Krisen sowie bei gesellschaftlichen und politischen Gestaltungsaufgaben.\",\"potentialAction\":[{\"@type\":\"SearchAction\",\"target\":{\"@type\":\"EntryPoint\",\"urlTemplate\":\"https:\\\/\\\/www.ketchum.com\\\/germany\\\/?s={search_term_string}\"},\"query-input\":{\"@type\":\"PropertyValueSpecification\",\"valueRequired\":true,\"valueName\":\"search_term_string\"}}],\"inLanguage\":\"de-DE\"}]}<\/script>\n<!-- \/ Yoast SEO plugin. -->","yoast_head_json":{"title":"Unterseite Krisentraining | Ketchum \u2013 Eine f\u00fchrende Agentur f\u00fcr Reputation, Markenkommunikation und Transformation","description":"Ketchum ist eine der f\u00fchrenden Kommunikationsberatungen. Ketchum versteht sich als strategischer und operativer Partner der Kund:innen beim Auf- und Ausbau ihrer Marken und ihrer Reputation bei Medien, Influencer:innen und Konsument:innen, bei der Eroberung neuer M\u00e4rkte, bei dynamischen Ver\u00e4nderungsprozessen und in der Digitalen Transformation, bei der Bew\u00e4ltigung von Krisen sowie bei gesellschaftlichen und politischen Gestaltungsaufgaben.","robots":{"index":"index","follow":"follow","max-snippet":"max-snippet:-1","max-image-preview":"max-image-preview:large","max-video-preview":"max-video-preview:-1"},"canonical":"https:\/\/www.ketchum.com\/germany\/unterseite-krisentraining\/","og_locale":"de_DE","og_type":"article","og_title":"Unterseite Krisentraining | Ketchum \u2013 Eine f\u00fchrende Agentur f\u00fcr Reputation, Markenkommunikation und Transformation","og_description":"Ketchum ist eine der f\u00fchrenden Kommunikationsberatungen. Ketchum versteht sich als strategischer und operativer Partner der Kund:innen beim Auf- und Ausbau ihrer Marken und ihrer Reputation bei Medien, Influencer:innen und Konsument:innen, bei der Eroberung neuer M\u00e4rkte, bei dynamischen Ver\u00e4nderungsprozessen und in der Digitalen Transformation, bei der Bew\u00e4ltigung von Krisen sowie bei gesellschaftlichen und politischen Gestaltungsaufgaben.","og_url":"https:\/\/www.ketchum.com\/germany\/unterseite-krisentraining\/","og_site_name":"Ketchum Germany","article_modified_time":"2024-07-17T10:48:02+00:00","og_image":[{"url":"https:\/\/www.ketchum.com\/germany\/wp-content\/uploads\/sites\/5\/2024\/06\/image005_553x553px.png","type":"","width":"","height":""}],"twitter_card":"summary_large_image","twitter_misc":{"Est. reading time":"3 minutes"},"schema":{"@context":"https:\/\/schema.org","@graph":[{"@type":"WebPage","@id":"https:\/\/www.ketchum.com\/germany\/unterseite-krisentraining\/","url":"https:\/\/www.ketchum.com\/germany\/unterseite-krisentraining\/","name":"Unterseite Krisentraining | Ketchum \u2013 Eine f\u00fchrende Agentur f\u00fcr Reputation, Markenkommunikation und Transformation","isPartOf":{"@id":"https:\/\/www.ketchum.com\/germany\/#website"},"primaryImageOfPage":{"@id":"https:\/\/www.ketchum.com\/germany\/unterseite-krisentraining\/#primaryimage"},"image":{"@id":"https:\/\/www.ketchum.com\/germany\/unterseite-krisentraining\/#primaryimage"},"thumbnailUrl":"https:\/\/www.ketchum.com\/germany\/wp-content\/uploads\/sites\/5\/2024\/06\/image005_553x553px.png","datePublished":"2024-06-24T12:32:43+00:00","dateModified":"2024-07-17T10:48:02+00:00","description":"Ketchum ist eine der f\u00fchrenden Kommunikationsberatungen. Ketchum versteht sich als strategischer und operativer Partner der Kund:innen beim Auf- und Ausbau ihrer Marken und ihrer Reputation bei Medien, Influencer:innen und Konsument:innen, bei der Eroberung neuer M\u00e4rkte, bei dynamischen Ver\u00e4nderungsprozessen und in der Digitalen Transformation, bei der Bew\u00e4ltigung von Krisen sowie bei gesellschaftlichen und politischen Gestaltungsaufgaben.","breadcrumb":{"@id":"https:\/\/www.ketchum.com\/germany\/unterseite-krisentraining\/#breadcrumb"},"inLanguage":"de-DE","potentialAction":[{"@type":"ReadAction","target":["https:\/\/www.ketchum.com\/germany\/unterseite-krisentraining\/"]}]},{"@type":"ImageObject","inLanguage":"de-DE","@id":"https:\/\/www.ketchum.com\/germany\/unterseite-krisentraining\/#primaryimage","url":"","contentUrl":""},{"@type":"BreadcrumbList","@id":"https:\/\/www.ketchum.com\/germany\/unterseite-krisentraining\/#breadcrumb","itemListElement":[{"@type":"ListItem","position":1,"name":"Home","item":"https:\/\/www.ketchum.com\/germany\/"},{"@type":"ListItem","position":2,"name":"Unterseite Krisentraining"}]},{"@type":"WebSite","@id":"https:\/\/www.ketchum.com\/germany\/#website","url":"https:\/\/www.ketchum.com\/germany\/","name":"Ketchum Germany","description":"Ketchum ist eine der f\u00fchrenden Kommunikationsberatungen. Ketchum versteht sich als strategischer und operativer Partner der Kund:innen beim Auf- und Ausbau ihrer Marken und ihrer Reputation bei Medien, Influencer:innen und Konsument:innen, bei der Eroberung neuer M\u00e4rkte, bei dynamischen Ver\u00e4nderungsprozessen und in der Digitalen Transformation, bei der Bew\u00e4ltigung von Krisen sowie bei gesellschaftlichen und politischen Gestaltungsaufgaben.","potentialAction":[{"@type":"SearchAction","target":{"@type":"EntryPoint","urlTemplate":"https:\/\/www.ketchum.com\/germany\/?s={search_term_string}"},"query-input":{"@type":"PropertyValueSpecification","valueRequired":true,"valueName":"search_term_string"}}],"inLanguage":"de-DE"}]}},"featured_image_src":null,"featured_image_src_square":null,"_links":{"self":[{"href":"https:\/\/www.ketchum.com\/germany\/wp-json\/wp\/v2\/pages\/2663","targetHints":{"allow":["GET"]}}],"collection":[{"href":"https:\/\/www.ketchum.com\/germany\/wp-json\/wp\/v2\/pages"}],"about":[{"href":"https:\/\/www.ketchum.com\/germany\/wp-json\/wp\/v2\/types\/page"}],"author":[{"embeddable":true,"href":"https:\/\/www.ketchum.com\/germany\/wp-json\/wp\/v2\/users\/3"}],"replies":[{"embeddable":true,"href":"https:\/\/www.ketchum.com\/germany\/wp-json\/wp\/v2\/comments?post=2663"}],"version-history":[{"count":0,"href":"https:\/\/www.ketchum.com\/germany\/wp-json\/wp\/v2\/pages\/2663\/revisions"}],"wp:attachment":[{"href":"https:\/\/www.ketchum.com\/germany\/wp-json\/wp\/v2\/media?parent=2663"}],"curies":[{"name":"wp","href":"https:\/\/api.w.org\/{rel}","templated":true}]}}