{"id":2661,"date":"2024-06-24T12:26:47","date_gmt":"2024-06-24T12:26:47","guid":{"rendered":"https:\/\/ketchumcorpstg.wpengine.com\/germany\/?page_id=2661"},"modified":"2024-07-16T09:53:08","modified_gmt":"2024-07-16T09:53:08","slug":"crisis-unterseite-effektives-krisenmonotoring-1","status":"publish","type":"page","link":"https:\/\/www.ketchum.com\/germany\/crisis-unterseite-effektives-krisenmonotoring-1\/","title":{"rendered":"Crisis \u2013 Unterseite Effektives Krisenmonotoring \u2013 1"},"content":{"rendered":"\n<div style=\"height:20px\" aria-hidden=\"true\" class=\"wp-block-spacer ketchum-timber-desktop-only\"><\/div>\n\n\n\n<div class=\"wp-block-cover is-light bannerTopImg riskImage\" style=\"min-height:776px;aspect-ratio:unset;\"><span aria-hidden=\"true\" class=\"wp-block-cover__background has-background-dim-0 has-background-dim\" style=\"background-color:#6c91b2\"><\/span><img decoding=\"async\" class=\"wp-block-cover__image-background wp-image-2662\" alt=\"\" src=\"https:\/\/www.ketchum.com\/germany\/wp-content\/uploads\/sites\/5\/2024\/06\/clark-young-Tq2ABZB6tcc-unsplash-scaled.jpg\" style=\"object-position:90% 45%\" data-object-fit=\"cover\" data-object-position=\"90% 45%\"\/><div class=\"wp-block-cover__inner-container is-layout-flow wp-block-cover-is-layout-flow\">\n<div style=\"height:380px\" aria-hidden=\"true\" class=\"wp-block-spacer ketchum-timber-desktop-only\"><\/div>\n\n\n\n<p class=\"has-text-align-center has-white-color has-text-color has-link-color has-medium-font-size wp-elements-3ec2ffa785437419b4b38b1bdca2df0f\"><strong>Cultural Risk Mitigation:&nbsp;<\/strong><\/p>\n\n\n<style>@media only screen and (max-width: 1200px) {.gb-69e1720d49ee3{font-size: !important;}}@media only screen and (max-width: 600px) {.gb-69e1720d49ee3{}}<\/style>\n<h1 class=\"gb-69e1720d49ee3 wp-block-heading has-text-align-center anchorTagCls headerHeadings_mob has-white-color has-text-color has-link-color wp-elements-c004a3e9845914d75367cae7834a6f96\" style=\"padding-right:0;padding-left:0;font-size:46px\">&nbsp;IHR WERBECHECK <br>GEGEN SHITSTORMS<br><br><\/h1>\n<\/div><\/div>\n\n\n\n<div class=\"wp-block-genesis-blocks-gb-container bgRediantColr gb-block-container\"><div class=\"gb-container-inside\"><div class=\"gb-container-image-wrap\"><img decoding=\"async\" class=\"gb-container-image has-background-dim\" object-fit=\"cover\"  src=\"https:\/\/www.ketchum.com\/germany\/wp-content\/uploads\/sites\/5\/2024\/06\/Element_Grid_pattern_bg.svg\" alt=\"\"\/><\/div><div class=\"gb-container-content\">\n<div class=\"wp-block-genesis-blocks-gb-columns container gb-layout-columns-2 gb-2-col-equal\" style=\"padding-top:5%;padding-bottom:5%\"><div class=\"gb-layout-column-wrap gb-block-layout-column-gap-2 gb-is-responsive-column\">\n<div class=\"wp-block-genesis-blocks-gb-column gb-block-layout-column\"><div class=\"gb-block-layout-column-inner\"><style>@media only screen and (max-width: 600px) {.gb-69e1720d4c73d{}}<\/style>\n<h3 class=\"gb-69e1720d4c73d wp-block-heading h5FontSize_mob\" style=\"font-size:34px\">In der heutigen Zeit ist es entscheidend, m\u00f6gliche Reputationsrisiken fr\u00fchzeitig zu erkennen und zu vermeiden. Unser <mark style=\"background-color:rgba(0, 0, 0, 0);color:#0279a2\" class=\"has-inline-color\">Service der Cultural Risk Mitigation<\/mark> bietet einen umfassenden Werbecheck, um Shitstorms und andere negative Reaktionen zu verhindern.<\/h3>\n\n\n<style>@media only screen and (max-width: 600px) {.gb-69e1720d4c75d{font-size: 14px!important;}}<\/style>\n<p class=\"gb-69e1720d4c75d\"><br><br>Vertrauen Sie auf unsere Expertise, um Werbecheck-Dienste in Anspruch zu nehmen und Reputationsrisiken fr\u00fchzeitig zu erkennen und zu vermeiden.<\/p>\n<\/div><\/div>\n\n\n\n<div class=\"wp-block-genesis-blocks-gb-column gb-block-layout-column\"><div class=\"gb-block-layout-column-inner\" style=\"padding-top:5px;padding-bottom:5px\">\n<div style=\"background-color:#0079a2;padding-left:10%;padding-right:10%;padding-bottom:10%;padding-top:2%;margin-top:14%\" class=\"wp-block-genesis-blocks-gb-container gb-block-container\"><div class=\"gb-container-inside\"><div class=\"gb-container-content\">\n<div class=\"wp-block-columns is-layout-flex wp-container-core-columns-is-layout-9d6595d7 wp-block-columns-is-layout-flex\" id=\"germanyVerticalborder\">\n<div class=\"wp-block-column is-layout-flow wp-block-column-is-layout-flow\"><style>@media only screen and (max-width: 1200px) {.gb-69e1720d4dd8a{}}@media only screen and (max-width: 600px) {.gb-69e1720d4dd8a{}}<\/style>\n<h2 class=\"gb-69e1720d4dd8a wp-block-heading h5FontSize_mob has-white-color has-text-color has-link-color wp-elements-640fb5bfd69e6ac5c8f4c3fb11d80cca\" style=\"font-size:34px\"><br><br>Unser Ziel ist es, das <mark style=\"background-color:rgba(0, 0, 0, 0);color:#fbbd42\" class=\"has-inline-color\">Reputationsrisiko<\/mark> f\u00fcr Ihr Unternehmen zu verringern und sicherzustellen, dass Ihre Botschaften positiv und respektvoll wahrgenommen werden.<\/h2>\n<\/div>\n<\/div>\n<\/div><\/div><\/div>\n<\/div><\/div>\n<\/div><\/div>\n\n\n\n<div style=\"height:20px\" aria-hidden=\"true\" class=\"wp-block-spacer ketchum-timber-desktop-only\"><\/div>\n\n\n\n<div class=\"wp-block-genesis-blocks-gb-container gb-block-container\"><div class=\"gb-container-inside\"><div class=\"gb-container-content\">\n<div class=\"wp-block-columns is-layout-flex wp-container-core-columns-is-layout-9d6595d7 wp-block-columns-is-layout-flex\">\n<div class=\"wp-block-column is-layout-flow wp-block-column-is-layout-flow\"><\/div>\n\n\n\n<div class=\"wp-block-column has-background is-layout-flow wp-block-column-is-layout-flow\" style=\"background-color:#a3d1eb;padding-top:var(--wp--preset--spacing--70);padding-right:var(--wp--preset--spacing--60);padding-bottom:var(--wp--preset--spacing--70);padding-left:var(--wp--preset--spacing--60)\"><style>@media only screen and (max-width: 600px) {.gb-69e1720d4df34{}}<\/style>\n<h2 class=\"gb-69e1720d4df34 wp-block-heading h5FontSize_mob has-text-color has-link-color wp-elements-fc73fb430505622a80023fa9baeb508b\" style=\"color:#243f55;font-size:34px\">Wir analysieren Entw\u00fcrfe f\u00fcr Werbung und andere Kommunikationsmittel auf vielf\u00e4ltige Risiken:<br><br><\/h2>\n\n\n<div class=\"wp-block-image\">\n<figure class=\"aligncenter size-full\"><img decoding=\"async\" src=\"https:\/\/www.ketchum.com\/germany\/wp-content\/uploads\/sites\/5\/2024\/06\/Element_Diagramm01.svg\" alt=\"\" class=\"wp-image-2707\"\/><\/figure>\n<\/div><\/div>\n\n\n\n<div class=\"wp-block-column is-layout-flow wp-block-column-is-layout-flow\"><\/div>\n<\/div>\n<\/div><\/div><\/div>\n\n\n\n<div class=\"wp-block-genesis-blocks-gb-container container gb-block-container\"><div class=\"gb-container-inside\"><div class=\"gb-container-content\">\n<div class=\"wp-block-columns is-layout-flex wp-container-core-columns-is-layout-9d6595d7 wp-block-columns-is-layout-flex\">\n<div class=\"wp-block-column columnColor has-background is-layout-flow wp-block-column-is-layout-flow\" style=\"background-color:#a3d1eb;flex-basis:100%\">\n<div class=\"wp-block-group germanyCircleRed is-content-justification-center is-nowrap is-layout-flex wp-container-core-group-is-layout-a72541b5 wp-block-group-is-layout-flex\" style=\"padding-top:var(--wp--preset--spacing--80);padding-right:var(--wp--preset--spacing--60);padding-bottom:var(--wp--preset--spacing--80);padding-left:var(--wp--preset--spacing--60)\">\n<p class=\"has-text-align-center parafontsize_mob has-text-color has-link-color has-medium-font-size wp-elements-5350c6257c9b916a80bfcf6a2724ba44\" style=\"color:#243f55\"><strong>Ungewollte, versteckte Botschaften<\/strong><\/p>\n<\/div>\n<\/div>\n\n\n\n<div class=\"wp-block-column columnColor has-background is-layout-flow wp-block-column-is-layout-flow\" style=\"background-color:#a3d1eb;flex-basis:100%\">\n<div class=\"wp-block-group germanyCircleRed is-content-justification-center is-nowrap is-layout-flex wp-container-core-group-is-layout-a72541b5 wp-block-group-is-layout-flex\" style=\"padding-top:var(--wp--preset--spacing--80);padding-right:var(--wp--preset--spacing--60);padding-bottom:var(--wp--preset--spacing--80);padding-left:var(--wp--preset--spacing--60)\">\n<p class=\"has-text-align-center parafontsize_mob has-medium-font-size\"><strong>Ungewollte Verwendung von Zeichen und Symbolen, die f\u00fcr Hass und Gewalt stehen<\/strong><\/p>\n<\/div>\n<\/div>\n\n\n\n<div class=\"wp-block-column columnColor has-background is-layout-flow wp-block-column-is-layout-flow\" style=\"background-color:#a3d1eb;flex-basis:100%\">\n<div class=\"wp-block-group germanyCircleRed is-content-justification-center is-nowrap is-layout-flex wp-container-core-group-is-layout-a72541b5 wp-block-group-is-layout-flex\" style=\"padding-top:var(--wp--preset--spacing--80);padding-right:var(--wp--preset--spacing--60);padding-bottom:var(--wp--preset--spacing--80);padding-left:var(--wp--preset--spacing--60)\">\n<p class=\"has-text-align-center parafontsize_mob has-medium-font-size\"><strong>Begrifflichkeiten, die bestimmte Communities falsch verstehen k\u00f6nnten<\/strong><\/p>\n<\/div>\n<\/div>\n<\/div>\n\n\n\n<div class=\"wp-block-columns is-layout-flex wp-container-core-columns-is-layout-9d6595d7 wp-block-columns-is-layout-flex\">\n<div class=\"wp-block-column columnColor has-background is-layout-flow wp-block-column-is-layout-flow\" style=\"background-color:#a3d1eb;flex-basis:100%\">\n<div class=\"wp-block-group germanyCircleRed is-content-justification-center is-nowrap is-layout-flex wp-container-core-group-is-layout-a72541b5 wp-block-group-is-layout-flex\" style=\"padding-top:var(--wp--preset--spacing--80);padding-right:var(--wp--preset--spacing--60);padding-bottom:var(--wp--preset--spacing--80);padding-left:var(--wp--preset--spacing--60)\">\n<p class=\"has-text-align-center parafontsize_mob has-text-color has-link-color has-medium-font-size wp-elements-c1fd4c6708208c958294190b00467d1b\" style=\"color:#243f55\"><strong>Inhalte, die unbeabsichtigt Hass, Gewalt oder Angriffe auf die Menschenw\u00fcrde f\u00f6rdern k\u00f6nnten<\/strong><\/p>\n<\/div>\n<\/div>\n\n\n\n<div class=\"wp-block-column columnColor has-background is-layout-flow wp-block-column-is-layout-flow\" style=\"background-color:#a3d1eb;flex-basis:100%\">\n<div class=\"wp-block-group germanyCircleRed is-content-justification-center is-nowrap is-layout-flex wp-container-core-group-is-layout-a72541b5 wp-block-group-is-layout-flex\" style=\"padding-top:var(--wp--preset--spacing--80);padding-right:var(--wp--preset--spacing--60);padding-bottom:var(--wp--preset--spacing--80);padding-left:var(--wp--preset--spacing--60)\">\n<p class=\"has-text-align-center parafontsize_mob has-medium-font-size\"><strong>Gestaltungen, die die Nachhaltigkeitsorientierung eines Unternehmens in Frage stellen k\u00f6nnten<\/strong><\/p>\n<\/div>\n<\/div>\n\n\n\n<div class=\"wp-block-column columnColor has-background is-layout-flow wp-block-column-is-layout-flow\" style=\"background-color:#a3d1eb;flex-basis:100%\">\n<div class=\"wp-block-group germanyCircleRed is-content-justification-center is-nowrap is-layout-flex wp-container-core-group-is-layout-a72541b5 wp-block-group-is-layout-flex\" style=\"padding-top:var(--wp--preset--spacing--80);padding-right:var(--wp--preset--spacing--60);padding-bottom:var(--wp--preset--spacing--80);padding-left:var(--wp--preset--spacing--60)\">\n<p class=\"has-text-align-center parafontsize_mob has-medium-font-size\"><strong>Inhalte, die Prinzipien von Diversity, Equity, Inclusion verletzen k\u00f6nnten<\/strong><\/p>\n<\/div>\n<\/div>\n<\/div>\n<\/div><\/div><\/div>\n<\/div><\/div><\/div>\n\n\n\n<style>\n#germanyVerticalborder {\n            position: relative;\n            padding-left: 20px; \/* Adjust padding to move text away from the border *\/\n        }\n\n        #germanyVerticalborder::before {\n    content: \"\";\n    display: block;\n    width: 60px;\n    border-top: 10px solid #FBBC42;\n    border-left: 10px solid #FBBC42;\n    margin-bottom: 10px;\n    height: 60px;\n    position: absolute;\n    top: 60px;\n    left: 0px;\n}\n.bgRediantColr{\nbackground: linear-gradient(rgba(251, 188, 66, .16), white);\n}\n\n\n<\/style>\n","protected":false},"excerpt":{"rendered":"Cultural Risk Mitigation:&nbsp; &nbsp;IHR WERBECHECK GEGEN SHITSTORMS In der heutigen Zeit ist es entscheidend, m\u00f6gliche Reputationsrisiken fr\u00fchzeitig zu erkennen und zu vermeiden. Unser Service der Cultural Risk Mitigation bietet einen umfassenden Werbecheck, um Shitstorms und andere negative Reaktionen zu verhindern. Vertrauen Sie auf unsere Expertise, um Werbecheck-Dienste in Anspruch zu nehmen und Reputationsrisiken fr\u00fchzeitig zu [...]","protected":false},"author":3,"featured_media":601,"parent":0,"menu_order":0,"comment_status":"closed","ping_status":"closed","template":"","meta":{"_acf_changed":false,"footnotes":""},"class_list":["post-2661","page","type-page","status-publish","has-post-thumbnail","hentry"],"acf":[],"yoast_head":"<!-- This site is optimized with the Yoast SEO plugin v27.3 - https:\/\/yoast.com\/product\/yoast-seo-wordpress\/ -->\n<title>Crisis \u2013 Unterseite Effektives Krisenmonotoring \u2013 1 | Ketchum \u2013 Eine f\u00fchrende Agentur f\u00fcr Reputation, Markenkommunikation und Transformation<\/title>\n<meta name=\"description\" content=\"Ketchum ist eine der f\u00fchrenden Kommunikationsberatungen. Ketchum versteht sich als strategischer und operativer Partner der Kund:innen beim Auf- und Ausbau ihrer Marken und ihrer Reputation bei Medien, Influencer:innen und Konsument:innen, bei der Eroberung neuer M\u00e4rkte, bei dynamischen Ver\u00e4nderungsprozessen und in der Digitalen Transformation, bei der Bew\u00e4ltigung von Krisen sowie bei gesellschaftlichen und politischen Gestaltungsaufgaben.\" \/>\n<meta name=\"robots\" content=\"index, follow, max-snippet:-1, max-image-preview:large, max-video-preview:-1\" \/>\n<link rel=\"canonical\" href=\"https:\/\/www.ketchum.com\/germany\/crisis-unterseite-effektives-krisenmonotoring-1\/\" \/>\n<meta property=\"og:locale\" content=\"de_DE\" \/>\n<meta property=\"og:type\" content=\"article\" \/>\n<meta property=\"og:title\" content=\"Crisis \u2013 Unterseite Effektives Krisenmonotoring \u2013 1 | Ketchum \u2013 Eine f\u00fchrende Agentur f\u00fcr Reputation, Markenkommunikation und Transformation\" \/>\n<meta property=\"og:description\" content=\"Ketchum ist eine der f\u00fchrenden Kommunikationsberatungen. Ketchum versteht sich als strategischer und operativer Partner der Kund:innen beim Auf- und Ausbau ihrer Marken und ihrer Reputation bei Medien, Influencer:innen und Konsument:innen, bei der Eroberung neuer M\u00e4rkte, bei dynamischen Ver\u00e4nderungsprozessen und in der Digitalen Transformation, bei der Bew\u00e4ltigung von Krisen sowie bei gesellschaftlichen und politischen Gestaltungsaufgaben.\" \/>\n<meta property=\"og:url\" content=\"https:\/\/www.ketchum.com\/germany\/crisis-unterseite-effektives-krisenmonotoring-1\/\" \/>\n<meta property=\"og:site_name\" content=\"Ketchum Germany\" \/>\n<meta property=\"article:modified_time\" content=\"2024-07-16T09:53:08+00:00\" \/>\n<meta property=\"og:image\" content=\"https:\/\/www.ketchum.com\/germany\/wp-content\/uploads\/sites\/5\/2023\/03\/9.jpg\" \/>\n\t<meta property=\"og:image:width\" content=\"2048\" \/>\n\t<meta property=\"og:image:height\" content=\"1536\" \/>\n\t<meta property=\"og:image:type\" content=\"image\/jpeg\" \/>\n<meta name=\"twitter:card\" content=\"summary_large_image\" \/>\n<meta name=\"twitter:label1\" content=\"Est. reading time\" \/>\n\t<meta name=\"twitter:data1\" content=\"2 minutes\" \/>\n<script type=\"application\/ld+json\" class=\"yoast-schema-graph\">{\"@context\":\"https:\\\/\\\/schema.org\",\"@graph\":[{\"@type\":\"WebPage\",\"@id\":\"https:\\\/\\\/www.ketchum.com\\\/germany\\\/crisis-unterseite-effektives-krisenmonotoring-1\\\/\",\"url\":\"https:\\\/\\\/www.ketchum.com\\\/germany\\\/crisis-unterseite-effektives-krisenmonotoring-1\\\/\",\"name\":\"Crisis \u2013 Unterseite Effektives Krisenmonotoring \u2013 1 | Ketchum \u2013 Eine f\u00fchrende Agentur f\u00fcr Reputation, Markenkommunikation und Transformation\",\"isPartOf\":{\"@id\":\"https:\\\/\\\/www.ketchum.com\\\/germany\\\/#website\"},\"primaryImageOfPage\":{\"@id\":\"https:\\\/\\\/www.ketchum.com\\\/germany\\\/crisis-unterseite-effektives-krisenmonotoring-1\\\/#primaryimage\"},\"image\":{\"@id\":\"https:\\\/\\\/www.ketchum.com\\\/germany\\\/crisis-unterseite-effektives-krisenmonotoring-1\\\/#primaryimage\"},\"thumbnailUrl\":\"https:\\\/\\\/www.ketchum.com\\\/germany\\\/wp-content\\\/uploads\\\/sites\\\/5\\\/2023\\\/03\\\/9.jpg\",\"datePublished\":\"2024-06-24T12:26:47+00:00\",\"dateModified\":\"2024-07-16T09:53:08+00:00\",\"description\":\"Ketchum ist eine der f\u00fchrenden Kommunikationsberatungen. Ketchum versteht sich als strategischer und operativer Partner der Kund:innen beim Auf- und Ausbau ihrer Marken und ihrer Reputation bei Medien, Influencer:innen und Konsument:innen, bei der Eroberung neuer M\u00e4rkte, bei dynamischen Ver\u00e4nderungsprozessen und in der Digitalen Transformation, bei der Bew\u00e4ltigung von Krisen sowie bei gesellschaftlichen und politischen Gestaltungsaufgaben.\",\"breadcrumb\":{\"@id\":\"https:\\\/\\\/www.ketchum.com\\\/germany\\\/crisis-unterseite-effektives-krisenmonotoring-1\\\/#breadcrumb\"},\"inLanguage\":\"de-DE\",\"potentialAction\":[{\"@type\":\"ReadAction\",\"target\":[\"https:\\\/\\\/www.ketchum.com\\\/germany\\\/crisis-unterseite-effektives-krisenmonotoring-1\\\/\"]}]},{\"@type\":\"ImageObject\",\"inLanguage\":\"de-DE\",\"@id\":\"https:\\\/\\\/www.ketchum.com\\\/germany\\\/crisis-unterseite-effektives-krisenmonotoring-1\\\/#primaryimage\",\"url\":\"https:\\\/\\\/www.ketchum.com\\\/germany\\\/wp-content\\\/uploads\\\/sites\\\/5\\\/2023\\\/03\\\/9.jpg\",\"contentUrl\":\"https:\\\/\\\/www.ketchum.com\\\/germany\\\/wp-content\\\/uploads\\\/sites\\\/5\\\/2023\\\/03\\\/9.jpg\",\"width\":2048,\"height\":1536},{\"@type\":\"BreadcrumbList\",\"@id\":\"https:\\\/\\\/www.ketchum.com\\\/germany\\\/crisis-unterseite-effektives-krisenmonotoring-1\\\/#breadcrumb\",\"itemListElement\":[{\"@type\":\"ListItem\",\"position\":1,\"name\":\"Home\",\"item\":\"https:\\\/\\\/www.ketchum.com\\\/germany\\\/\"},{\"@type\":\"ListItem\",\"position\":2,\"name\":\"Crisis \u2013 Unterseite Effektives Krisenmonotoring \u2013 1\"}]},{\"@type\":\"WebSite\",\"@id\":\"https:\\\/\\\/www.ketchum.com\\\/germany\\\/#website\",\"url\":\"https:\\\/\\\/www.ketchum.com\\\/germany\\\/\",\"name\":\"Ketchum Germany\",\"description\":\"Ketchum ist eine der f\u00fchrenden Kommunikationsberatungen. Ketchum versteht sich als strategischer und operativer Partner der Kund:innen beim Auf- und Ausbau ihrer Marken und ihrer Reputation bei Medien, Influencer:innen und Konsument:innen, bei der Eroberung neuer M\u00e4rkte, bei dynamischen Ver\u00e4nderungsprozessen und in der Digitalen Transformation, bei der Bew\u00e4ltigung von Krisen sowie bei gesellschaftlichen und politischen Gestaltungsaufgaben.\",\"potentialAction\":[{\"@type\":\"SearchAction\",\"target\":{\"@type\":\"EntryPoint\",\"urlTemplate\":\"https:\\\/\\\/www.ketchum.com\\\/germany\\\/?s={search_term_string}\"},\"query-input\":{\"@type\":\"PropertyValueSpecification\",\"valueRequired\":true,\"valueName\":\"search_term_string\"}}],\"inLanguage\":\"de-DE\"}]}<\/script>\n<!-- \/ Yoast SEO plugin. -->","yoast_head_json":{"title":"Crisis \u2013 Unterseite Effektives Krisenmonotoring \u2013 1 | Ketchum \u2013 Eine f\u00fchrende Agentur f\u00fcr Reputation, Markenkommunikation und Transformation","description":"Ketchum ist eine der f\u00fchrenden Kommunikationsberatungen. Ketchum versteht sich als strategischer und operativer Partner der Kund:innen beim Auf- und Ausbau ihrer Marken und ihrer Reputation bei Medien, Influencer:innen und Konsument:innen, bei der Eroberung neuer M\u00e4rkte, bei dynamischen Ver\u00e4nderungsprozessen und in der Digitalen Transformation, bei der Bew\u00e4ltigung von Krisen sowie bei gesellschaftlichen und politischen Gestaltungsaufgaben.","robots":{"index":"index","follow":"follow","max-snippet":"max-snippet:-1","max-image-preview":"max-image-preview:large","max-video-preview":"max-video-preview:-1"},"canonical":"https:\/\/www.ketchum.com\/germany\/crisis-unterseite-effektives-krisenmonotoring-1\/","og_locale":"de_DE","og_type":"article","og_title":"Crisis \u2013 Unterseite Effektives Krisenmonotoring \u2013 1 | Ketchum \u2013 Eine f\u00fchrende Agentur f\u00fcr Reputation, Markenkommunikation und Transformation","og_description":"Ketchum ist eine der f\u00fchrenden Kommunikationsberatungen. Ketchum versteht sich als strategischer und operativer Partner der Kund:innen beim Auf- und Ausbau ihrer Marken und ihrer Reputation bei Medien, Influencer:innen und Konsument:innen, bei der Eroberung neuer M\u00e4rkte, bei dynamischen Ver\u00e4nderungsprozessen und in der Digitalen Transformation, bei der Bew\u00e4ltigung von Krisen sowie bei gesellschaftlichen und politischen Gestaltungsaufgaben.","og_url":"https:\/\/www.ketchum.com\/germany\/crisis-unterseite-effektives-krisenmonotoring-1\/","og_site_name":"Ketchum Germany","article_modified_time":"2024-07-16T09:53:08+00:00","og_image":[{"width":2048,"height":1536,"url":"https:\/\/www.ketchum.com\/germany\/wp-content\/uploads\/sites\/5\/2023\/03\/9.jpg","type":"image\/jpeg"}],"twitter_card":"summary_large_image","twitter_misc":{"Est. reading time":"2 minutes"},"schema":{"@context":"https:\/\/schema.org","@graph":[{"@type":"WebPage","@id":"https:\/\/www.ketchum.com\/germany\/crisis-unterseite-effektives-krisenmonotoring-1\/","url":"https:\/\/www.ketchum.com\/germany\/crisis-unterseite-effektives-krisenmonotoring-1\/","name":"Crisis \u2013 Unterseite Effektives Krisenmonotoring \u2013 1 | Ketchum \u2013 Eine f\u00fchrende Agentur f\u00fcr Reputation, Markenkommunikation und Transformation","isPartOf":{"@id":"https:\/\/www.ketchum.com\/germany\/#website"},"primaryImageOfPage":{"@id":"https:\/\/www.ketchum.com\/germany\/crisis-unterseite-effektives-krisenmonotoring-1\/#primaryimage"},"image":{"@id":"https:\/\/www.ketchum.com\/germany\/crisis-unterseite-effektives-krisenmonotoring-1\/#primaryimage"},"thumbnailUrl":"https:\/\/www.ketchum.com\/germany\/wp-content\/uploads\/sites\/5\/2023\/03\/9.jpg","datePublished":"2024-06-24T12:26:47+00:00","dateModified":"2024-07-16T09:53:08+00:00","description":"Ketchum ist eine der f\u00fchrenden Kommunikationsberatungen. Ketchum versteht sich als strategischer und operativer Partner der Kund:innen beim Auf- und Ausbau ihrer Marken und ihrer Reputation bei Medien, Influencer:innen und Konsument:innen, bei der Eroberung neuer M\u00e4rkte, bei dynamischen Ver\u00e4nderungsprozessen und in der Digitalen Transformation, bei der Bew\u00e4ltigung von Krisen sowie bei gesellschaftlichen und politischen Gestaltungsaufgaben.","breadcrumb":{"@id":"https:\/\/www.ketchum.com\/germany\/crisis-unterseite-effektives-krisenmonotoring-1\/#breadcrumb"},"inLanguage":"de-DE","potentialAction":[{"@type":"ReadAction","target":["https:\/\/www.ketchum.com\/germany\/crisis-unterseite-effektives-krisenmonotoring-1\/"]}]},{"@type":"ImageObject","inLanguage":"de-DE","@id":"https:\/\/www.ketchum.com\/germany\/crisis-unterseite-effektives-krisenmonotoring-1\/#primaryimage","url":"https:\/\/www.ketchum.com\/germany\/wp-content\/uploads\/sites\/5\/2023\/03\/9.jpg","contentUrl":"https:\/\/www.ketchum.com\/germany\/wp-content\/uploads\/sites\/5\/2023\/03\/9.jpg","width":2048,"height":1536},{"@type":"BreadcrumbList","@id":"https:\/\/www.ketchum.com\/germany\/crisis-unterseite-effektives-krisenmonotoring-1\/#breadcrumb","itemListElement":[{"@type":"ListItem","position":1,"name":"Home","item":"https:\/\/www.ketchum.com\/germany\/"},{"@type":"ListItem","position":2,"name":"Crisis \u2013 Unterseite Effektives Krisenmonotoring \u2013 1"}]},{"@type":"WebSite","@id":"https:\/\/www.ketchum.com\/germany\/#website","url":"https:\/\/www.ketchum.com\/germany\/","name":"Ketchum Germany","description":"Ketchum ist eine der f\u00fchrenden Kommunikationsberatungen. Ketchum versteht sich als strategischer und operativer Partner der Kund:innen beim Auf- und Ausbau ihrer Marken und ihrer Reputation bei Medien, Influencer:innen und Konsument:innen, bei der Eroberung neuer M\u00e4rkte, bei dynamischen Ver\u00e4nderungsprozessen und in der Digitalen Transformation, bei der Bew\u00e4ltigung von Krisen sowie bei gesellschaftlichen und politischen Gestaltungsaufgaben.","potentialAction":[{"@type":"SearchAction","target":{"@type":"EntryPoint","urlTemplate":"https:\/\/www.ketchum.com\/germany\/?s={search_term_string}"},"query-input":{"@type":"PropertyValueSpecification","valueRequired":true,"valueName":"search_term_string"}}],"inLanguage":"de-DE"}]}},"featured_image_src":"https:\/\/www.ketchum.com\/germany\/wp-content\/uploads\/sites\/5\/2023\/03\/9.jpg","featured_image_src_square":"https:\/\/www.ketchum.com\/germany\/wp-content\/uploads\/sites\/5\/2023\/03\/9.jpg","_links":{"self":[{"href":"https:\/\/www.ketchum.com\/germany\/wp-json\/wp\/v2\/pages\/2661","targetHints":{"allow":["GET"]}}],"collection":[{"href":"https:\/\/www.ketchum.com\/germany\/wp-json\/wp\/v2\/pages"}],"about":[{"href":"https:\/\/www.ketchum.com\/germany\/wp-json\/wp\/v2\/types\/page"}],"author":[{"embeddable":true,"href":"https:\/\/www.ketchum.com\/germany\/wp-json\/wp\/v2\/users\/3"}],"replies":[{"embeddable":true,"href":"https:\/\/www.ketchum.com\/germany\/wp-json\/wp\/v2\/comments?post=2661"}],"version-history":[{"count":0,"href":"https:\/\/www.ketchum.com\/germany\/wp-json\/wp\/v2\/pages\/2661\/revisions"}],"wp:featuredmedia":[{"embeddable":true,"href":"https:\/\/www.ketchum.com\/germany\/wp-json\/wp\/v2\/media\/601"}],"wp:attachment":[{"href":"https:\/\/www.ketchum.com\/germany\/wp-json\/wp\/v2\/media?parent=2661"}],"curies":[{"name":"wp","href":"https:\/\/api.w.org\/{rel}","templated":true}]}}