{"id":2593,"date":"2024-06-24T09:49:50","date_gmt":"2024-06-24T09:49:50","guid":{"rendered":"https:\/\/ketchumcorpstg.wpengine.com\/germany\/?page_id=2593"},"modified":"2024-07-16T11:56:20","modified_gmt":"2024-07-16T11:56:20","slug":"crisis-unterseite-krisen-setup-krisenhandbuch","status":"publish","type":"page","link":"https:\/\/www.ketchum.com\/germany\/crisis-unterseite-krisen-setup-krisenhandbuch\/","title":{"rendered":"Crisis \u2013 Unterseite Krisen-Setup\/Krisenhandbuch"},"content":{"rendered":"\n<div style=\"height:20px\" aria-hidden=\"true\" class=\"wp-block-spacer ketchum-timber-desktop-only\"><\/div>\n\n\n\n<div class=\"wp-block-cover is-light bannerTopImg\" style=\"min-height:776px;aspect-ratio:unset;\"><span aria-hidden=\"true\" class=\"wp-block-cover__background has-background-dim-0 has-background-dim\" style=\"background-color:#c6cbce\"><\/span><img decoding=\"async\" class=\"wp-block-cover__image-background wp-image-2595\" alt=\"\" src=\"https:\/\/www.ketchum.com\/germany\/wp-content\/uploads\/sites\/5\/2024\/06\/iStock-1724135122-scaled.jpg\" data-object-fit=\"cover\"\/><div class=\"wp-block-cover__inner-container is-layout-flow wp-block-cover-is-layout-flow\">\n<div style=\"height:380px\" aria-hidden=\"true\" class=\"wp-block-spacer ketchum-timber-desktop-only\"><\/div>\n\n\n\n<p class=\"has-text-align-center has-white-color has-text-color has-link-color has-medium-font-size wp-elements-c780110ed027bcecd16c55bb63b5e16f\"><strong>Krisen-Setup\/Krisenhandbuch:<\/strong><\/p>\n\n\n<style>@media only screen and (max-width: 1200px) {.gb-69f0f2df09120{}}@media only screen and (max-width: 600px) {.gb-69f0f2df09120{}}<\/style>\n<h1 class=\"gb-69f0f2df09120 wp-block-heading has-text-align-center anchorTagCls headerHeadings_mob has-white-color has-text-color has-link-color wp-elements-d49d821a6dfc806f17da7a36dc241bf5\" style=\"padding-right:0;padding-left:0;font-size:46px\">ENTWICKLUNG PRAKTIKABLER PROZESSE <br>F\u00dcR DIE KRISENKOMMUNIKATION<br><br><\/h1>\n<\/div><\/div>\n\n\n\n<div style=\"padding-left:5%;padding-right:5%;padding-top:5%\" class=\"wp-block-genesis-blocks-gb-container bgRediantColr gb-block-container\"><div class=\"gb-container-inside\"><div class=\"gb-container-content\" style=\"max-width:1080px\">\n<div class=\"wp-block-columns is-layout-flex wp-container-core-columns-is-layout-9d6595d7 wp-block-columns-is-layout-flex\">\n<div class=\"wp-block-column is-layout-flow wp-block-column-is-layout-flow\"><style>@media only screen and (max-width: 600px) {.gb-69f0f2df0970a{}}<\/style>\n<h2 class=\"gb-69f0f2df0970a wp-block-heading h5FontSize_mob has-text-color has-link-color wp-elements-18cef7cd882909a623dbe44562a689da\" style=\"color:#243f55;font-size:34px\"><strong>Egal, ob Sie vorhandene Materialien \u2013 beispielsweise nach einem Krisen-Audit \u2013 aktualisieren oder <mark style=\"background-color:rgba(0, 0, 0, 0);color:#9a1960\" class=\"has-inline-color\">Krisenprozesse v\u00f6llig neu aufsetzen<\/mark> m\u00f6chten: Unsere erfahrenen Berater:innen unterst\u00fctzen Sie hierbei.<\/strong><br><br><\/h2>\n\n\n\n<p class=\"paralineHeight parafontsize_mob has-text-color has-link-color wp-elements-2e4a9047c039b9ebcf5109a02dfc3370\" style=\"color:#243f55\">Dabei legen wir besonderen Wert darauf, Prozesse und Materialien so praktikabel wie m\u00f6glich zu gestalten. Denn auch wenn es in vielen Unternehmen noch zum Standard geh\u00f6rt: im echten Krisenfall hat niemand die Zeit, ein 200-seitiges Krisen-Manual zu lesen. Wirklich niemand. Und dann wird schlimmstenfalls improvisiert; was dem Erfolg des Krisenmanagements meist nicht zutr\u00e4glich ist. <br><br>Daher sind unsere Manuals und Krisenhandb\u00fccher so angelegt, dass sie die Nutzer Schritt f\u00fcr Schritt durch die Krise f\u00fchren. Gern stellen wir Ihnen unser Angebot hierzu pers\u00f6nlich n\u00e4her vor.<\/p>\n<\/div>\n\n\n\n<div class=\"wp-block-column is-vertically-aligned-bottom is-layout-flow wp-block-column-is-layout-flow\" style=\"padding-top:0;padding-bottom:0\"><div class=\"wp-block-image imgIconSvg\">\n<figure class=\"aligncenter size-full is-resized\"><img decoding=\"async\" src=\"https:\/\/www.ketchum.com\/germany\/wp-content\/uploads\/sites\/5\/2024\/06\/iStock-1138295318-scaled.jpg\" alt=\"\" class=\"wp-image-2597\" style=\"object-fit:cover;width:400px;height:400px\"\/><\/figure>\n<\/div><\/div>\n<\/div>\n<\/div><\/div><\/div>\n\n\n\n<div style=\"height:20px\" aria-hidden=\"true\" class=\"wp-block-spacer ketchum-timber-desktop-only\"><\/div>\n\n\n\n<style>\n.bgRediantColr{\nbackground: linear-gradient(rgba(251, 188, 66, .16), white);\n}\n<\/style>\n","protected":false},"excerpt":{"rendered":"Krisen-Setup\/Krisenhandbuch: ENTWICKLUNG PRAKTIKABLER PROZESSE F\u00dcR DIE KRISENKOMMUNIKATION Egal, ob Sie vorhandene Materialien \u2013 beispielsweise nach einem Krisen-Audit \u2013 aktualisieren oder Krisenprozesse v\u00f6llig neu aufsetzen m\u00f6chten: Unsere erfahrenen Berater:innen unterst\u00fctzen Sie hierbei. Dabei legen wir besonderen Wert darauf, Prozesse und Materialien so praktikabel wie m\u00f6glich zu gestalten. Denn auch wenn es in vielen Unternehmen noch zum [...]","protected":false},"author":3,"featured_media":601,"parent":0,"menu_order":0,"comment_status":"closed","ping_status":"closed","template":"","meta":{"_acf_changed":false,"footnotes":""},"class_list":["post-2593","page","type-page","status-publish","has-post-thumbnail","hentry"],"acf":[],"yoast_head":"<!-- This site is optimized with the Yoast SEO plugin v27.4 - https:\/\/yoast.com\/product\/yoast-seo-wordpress\/ -->\n<title>Crisis \u2013 Unterseite Krisen-Setup\/Krisenhandbuch | Ketchum \u2013 Eine f\u00fchrende Agentur f\u00fcr Reputation, Markenkommunikation und Transformation<\/title>\n<meta name=\"description\" content=\"Ketchum ist eine der f\u00fchrenden Kommunikationsberatungen. Ketchum versteht sich als strategischer und operativer Partner der Kund:innen beim Auf- und Ausbau ihrer Marken und ihrer Reputation bei Medien, Influencer:innen und Konsument:innen, bei der Eroberung neuer M\u00e4rkte, bei dynamischen Ver\u00e4nderungsprozessen und in der Digitalen Transformation, bei der Bew\u00e4ltigung von Krisen sowie bei gesellschaftlichen und politischen Gestaltungsaufgaben.\" \/>\n<meta name=\"robots\" content=\"index, follow, max-snippet:-1, max-image-preview:large, max-video-preview:-1\" \/>\n<link rel=\"canonical\" href=\"https:\/\/www.ketchum.com\/germany\/crisis-unterseite-krisen-setup-krisenhandbuch\/\" \/>\n<meta property=\"og:locale\" content=\"de_DE\" \/>\n<meta property=\"og:type\" content=\"article\" \/>\n<meta property=\"og:title\" content=\"Crisis \u2013 Unterseite Krisen-Setup\/Krisenhandbuch | Ketchum \u2013 Eine f\u00fchrende Agentur f\u00fcr Reputation, Markenkommunikation und Transformation\" \/>\n<meta property=\"og:description\" content=\"Ketchum ist eine der f\u00fchrenden Kommunikationsberatungen. Ketchum versteht sich als strategischer und operativer Partner der Kund:innen beim Auf- und Ausbau ihrer Marken und ihrer Reputation bei Medien, Influencer:innen und Konsument:innen, bei der Eroberung neuer M\u00e4rkte, bei dynamischen Ver\u00e4nderungsprozessen und in der Digitalen Transformation, bei der Bew\u00e4ltigung von Krisen sowie bei gesellschaftlichen und politischen Gestaltungsaufgaben.\" \/>\n<meta property=\"og:url\" content=\"https:\/\/www.ketchum.com\/germany\/crisis-unterseite-krisen-setup-krisenhandbuch\/\" \/>\n<meta property=\"og:site_name\" content=\"Ketchum Germany\" \/>\n<meta property=\"article:modified_time\" content=\"2024-07-16T11:56:20+00:00\" \/>\n<meta property=\"og:image\" content=\"https:\/\/www.ketchum.com\/germany\/wp-content\/uploads\/sites\/5\/2023\/03\/9.jpg\" \/>\n\t<meta property=\"og:image:width\" content=\"2048\" \/>\n\t<meta property=\"og:image:height\" content=\"1536\" \/>\n\t<meta property=\"og:image:type\" content=\"image\/jpeg\" \/>\n<meta name=\"twitter:card\" content=\"summary_large_image\" \/>\n<meta name=\"twitter:label1\" content=\"Est. reading time\" \/>\n\t<meta name=\"twitter:data1\" content=\"2 minutes\" \/>\n<script type=\"application\/ld+json\" class=\"yoast-schema-graph\">{\"@context\":\"https:\\\/\\\/schema.org\",\"@graph\":[{\"@type\":\"WebPage\",\"@id\":\"https:\\\/\\\/www.ketchum.com\\\/germany\\\/crisis-unterseite-krisen-setup-krisenhandbuch\\\/\",\"url\":\"https:\\\/\\\/www.ketchum.com\\\/germany\\\/crisis-unterseite-krisen-setup-krisenhandbuch\\\/\",\"name\":\"Crisis \u2013 Unterseite Krisen-Setup\\\/Krisenhandbuch | Ketchum \u2013 Eine f\u00fchrende Agentur f\u00fcr Reputation, Markenkommunikation und Transformation\",\"isPartOf\":{\"@id\":\"https:\\\/\\\/www.ketchum.com\\\/germany\\\/#website\"},\"primaryImageOfPage\":{\"@id\":\"https:\\\/\\\/www.ketchum.com\\\/germany\\\/crisis-unterseite-krisen-setup-krisenhandbuch\\\/#primaryimage\"},\"image\":{\"@id\":\"https:\\\/\\\/www.ketchum.com\\\/germany\\\/crisis-unterseite-krisen-setup-krisenhandbuch\\\/#primaryimage\"},\"thumbnailUrl\":\"https:\\\/\\\/www.ketchum.com\\\/germany\\\/wp-content\\\/uploads\\\/sites\\\/5\\\/2023\\\/03\\\/9.jpg\",\"datePublished\":\"2024-06-24T09:49:50+00:00\",\"dateModified\":\"2024-07-16T11:56:20+00:00\",\"description\":\"Ketchum ist eine der f\u00fchrenden Kommunikationsberatungen. Ketchum versteht sich als strategischer und operativer Partner der Kund:innen beim Auf- und Ausbau ihrer Marken und ihrer Reputation bei Medien, Influencer:innen und Konsument:innen, bei der Eroberung neuer M\u00e4rkte, bei dynamischen Ver\u00e4nderungsprozessen und in der Digitalen Transformation, bei der Bew\u00e4ltigung von Krisen sowie bei gesellschaftlichen und politischen Gestaltungsaufgaben.\",\"breadcrumb\":{\"@id\":\"https:\\\/\\\/www.ketchum.com\\\/germany\\\/crisis-unterseite-krisen-setup-krisenhandbuch\\\/#breadcrumb\"},\"inLanguage\":\"de-DE\",\"potentialAction\":[{\"@type\":\"ReadAction\",\"target\":[\"https:\\\/\\\/www.ketchum.com\\\/germany\\\/crisis-unterseite-krisen-setup-krisenhandbuch\\\/\"]}]},{\"@type\":\"ImageObject\",\"inLanguage\":\"de-DE\",\"@id\":\"https:\\\/\\\/www.ketchum.com\\\/germany\\\/crisis-unterseite-krisen-setup-krisenhandbuch\\\/#primaryimage\",\"url\":\"https:\\\/\\\/www.ketchum.com\\\/germany\\\/wp-content\\\/uploads\\\/sites\\\/5\\\/2023\\\/03\\\/9.jpg\",\"contentUrl\":\"https:\\\/\\\/www.ketchum.com\\\/germany\\\/wp-content\\\/uploads\\\/sites\\\/5\\\/2023\\\/03\\\/9.jpg\",\"width\":2048,\"height\":1536},{\"@type\":\"BreadcrumbList\",\"@id\":\"https:\\\/\\\/www.ketchum.com\\\/germany\\\/crisis-unterseite-krisen-setup-krisenhandbuch\\\/#breadcrumb\",\"itemListElement\":[{\"@type\":\"ListItem\",\"position\":1,\"name\":\"Home\",\"item\":\"https:\\\/\\\/www.ketchum.com\\\/germany\\\/\"},{\"@type\":\"ListItem\",\"position\":2,\"name\":\"Crisis \u2013 Unterseite Krisen-Setup\\\/Krisenhandbuch\"}]},{\"@type\":\"WebSite\",\"@id\":\"https:\\\/\\\/www.ketchum.com\\\/germany\\\/#website\",\"url\":\"https:\\\/\\\/www.ketchum.com\\\/germany\\\/\",\"name\":\"Ketchum Germany\",\"description\":\"Ketchum ist eine der f\u00fchrenden Kommunikationsberatungen. Ketchum versteht sich als strategischer und operativer Partner der Kund:innen beim Auf- und Ausbau ihrer Marken und ihrer Reputation bei Medien, Influencer:innen und Konsument:innen, bei der Eroberung neuer M\u00e4rkte, bei dynamischen Ver\u00e4nderungsprozessen und in der Digitalen Transformation, bei der Bew\u00e4ltigung von Krisen sowie bei gesellschaftlichen und politischen Gestaltungsaufgaben.\",\"potentialAction\":[{\"@type\":\"SearchAction\",\"target\":{\"@type\":\"EntryPoint\",\"urlTemplate\":\"https:\\\/\\\/www.ketchum.com\\\/germany\\\/?s={search_term_string}\"},\"query-input\":{\"@type\":\"PropertyValueSpecification\",\"valueRequired\":true,\"valueName\":\"search_term_string\"}}],\"inLanguage\":\"de-DE\"}]}<\/script>\n<!-- \/ Yoast SEO plugin. -->","yoast_head_json":{"title":"Crisis \u2013 Unterseite Krisen-Setup\/Krisenhandbuch | Ketchum \u2013 Eine f\u00fchrende Agentur f\u00fcr Reputation, Markenkommunikation und Transformation","description":"Ketchum ist eine der f\u00fchrenden Kommunikationsberatungen. Ketchum versteht sich als strategischer und operativer Partner der Kund:innen beim Auf- und Ausbau ihrer Marken und ihrer Reputation bei Medien, Influencer:innen und Konsument:innen, bei der Eroberung neuer M\u00e4rkte, bei dynamischen Ver\u00e4nderungsprozessen und in der Digitalen Transformation, bei der Bew\u00e4ltigung von Krisen sowie bei gesellschaftlichen und politischen Gestaltungsaufgaben.","robots":{"index":"index","follow":"follow","max-snippet":"max-snippet:-1","max-image-preview":"max-image-preview:large","max-video-preview":"max-video-preview:-1"},"canonical":"https:\/\/www.ketchum.com\/germany\/crisis-unterseite-krisen-setup-krisenhandbuch\/","og_locale":"de_DE","og_type":"article","og_title":"Crisis \u2013 Unterseite Krisen-Setup\/Krisenhandbuch | Ketchum \u2013 Eine f\u00fchrende Agentur f\u00fcr Reputation, Markenkommunikation und Transformation","og_description":"Ketchum ist eine der f\u00fchrenden Kommunikationsberatungen. Ketchum versteht sich als strategischer und operativer Partner der Kund:innen beim Auf- und Ausbau ihrer Marken und ihrer Reputation bei Medien, Influencer:innen und Konsument:innen, bei der Eroberung neuer M\u00e4rkte, bei dynamischen Ver\u00e4nderungsprozessen und in der Digitalen Transformation, bei der Bew\u00e4ltigung von Krisen sowie bei gesellschaftlichen und politischen Gestaltungsaufgaben.","og_url":"https:\/\/www.ketchum.com\/germany\/crisis-unterseite-krisen-setup-krisenhandbuch\/","og_site_name":"Ketchum Germany","article_modified_time":"2024-07-16T11:56:20+00:00","og_image":[{"width":2048,"height":1536,"url":"https:\/\/www.ketchum.com\/germany\/wp-content\/uploads\/sites\/5\/2023\/03\/9.jpg","type":"image\/jpeg"}],"twitter_card":"summary_large_image","twitter_misc":{"Est. reading time":"2 minutes"},"schema":{"@context":"https:\/\/schema.org","@graph":[{"@type":"WebPage","@id":"https:\/\/www.ketchum.com\/germany\/crisis-unterseite-krisen-setup-krisenhandbuch\/","url":"https:\/\/www.ketchum.com\/germany\/crisis-unterseite-krisen-setup-krisenhandbuch\/","name":"Crisis \u2013 Unterseite Krisen-Setup\/Krisenhandbuch | Ketchum \u2013 Eine f\u00fchrende Agentur f\u00fcr Reputation, Markenkommunikation und Transformation","isPartOf":{"@id":"https:\/\/www.ketchum.com\/germany\/#website"},"primaryImageOfPage":{"@id":"https:\/\/www.ketchum.com\/germany\/crisis-unterseite-krisen-setup-krisenhandbuch\/#primaryimage"},"image":{"@id":"https:\/\/www.ketchum.com\/germany\/crisis-unterseite-krisen-setup-krisenhandbuch\/#primaryimage"},"thumbnailUrl":"https:\/\/www.ketchum.com\/germany\/wp-content\/uploads\/sites\/5\/2023\/03\/9.jpg","datePublished":"2024-06-24T09:49:50+00:00","dateModified":"2024-07-16T11:56:20+00:00","description":"Ketchum ist eine der f\u00fchrenden Kommunikationsberatungen. Ketchum versteht sich als strategischer und operativer Partner der Kund:innen beim Auf- und Ausbau ihrer Marken und ihrer Reputation bei Medien, Influencer:innen und Konsument:innen, bei der Eroberung neuer M\u00e4rkte, bei dynamischen Ver\u00e4nderungsprozessen und in der Digitalen Transformation, bei der Bew\u00e4ltigung von Krisen sowie bei gesellschaftlichen und politischen Gestaltungsaufgaben.","breadcrumb":{"@id":"https:\/\/www.ketchum.com\/germany\/crisis-unterseite-krisen-setup-krisenhandbuch\/#breadcrumb"},"inLanguage":"de-DE","potentialAction":[{"@type":"ReadAction","target":["https:\/\/www.ketchum.com\/germany\/crisis-unterseite-krisen-setup-krisenhandbuch\/"]}]},{"@type":"ImageObject","inLanguage":"de-DE","@id":"https:\/\/www.ketchum.com\/germany\/crisis-unterseite-krisen-setup-krisenhandbuch\/#primaryimage","url":"https:\/\/www.ketchum.com\/germany\/wp-content\/uploads\/sites\/5\/2023\/03\/9.jpg","contentUrl":"https:\/\/www.ketchum.com\/germany\/wp-content\/uploads\/sites\/5\/2023\/03\/9.jpg","width":2048,"height":1536},{"@type":"BreadcrumbList","@id":"https:\/\/www.ketchum.com\/germany\/crisis-unterseite-krisen-setup-krisenhandbuch\/#breadcrumb","itemListElement":[{"@type":"ListItem","position":1,"name":"Home","item":"https:\/\/www.ketchum.com\/germany\/"},{"@type":"ListItem","position":2,"name":"Crisis \u2013 Unterseite Krisen-Setup\/Krisenhandbuch"}]},{"@type":"WebSite","@id":"https:\/\/www.ketchum.com\/germany\/#website","url":"https:\/\/www.ketchum.com\/germany\/","name":"Ketchum Germany","description":"Ketchum ist eine der f\u00fchrenden Kommunikationsberatungen. Ketchum versteht sich als strategischer und operativer Partner der Kund:innen beim Auf- und Ausbau ihrer Marken und ihrer Reputation bei Medien, Influencer:innen und Konsument:innen, bei der Eroberung neuer M\u00e4rkte, bei dynamischen Ver\u00e4nderungsprozessen und in der Digitalen Transformation, bei der Bew\u00e4ltigung von Krisen sowie bei gesellschaftlichen und politischen Gestaltungsaufgaben.","potentialAction":[{"@type":"SearchAction","target":{"@type":"EntryPoint","urlTemplate":"https:\/\/www.ketchum.com\/germany\/?s={search_term_string}"},"query-input":{"@type":"PropertyValueSpecification","valueRequired":true,"valueName":"search_term_string"}}],"inLanguage":"de-DE"}]}},"featured_image_src":"https:\/\/www.ketchum.com\/germany\/wp-content\/uploads\/sites\/5\/2023\/03\/9.jpg","featured_image_src_square":"https:\/\/www.ketchum.com\/germany\/wp-content\/uploads\/sites\/5\/2023\/03\/9.jpg","_links":{"self":[{"href":"https:\/\/www.ketchum.com\/germany\/wp-json\/wp\/v2\/pages\/2593","targetHints":{"allow":["GET"]}}],"collection":[{"href":"https:\/\/www.ketchum.com\/germany\/wp-json\/wp\/v2\/pages"}],"about":[{"href":"https:\/\/www.ketchum.com\/germany\/wp-json\/wp\/v2\/types\/page"}],"author":[{"embeddable":true,"href":"https:\/\/www.ketchum.com\/germany\/wp-json\/wp\/v2\/users\/3"}],"replies":[{"embeddable":true,"href":"https:\/\/www.ketchum.com\/germany\/wp-json\/wp\/v2\/comments?post=2593"}],"version-history":[{"count":0,"href":"https:\/\/www.ketchum.com\/germany\/wp-json\/wp\/v2\/pages\/2593\/revisions"}],"wp:featuredmedia":[{"embeddable":true,"href":"https:\/\/www.ketchum.com\/germany\/wp-json\/wp\/v2\/media\/601"}],"wp:attachment":[{"href":"https:\/\/www.ketchum.com\/germany\/wp-json\/wp\/v2\/media?parent=2593"}],"curies":[{"name":"wp","href":"https:\/\/api.w.org\/{rel}","templated":true}]}}