{"id":2582,"date":"2024-06-24T09:34:45","date_gmt":"2024-06-24T09:34:45","guid":{"rendered":"https:\/\/ketchumcorpstg.wpengine.com\/germany\/?page_id=2582"},"modified":"2024-07-17T11:14:43","modified_gmt":"2024-07-17T11:14:43","slug":"unterseite-unser-support-fuer-bcm","status":"publish","type":"page","link":"https:\/\/www.ketchum.com\/germany\/unterseite-unser-support-fuer-bcm\/","title":{"rendered":"Unterseite Unser Support f\u00fcr BCM"},"content":{"rendered":"\n<div class=\"wp-block-cover alignfull is-light bannerTopImg\" style=\"margin-top:0;padding-top:0px;padding-right:0px;padding-bottom:0px;padding-left:0px;min-height:776px;aspect-ratio:unset;\"><span aria-hidden=\"true\" class=\"wp-block-cover__background has-white-background-color has-background-dim-0 has-background-dim\"><\/span><img decoding=\"async\" class=\"wp-block-cover__image-background wp-image-2907\" alt=\"\" src=\"https:\/\/www.ketchum.com\/germany\/wp-content\/uploads\/sites\/5\/2024\/07\/iStock-1473515757.jpg\" data-object-fit=\"cover\"\/><div class=\"wp-block-cover__inner-container is-layout-flow wp-block-cover-is-layout-flow\">\n<div class=\"wp-block-group\"><div class=\"wp-block-group__inner-container is-layout-constrained wp-container-core-group-is-layout-481a76f5 wp-block-group-is-layout-constrained\">\n<div style=\"height:300px\" aria-hidden=\"true\" class=\"wp-block-spacer\"><\/div>\n\n\n\n<p class=\"has-text-align-center has-white-color has-text-color has-link-color has-medium-font-size wp-elements-b05fe2adf3e559ae2008ac027989e0ec\">Support:<\/p>\n\n\n<style>@media only screen and (max-width: 1200px) {.gb-69f0f66c4fa4d{}}@media only screen and (max-width: 600px) {.gb-69f0f66c4fa4d{}}<\/style>\n<h1 class=\"gb-69f0f66c4fa4d wp-block-heading has-text-align-center anchorTagCls headerHeadings_mob has-white-color has-text-color\" style=\"font-size:46px;font-style:normal;font-weight:700;letter-spacing:0px;line-height:1;text-transform:uppercase\">UNSER SUPPORT F\u00dcR BUSINESS <br>CONTINUITY MANAGEMENT TEAMS<\/h1>\n<\/div><\/div>\n<\/div><\/div>\n\n\n\n<div class=\"wp-block-genesis-blocks-gb-container backColor gb-block-container\"><div class=\"gb-container-inside\"><div class=\"gb-container-content\">\n<div class=\"wp-block-genesis-blocks-gb-container container gb-block-container\"><div class=\"gb-container-inside\"><div class=\"gb-container-content\">\n<div class=\"wp-block-columns is-layout-flex wp-container-core-columns-is-layout-9d6595d7 wp-block-columns-is-layout-flex\">\n<div class=\"wp-block-column is-layout-flow wp-block-column-is-layout-flow\" style=\"padding-top:var(--wp--preset--spacing--60)\"><style>@media only screen and (max-width: 1200px) {.gb-69f0f66c500e7{}}@media only screen and (max-width: 600px) {.gb-69f0f66c500e7{}}<\/style>\n<h3 class=\"gb-69f0f66c500e7 wp-block-heading h5FontSize_mob\" style=\"font-size:34px\">Im Schulterschluss mit den internen <mark style=\"background-color:rgba(0, 0, 0, 0);color:#fbbc42\" class=\"has-inline-color\">Business Continuity Management Teams (BCM)<\/mark> sowie den Krisenst\u00e4ben von Unternehmen k\u00f6nnen wir zu einer Verbesserung der Prozesse und zu schneller und sicherer Handlungsf\u00e4higkeit im Krisenfall beitragen:<\/h3>\n<\/div>\n\n\n\n<div class=\"wp-block-column is-layout-flow wp-block-column-is-layout-flow\"><\/div>\n<\/div>\n<\/div><\/div><\/div>\n<\/div><\/div><\/div>\n\n\n\n<div class=\"wp-block-genesis-blocks-gb-container gb-block-container\"><div class=\"gb-container-inside\"><div class=\"gb-container-content\">\n<div class=\"wp-block-genesis-blocks-gb-container container gb-block-container\"><div class=\"gb-container-inside\"><div class=\"gb-container-content\">\n<div class=\"wp-block-columns reverse-column is-layout-flex wp-container-core-columns-is-layout-9d6595d7 wp-block-columns-is-layout-flex\">\n<div class=\"wp-block-column is-layout-flow wp-block-column-is-layout-flow\" style=\"padding-top:var(--wp--preset--spacing--60);flex-basis:100%\"><div class=\"wp-block-image\">\n<figure class=\"aligncenter size-full\"><img decoding=\"async\" src=\"https:\/\/www.ketchum.com\/germany\/wp-content\/uploads\/sites\/5\/2024\/06\/icon_014.svg\" alt=\"\" class=\"wp-image-2604\"\/><\/figure>\n<\/div><\/div>\n\n\n\n<div class=\"wp-block-column is-layout-flow wp-block-column-is-layout-flow\" style=\"flex-basis:100%\"><style>@media only screen and (max-width: 1200px) {.gb-69f0f66c50345{}}@media only screen and (max-width: 600px) {.gb-69f0f66c50345{}}<\/style>\n<h2 class=\"gb-69f0f66c50345 wp-block-heading crisisTextHeadlines h5FontSize_mob\" style=\"font-size:46px\">RISIKOBEWERTUNG UND -ANALYSE<\/h2>\n\n\n\n<p class=\"parafontsize_mob paralineHeight has-medium-font-size\">Das Identifizieren und Bewerten aller potenziellen Risiken und Bedrohungen f\u00fcr das Unternehmen k\u00f6nnen schwierig sein, insbesondere in einem sich st\u00e4ndig ver\u00e4ndernden globalen Umfeld. Durch unser globales Netzwerk sowie multi-channel Monitoring-F\u00e4higkeiten mit AI-Support geben wir wertvolle Hinweise und helfen dabei, Risiken rechtzeitig aufzudecken. Hier sind Fake-News und Desinformation als potenzielle Risiken klar zu nennen, die nahezu in Echtzeit zu managen sind.<\/p>\n<\/div>\n<\/div>\n<\/div><\/div><\/div>\n<\/div><\/div><\/div>\n\n\n\n<div class=\"wp-block-genesis-blocks-gb-container gb-block-container\"><div class=\"gb-container-inside\"><div class=\"gb-container-content\">\n<div class=\"wp-block-genesis-blocks-gb-container container gb-block-container\"><div class=\"gb-container-inside\"><div class=\"gb-container-content\">\n<div class=\"wp-block-columns is-layout-flex wp-container-core-columns-is-layout-9d6595d7 wp-block-columns-is-layout-flex\">\n<div class=\"wp-block-column is-layout-flow wp-block-column-is-layout-flow\"><style>@media only screen and (max-width: 1200px) {.gb-69f0f66c50457{}}@media only screen and (max-width: 600px) {.gb-69f0f66c50457{}}<\/style>\n<h2 class=\"gb-69f0f66c50457 wp-block-heading crisisTextHeadlines h5FontSize_mob\" style=\"font-size:46px\">MITARBEITENDEN-ENGAGEMENT UND -SCHULUNG<\/h2>\n\n\n\n<p class=\"parafontsize_mob paralineHeight has-medium-font-size\">Die Schulung der Mitarbeitenden und deren Engagement im BCM-Prozess ist entscheidend. Mitarbeitende m\u00fcssen die BCM-Pl\u00e4ne kennen und verstehen sowie wissen, wie sie im Ernstfall zu handeln haben. Als Spezialist:innen f\u00fcr interne Kommunikation unterst\u00fctzen wir BCM-Teams dabei, ihre Botschaften intern optimal bei den Mitarbeiter:innen zu verankern.<\/p>\n<\/div>\n\n\n\n<div class=\"wp-block-column is-layout-flow wp-block-column-is-layout-flow\" style=\"padding-top:var(--wp--preset--spacing--60)\"><div class=\"wp-block-image\">\n<figure class=\"aligncenter size-full\"><img decoding=\"async\" src=\"https:\/\/www.ketchum.com\/germany\/wp-content\/uploads\/sites\/5\/2024\/06\/icon_015.svg\" alt=\"\" class=\"wp-image-2609\"\/><\/figure>\n<\/div><\/div>\n<\/div>\n<\/div><\/div><\/div>\n<\/div><\/div><\/div>\n\n\n\n<div class=\"wp-block-genesis-blocks-gb-container gb-block-container\"><div class=\"gb-container-inside\"><div class=\"gb-container-content\">\n<div class=\"wp-block-genesis-blocks-gb-container container gb-block-container\"><div class=\"gb-container-inside\"><div class=\"gb-container-content\">\n<div class=\"wp-block-columns reverse-column is-layout-flex wp-container-core-columns-is-layout-9d6595d7 wp-block-columns-is-layout-flex\">\n<div class=\"wp-block-column is-layout-flow wp-block-column-is-layout-flow\" style=\"padding-top:var(--wp--preset--spacing--60)\"><div class=\"wp-block-image\">\n<figure class=\"aligncenter size-full\"><img decoding=\"async\" src=\"https:\/\/www.ketchum.com\/germany\/wp-content\/uploads\/sites\/5\/2024\/06\/icon_016.svg\" alt=\"\" class=\"wp-image-2612\"\/><\/figure>\n<\/div><\/div>\n\n\n\n<div class=\"wp-block-column is-layout-flow wp-block-column-is-layout-flow\"><style>@media only screen and (max-width: 1200px) {.gb-69f0f66c506a5{}}@media only screen and (max-width: 600px) {.gb-69f0f66c506a5{}}<\/style>\n<h2 class=\"gb-69f0f66c506a5 wp-block-heading crisisTextHeadlines h5FontSize_mob\" style=\"font-size:46px\">KOMMUNIKATION UND KOORDINATION<\/h2>\n\n\n\n<p class=\"parafontsize_mob paralineHeight has-medium-font-size\">Eine effektive Kommunikation und Koordination zwischen verschiedenen Abteilungen, Standorten und externen Partner:innen ist f\u00fcr das BCM unerl\u00e4sslich. Kommunikationspl\u00e4ne m\u00fcssen klar und effizient sein. Aufgrund unserer jahrzehntelangen Erfahrung k\u00f6nnen wir BCM-Teams dabei beraten, ihre Kommunikationspl\u00e4ne zu optimieren.<\/p>\n<\/div>\n<\/div>\n<\/div><\/div><\/div>\n<\/div><\/div><\/div>\n\n\n\n<div class=\"wp-block-genesis-blocks-gb-container gb-block-container\"><div class=\"gb-container-inside\"><div class=\"gb-container-content\">\n<div class=\"wp-block-genesis-blocks-gb-container container gb-block-container\"><div class=\"gb-container-inside\"><div class=\"gb-container-image-wrap\"><img decoding=\"async\" class=\"gb-container-image has-background-dim\" object-fit=\"cover\"  object-fit=\"cover\"  src=\"https:\/\/www.ketchum.com\/germany\/wp-content\/uploads\/sites\/5\/2024\/06\/Element_Grid_pattern_bg.svg\" alt=\"\"\/><\/div><div class=\"gb-container-content\">\n<div class=\"wp-block-columns is-layout-flex wp-container-core-columns-is-layout-9d6595d7 wp-block-columns-is-layout-flex\">\n<div class=\"wp-block-column is-layout-flow wp-block-column-is-layout-flow\"><style>@media only screen and (max-width: 1200px) {.gb-69f0f66c5079d{}}@media only screen and (max-width: 600px) {.gb-69f0f66c5079d{}}<\/style>\n<h2 class=\"gb-69f0f66c5079d wp-block-heading crisisTextHeadlines h5FontSize_mob\" style=\"font-size:46px\">KULTURELLE UND ORGANISATORISCHE BARRIEREN<\/h2>\n\n\n\n<p class=\"parafontsize_mob paralineHeight has-medium-font-size\">In einigen Unternehmen gibt es m\u00f6glicherweise eine Kultur des Widerstands gegen Ver\u00e4nderungen oder eine Untersch\u00e4tzung der Bedeutung von BCM, was die Umsetzung und Effektivit\u00e4t der Pl\u00e4ne behindern kann. Wir verbinden praxiserprobtes Krisenwissen mit umfassender Erfahrung aus Change- und Transitionsprogrammen sowie Engangement-Aktivit\u00e4ten von Mitarbeitenden. Daher k\u00f6nnen wir BCM Teams wertvolle Hinweise geben, wie insbesondere kulturelle Barrieren in Unternehmen optimal abgebaut werden k\u00f6nnen.<\/p>\n<\/div>\n\n\n\n<div class=\"wp-block-column is-layout-flow wp-block-column-is-layout-flow\" style=\"padding-top:var(--wp--preset--spacing--60)\"><div class=\"wp-block-image\">\n<figure class=\"aligncenter size-full\"><img decoding=\"async\" src=\"https:\/\/www.ketchum.com\/germany\/wp-content\/uploads\/sites\/5\/2024\/06\/icon_019.svg\" alt=\"\" class=\"wp-image-2845\"\/><\/figure>\n<\/div><\/div>\n<\/div>\n\n\n\n<div class=\"wp-block-columns reverse-column is-layout-flex wp-container-core-columns-is-layout-9d6595d7 wp-block-columns-is-layout-flex\">\n<div class=\"wp-block-column is-layout-flow wp-block-column-is-layout-flow\" style=\"padding-top:var(--wp--preset--spacing--60)\"><div class=\"wp-block-image\">\n<figure class=\"aligncenter size-full\"><img decoding=\"async\" src=\"https:\/\/www.ketchum.com\/germany\/wp-content\/uploads\/sites\/5\/2024\/06\/icon_017.svg\" alt=\"\" class=\"wp-image-2613\"\/><\/figure>\n<\/div><\/div>\n\n\n\n<div class=\"wp-block-column is-layout-flow wp-block-column-is-layout-flow\"><style>@media only screen and (max-width: 1200px) {.gb-69f0f66c50990{}}@media only screen and (max-width: 600px) {.gb-69f0f66c50990{}}<\/style>\n<h2 class=\"gb-69f0f66c50990 wp-block-heading crisisTextHeadlines h5FontSize_mob\" style=\"font-size:46px\">KRISEN\u00adKOMMUNIKATION<\/h2>\n\n\n\n<p class=\"parafontsize_mob paralineHeight has-medium-font-size\">Die F\u00e4higkeit, im Krisenfall effektiv mit internen und externen Stakeholdern zu kommunizieren, ist entscheidend. Selbstverst\u00e4ndlich binden wir die BCM-Anforderungen in unsere Krisenkommunikationsma\u00dfnahmen ein und liefern im Umkehrschluss wichtige Bestandteile der Krisenkommunikation f\u00fcr BCM-Prozesse, Richtlinien und Handreichungen.<\/p>\n<\/div>\n<\/div>\n<\/div><\/div><\/div>\n<\/div><\/div><\/div>\n\n\n\n<div class=\"wp-block-genesis-blocks-gb-container gb-block-container\"><div class=\"gb-container-inside\"><div class=\"gb-container-content\">\n<div class=\"wp-block-genesis-blocks-gb-container container gb-block-container\"><div class=\"gb-container-inside\"><div class=\"gb-container-content\">\n<div class=\"wp-block-columns is-layout-flex wp-container-core-columns-is-layout-9d6595d7 wp-block-columns-is-layout-flex\">\n<div class=\"wp-block-column has-background is-layout-flow wp-block-column-is-layout-flow\" style=\"background-color:#0079a2;padding-top:var(--wp--preset--spacing--80);padding-right:var(--wp--preset--spacing--80);padding-bottom:var(--wp--preset--spacing--80);padding-left:var(--wp--preset--spacing--80)\" id=\"unterseiteVerticalborder\"><style>@media only screen and (max-width: 600px) {.gb-69f0f66c50b03{}}<\/style>\n<h3 class=\"gb-69f0f66c50b03 wp-block-heading h5FontSize_mob has-white-color has-text-color has-link-color wp-elements-47af0a913b0fd494e645f2bbc9a41c42\" style=\"font-size:34px\">Diese Herausforderungen erfordern eine ganzheitliche und proaktive Herangehensweise, um die Gesch\u00e4ftskontinuit\u00e4t in Krisenzeiten zu gew\u00e4hrleisten und die Resilienz des Unternehmens zu st\u00e4rken. Wir k\u00f6nnen dazu einen entscheidenden <mark style=\"background-color:rgba(0, 0, 0, 0);color:#fbbc42\" class=\"has-inline-color\">Wertbeitrag<\/mark> leisten.<\/h3>\n<\/div>\n\n\n\n<div class=\"wp-block-column is-layout-flow wp-block-column-is-layout-flow\" style=\"padding-top:var(--wp--preset--spacing--60)\"><\/div>\n<\/div>\n<\/div><\/div><\/div>\n<\/div><\/div><\/div>\n","protected":false},"excerpt":{"rendered":"Support: UNSER SUPPORT F\u00dcR BUSINESS CONTINUITY MANAGEMENT TEAMS Im Schulterschluss mit den internen Business Continuity Management Teams (BCM) sowie den Krisenst\u00e4ben von Unternehmen k\u00f6nnen wir zu einer Verbesserung der Prozesse und zu schneller und sicherer Handlungsf\u00e4higkeit im Krisenfall beitragen: RISIKOBEWERTUNG UND -ANALYSE Das Identifizieren und Bewerten aller potenziellen Risiken und Bedrohungen f\u00fcr das Unternehmen k\u00f6nnen [...]","protected":false},"author":3,"featured_media":0,"parent":0,"menu_order":0,"comment_status":"closed","ping_status":"closed","template":"","meta":{"_acf_changed":false,"footnotes":""},"class_list":["post-2582","page","type-page","status-publish","hentry"],"acf":[],"yoast_head":"<!-- This site is optimized with the Yoast SEO plugin v27.4 - https:\/\/yoast.com\/product\/yoast-seo-wordpress\/ -->\n<title>Unterseite Unser Support f\u00fcr BCM | Ketchum \u2013 Eine f\u00fchrende Agentur f\u00fcr Reputation, Markenkommunikation und Transformation<\/title>\n<meta name=\"description\" content=\"Ketchum ist eine der f\u00fchrenden Kommunikationsberatungen. Ketchum versteht sich als strategischer und operativer Partner der Kund:innen beim Auf- und Ausbau ihrer Marken und ihrer Reputation bei Medien, Influencer:innen und Konsument:innen, bei der Eroberung neuer M\u00e4rkte, bei dynamischen Ver\u00e4nderungsprozessen und in der Digitalen Transformation, bei der Bew\u00e4ltigung von Krisen sowie bei gesellschaftlichen und politischen Gestaltungsaufgaben.\" \/>\n<meta name=\"robots\" content=\"index, follow, max-snippet:-1, max-image-preview:large, max-video-preview:-1\" \/>\n<link rel=\"canonical\" href=\"https:\/\/www.ketchum.com\/germany\/unterseite-unser-support-fuer-bcm\/\" \/>\n<meta property=\"og:locale\" content=\"de_DE\" \/>\n<meta property=\"og:type\" content=\"article\" \/>\n<meta property=\"og:title\" content=\"Unterseite Unser Support f\u00fcr BCM | Ketchum \u2013 Eine f\u00fchrende Agentur f\u00fcr Reputation, Markenkommunikation und Transformation\" \/>\n<meta property=\"og:description\" content=\"Ketchum ist eine der f\u00fchrenden Kommunikationsberatungen. Ketchum versteht sich als strategischer und operativer Partner der Kund:innen beim Auf- und Ausbau ihrer Marken und ihrer Reputation bei Medien, Influencer:innen und Konsument:innen, bei der Eroberung neuer M\u00e4rkte, bei dynamischen Ver\u00e4nderungsprozessen und in der Digitalen Transformation, bei der Bew\u00e4ltigung von Krisen sowie bei gesellschaftlichen und politischen Gestaltungsaufgaben.\" \/>\n<meta property=\"og:url\" content=\"https:\/\/www.ketchum.com\/germany\/unterseite-unser-support-fuer-bcm\/\" \/>\n<meta property=\"og:site_name\" content=\"Ketchum Germany\" \/>\n<meta property=\"article:modified_time\" content=\"2024-07-17T11:14:43+00:00\" \/>\n<meta property=\"og:image\" content=\"https:\/\/www.ketchum.com\/germany\/wp-content\/uploads\/sites\/5\/2024\/07\/iStock-1473515757.jpg\" \/>\n<meta name=\"twitter:card\" content=\"summary_large_image\" \/>\n<meta name=\"twitter:label1\" content=\"Est. reading time\" \/>\n\t<meta name=\"twitter:data1\" content=\"3 minutes\" \/>\n<script type=\"application\/ld+json\" class=\"yoast-schema-graph\">{\"@context\":\"https:\\\/\\\/schema.org\",\"@graph\":[{\"@type\":\"WebPage\",\"@id\":\"https:\\\/\\\/www.ketchum.com\\\/germany\\\/unterseite-unser-support-fuer-bcm\\\/\",\"url\":\"https:\\\/\\\/www.ketchum.com\\\/germany\\\/unterseite-unser-support-fuer-bcm\\\/\",\"name\":\"Unterseite Unser Support f\u00fcr BCM | Ketchum \u2013 Eine f\u00fchrende Agentur f\u00fcr Reputation, Markenkommunikation und Transformation\",\"isPartOf\":{\"@id\":\"https:\\\/\\\/www.ketchum.com\\\/germany\\\/#website\"},\"primaryImageOfPage\":{\"@id\":\"https:\\\/\\\/www.ketchum.com\\\/germany\\\/unterseite-unser-support-fuer-bcm\\\/#primaryimage\"},\"image\":{\"@id\":\"https:\\\/\\\/www.ketchum.com\\\/germany\\\/unterseite-unser-support-fuer-bcm\\\/#primaryimage\"},\"thumbnailUrl\":\"https:\\\/\\\/www.ketchum.com\\\/germany\\\/wp-content\\\/uploads\\\/sites\\\/5\\\/2024\\\/07\\\/iStock-1473515757.jpg\",\"datePublished\":\"2024-06-24T09:34:45+00:00\",\"dateModified\":\"2024-07-17T11:14:43+00:00\",\"description\":\"Ketchum ist eine der f\u00fchrenden Kommunikationsberatungen. Ketchum versteht sich als strategischer und operativer Partner der Kund:innen beim Auf- und Ausbau ihrer Marken und ihrer Reputation bei Medien, Influencer:innen und Konsument:innen, bei der Eroberung neuer M\u00e4rkte, bei dynamischen Ver\u00e4nderungsprozessen und in der Digitalen Transformation, bei der Bew\u00e4ltigung von Krisen sowie bei gesellschaftlichen und politischen Gestaltungsaufgaben.\",\"breadcrumb\":{\"@id\":\"https:\\\/\\\/www.ketchum.com\\\/germany\\\/unterseite-unser-support-fuer-bcm\\\/#breadcrumb\"},\"inLanguage\":\"de-DE\",\"potentialAction\":[{\"@type\":\"ReadAction\",\"target\":[\"https:\\\/\\\/www.ketchum.com\\\/germany\\\/unterseite-unser-support-fuer-bcm\\\/\"]}]},{\"@type\":\"ImageObject\",\"inLanguage\":\"de-DE\",\"@id\":\"https:\\\/\\\/www.ketchum.com\\\/germany\\\/unterseite-unser-support-fuer-bcm\\\/#primaryimage\",\"url\":\"\",\"contentUrl\":\"\"},{\"@type\":\"BreadcrumbList\",\"@id\":\"https:\\\/\\\/www.ketchum.com\\\/germany\\\/unterseite-unser-support-fuer-bcm\\\/#breadcrumb\",\"itemListElement\":[{\"@type\":\"ListItem\",\"position\":1,\"name\":\"Home\",\"item\":\"https:\\\/\\\/www.ketchum.com\\\/germany\\\/\"},{\"@type\":\"ListItem\",\"position\":2,\"name\":\"Unterseite Unser Support f\u00fcr BCM\"}]},{\"@type\":\"WebSite\",\"@id\":\"https:\\\/\\\/www.ketchum.com\\\/germany\\\/#website\",\"url\":\"https:\\\/\\\/www.ketchum.com\\\/germany\\\/\",\"name\":\"Ketchum Germany\",\"description\":\"Ketchum ist eine der f\u00fchrenden Kommunikationsberatungen. Ketchum versteht sich als strategischer und operativer Partner der Kund:innen beim Auf- und Ausbau ihrer Marken und ihrer Reputation bei Medien, Influencer:innen und Konsument:innen, bei der Eroberung neuer M\u00e4rkte, bei dynamischen Ver\u00e4nderungsprozessen und in der Digitalen Transformation, bei der Bew\u00e4ltigung von Krisen sowie bei gesellschaftlichen und politischen Gestaltungsaufgaben.\",\"potentialAction\":[{\"@type\":\"SearchAction\",\"target\":{\"@type\":\"EntryPoint\",\"urlTemplate\":\"https:\\\/\\\/www.ketchum.com\\\/germany\\\/?s={search_term_string}\"},\"query-input\":{\"@type\":\"PropertyValueSpecification\",\"valueRequired\":true,\"valueName\":\"search_term_string\"}}],\"inLanguage\":\"de-DE\"}]}<\/script>\n<!-- \/ Yoast SEO plugin. -->","yoast_head_json":{"title":"Unterseite Unser Support f\u00fcr BCM | Ketchum \u2013 Eine f\u00fchrende Agentur f\u00fcr Reputation, Markenkommunikation und Transformation","description":"Ketchum ist eine der f\u00fchrenden Kommunikationsberatungen. Ketchum versteht sich als strategischer und operativer Partner der Kund:innen beim Auf- und Ausbau ihrer Marken und ihrer Reputation bei Medien, Influencer:innen und Konsument:innen, bei der Eroberung neuer M\u00e4rkte, bei dynamischen Ver\u00e4nderungsprozessen und in der Digitalen Transformation, bei der Bew\u00e4ltigung von Krisen sowie bei gesellschaftlichen und politischen Gestaltungsaufgaben.","robots":{"index":"index","follow":"follow","max-snippet":"max-snippet:-1","max-image-preview":"max-image-preview:large","max-video-preview":"max-video-preview:-1"},"canonical":"https:\/\/www.ketchum.com\/germany\/unterseite-unser-support-fuer-bcm\/","og_locale":"de_DE","og_type":"article","og_title":"Unterseite Unser Support f\u00fcr BCM | Ketchum \u2013 Eine f\u00fchrende Agentur f\u00fcr Reputation, Markenkommunikation und Transformation","og_description":"Ketchum ist eine der f\u00fchrenden Kommunikationsberatungen. Ketchum versteht sich als strategischer und operativer Partner der Kund:innen beim Auf- und Ausbau ihrer Marken und ihrer Reputation bei Medien, Influencer:innen und Konsument:innen, bei der Eroberung neuer M\u00e4rkte, bei dynamischen Ver\u00e4nderungsprozessen und in der Digitalen Transformation, bei der Bew\u00e4ltigung von Krisen sowie bei gesellschaftlichen und politischen Gestaltungsaufgaben.","og_url":"https:\/\/www.ketchum.com\/germany\/unterseite-unser-support-fuer-bcm\/","og_site_name":"Ketchum Germany","article_modified_time":"2024-07-17T11:14:43+00:00","og_image":[{"url":"https:\/\/www.ketchum.com\/germany\/wp-content\/uploads\/sites\/5\/2024\/07\/iStock-1473515757.jpg","type":"","width":"","height":""}],"twitter_card":"summary_large_image","twitter_misc":{"Est. reading time":"3 minutes"},"schema":{"@context":"https:\/\/schema.org","@graph":[{"@type":"WebPage","@id":"https:\/\/www.ketchum.com\/germany\/unterseite-unser-support-fuer-bcm\/","url":"https:\/\/www.ketchum.com\/germany\/unterseite-unser-support-fuer-bcm\/","name":"Unterseite Unser Support f\u00fcr BCM | Ketchum \u2013 Eine f\u00fchrende Agentur f\u00fcr Reputation, Markenkommunikation und Transformation","isPartOf":{"@id":"https:\/\/www.ketchum.com\/germany\/#website"},"primaryImageOfPage":{"@id":"https:\/\/www.ketchum.com\/germany\/unterseite-unser-support-fuer-bcm\/#primaryimage"},"image":{"@id":"https:\/\/www.ketchum.com\/germany\/unterseite-unser-support-fuer-bcm\/#primaryimage"},"thumbnailUrl":"https:\/\/www.ketchum.com\/germany\/wp-content\/uploads\/sites\/5\/2024\/07\/iStock-1473515757.jpg","datePublished":"2024-06-24T09:34:45+00:00","dateModified":"2024-07-17T11:14:43+00:00","description":"Ketchum ist eine der f\u00fchrenden Kommunikationsberatungen. Ketchum versteht sich als strategischer und operativer Partner der Kund:innen beim Auf- und Ausbau ihrer Marken und ihrer Reputation bei Medien, Influencer:innen und Konsument:innen, bei der Eroberung neuer M\u00e4rkte, bei dynamischen Ver\u00e4nderungsprozessen und in der Digitalen Transformation, bei der Bew\u00e4ltigung von Krisen sowie bei gesellschaftlichen und politischen Gestaltungsaufgaben.","breadcrumb":{"@id":"https:\/\/www.ketchum.com\/germany\/unterseite-unser-support-fuer-bcm\/#breadcrumb"},"inLanguage":"de-DE","potentialAction":[{"@type":"ReadAction","target":["https:\/\/www.ketchum.com\/germany\/unterseite-unser-support-fuer-bcm\/"]}]},{"@type":"ImageObject","inLanguage":"de-DE","@id":"https:\/\/www.ketchum.com\/germany\/unterseite-unser-support-fuer-bcm\/#primaryimage","url":"","contentUrl":""},{"@type":"BreadcrumbList","@id":"https:\/\/www.ketchum.com\/germany\/unterseite-unser-support-fuer-bcm\/#breadcrumb","itemListElement":[{"@type":"ListItem","position":1,"name":"Home","item":"https:\/\/www.ketchum.com\/germany\/"},{"@type":"ListItem","position":2,"name":"Unterseite Unser Support f\u00fcr BCM"}]},{"@type":"WebSite","@id":"https:\/\/www.ketchum.com\/germany\/#website","url":"https:\/\/www.ketchum.com\/germany\/","name":"Ketchum Germany","description":"Ketchum ist eine der f\u00fchrenden Kommunikationsberatungen. Ketchum versteht sich als strategischer und operativer Partner der Kund:innen beim Auf- und Ausbau ihrer Marken und ihrer Reputation bei Medien, Influencer:innen und Konsument:innen, bei der Eroberung neuer M\u00e4rkte, bei dynamischen Ver\u00e4nderungsprozessen und in der Digitalen Transformation, bei der Bew\u00e4ltigung von Krisen sowie bei gesellschaftlichen und politischen Gestaltungsaufgaben.","potentialAction":[{"@type":"SearchAction","target":{"@type":"EntryPoint","urlTemplate":"https:\/\/www.ketchum.com\/germany\/?s={search_term_string}"},"query-input":{"@type":"PropertyValueSpecification","valueRequired":true,"valueName":"search_term_string"}}],"inLanguage":"de-DE"}]}},"featured_image_src":null,"featured_image_src_square":null,"_links":{"self":[{"href":"https:\/\/www.ketchum.com\/germany\/wp-json\/wp\/v2\/pages\/2582","targetHints":{"allow":["GET"]}}],"collection":[{"href":"https:\/\/www.ketchum.com\/germany\/wp-json\/wp\/v2\/pages"}],"about":[{"href":"https:\/\/www.ketchum.com\/germany\/wp-json\/wp\/v2\/types\/page"}],"author":[{"embeddable":true,"href":"https:\/\/www.ketchum.com\/germany\/wp-json\/wp\/v2\/users\/3"}],"replies":[{"embeddable":true,"href":"https:\/\/www.ketchum.com\/germany\/wp-json\/wp\/v2\/comments?post=2582"}],"version-history":[{"count":0,"href":"https:\/\/www.ketchum.com\/germany\/wp-json\/wp\/v2\/pages\/2582\/revisions"}],"wp:attachment":[{"href":"https:\/\/www.ketchum.com\/germany\/wp-json\/wp\/v2\/media?parent=2582"}],"curies":[{"name":"wp","href":"https:\/\/api.w.org\/{rel}","templated":true}]}}