{"id":151,"date":"2022-04-04T06:24:42","date_gmt":"2022-04-04T06:24:42","guid":{"rendered":"https:\/\/www.ketchum.com\/germany\/?page_id=151"},"modified":"2022-10-07T12:35:19","modified_gmt":"2022-10-07T12:35:19","slug":"unser-code-of-conduct","status":"publish","type":"page","link":"https:\/\/www.ketchum.com\/germany\/unser-code-of-conduct\/","title":{"rendered":"Unser Code of Conduct"},"content":{"rendered":"\n<section class=\"intro   alignwide ketchum-timber-intro\">\n\t<div class=\"container\">\n\t\t<div class=\"col-12 ketchum-timber-intro-box\">\n\n\t\t\t<h2 class=\"ketchum-timber-bold ketchum-timber-color-white\">\n\t\t\t\tUnser Code of Conduct\n\t\t\t<\/h2>\n\t\t\t<h5 class=\"ketchum-timber-color-white\">\n\t\t\t\tUnser Code of Conduct, den alle Mitarbeitenden mit ihrem Arbeitsvertrag unterzeichnen, regelt klar, dass wir keinerlei Form von Diskriminierung oder Bel\u00e4stigung dulden. \n\t\t\t<\/h5>\n\t\t\t\t\t\t\n\t\t<\/div>\n\t<\/div>\n<\/section>\n\n\n<br>\n<div class=\"container\"><div class=\"row\">\n<h2 class=\"ketchum-timber-bold\">Diskriminierung und Bel\u00e4stigung<\/h2>\n<p class=\"ketchum-timber-p1 mt-3\">Wir bieten Chancengleichheit f\u00fcr alle Mitarbeitenden. Wir leben eine strikte Null-Toleranz-Haltung mit Blick auf Diskriminierung: Wir dulden keinerlei Diskriminierung von Mitarbeiter:innen oder Bewerber:innen auf der Grundlage von Rasse, Religionszugeh\u00f6rigkeit, Geschlecht, geschlechtlicher Identit\u00e4t, sexueller Orientierung, Staatsb\u00fcrgerschaft, Alter, Behinderung, Schwangerschaft o.\u00e4. Hiervon ausgenommen sind seltene F\u00e4lle, in denen bestimmte fachliche Qualifikationen gefordert sind.<\/p>\n<p class=\"ketchum-timber-p1 mt-3\">Au\u00dferdem ist sexuelle Bel\u00e4stigung jeglicher Art ausdr\u00fccklich untersagt.<\/p>\n<p class=\"ketchum-timber-p1 mt-3\">Wir definieren sexuelle Bel\u00e4stigung als unwillkommene sexuelle Ann\u00e4herungsversuche, Bitte um sexuelle Gef\u00e4lligkeiten und\/oder andere verbale, visuelle oder k\u00f6rperliche \u00c4u\u00dferungen sexueller Art, wenn:<\/p>\n<br>\n<p class=\"ketchum-timber-p1 mt-3\"> &#8230; die Unterwerfung zu solchem Verhalten ausdr\u00fccklich oder implizit zur Bedingung f\u00fcr das Arbeitsverh\u00e4ltnis bzw. die Bef\u00f6rderung einer Person gemacht wird.<\/p>\n<p class=\"ketchum-timber-p1 mt-3\"> &#8230; die Reaktion auf solches Verhalten als Grundlage f\u00fcr Entscheidungen zum Arbeitsverh\u00e4ltnis herangezogen wird.<\/p>\n<p class=\"ketchum-timber-p1 mt-3\"> &#8230; das Verhalten sich unangemessen auf die Arbeitsleistung einer Person auswirkt bzw. auswirken soll oder ein einsch\u00fcchterndes, feindseliges oder beleidigendes Arbeitsumfeld schafft.<\/p>\n<br><br>\n<\/div><\/div>\n\n\n\n<div class=\"container\"><div class=\"row\">\n<h2 class=\"ketchum-timber-bold\">Schlussfolgerung<\/h2>\n<p class=\"ketchum-timber-p1 mt-3\">Keine Regelung kann jedes m\u00f6gliche Vorkommnis einer ethischen Frage abdecken. Wir lassen uns vom Prinzip leiten, dass wir uns f\u00fcr faires und ehrliches Verhalten einsetzen und bei der Auseinandersetzung mit ethischen Fragen gesunden Menschenverstand walten lassen.<\/p>\n<p class=\"ketchum-timber-p1 mt-3\">Unser Ruf beruht zum gro\u00dfen Teil darauf, dass wir pers\u00f6nlich f\u00fcr die Aufrechterhaltung und Einhaltung der hier beschriebenen Bestimmungen und Richtlinien verantwortlich sind. \n<br><br>\n<\/div><\/div>\n\n\n\n<div class=\"container\"><div class=\"row\">\n<h2 class=\"ketchum-timber-bold\">Meldung von Verst\u00f6\u00dfen<\/h2>\n<p class=\"ketchum-timber-p1 mt-3\">Mitarbeiter:innen von Omnicom sind zur Einhaltung unseres Verhaltenskodex verpflichtet. Au\u00dferdem werden alle Mitarbeiter:innen aufgefordert, vermutete Verst\u00f6\u00dfe seitens anderer Mitarbeiter:innen gegen die Bestimmungen von Omnicom (einschlie\u00dflich Verst\u00f6\u00dfe gegen Bestimmungen im Bereich Rechnungsf\u00fchrung und Wirtschaftspr\u00fcfung) oder gegen Gesetze, denen unsere Gesch\u00e4fte unterliegen, zu melden.<\/p>\n<p class=\"ketchum-timber-p1 mt-3\">Wenn Mitarbeitende Zweifel haben, ob Kolleg:innen die Bestimmungen einhalten, sollten sie die Angelegenheit mit ihrer Personalabteilung, ihren Vorgesetzten oder den Finanzmanager:innen der Gesch\u00e4ftseinheit besprechen. Wenn sie dies nicht tun oder einfach nur anonym bleiben m\u00f6chten, k\u00f6nnen sie die Verfahren in Anspruch nehmen, die wir f\u00fcr das Melden vermuteter Verst\u00f6\u00dfe eingerichtet haben.<\/p>\n<p class=\"ketchum-timber-p1 mt-3\">Mitarbeiter:innen, die Meldungen ehrlich und im guten Glauben machen, m\u00fcssen keine Disziplinarverfahren oder Vergeltungsma\u00dfnahmen f\u00fcrchten. Sie k\u00f6nnen auf Wunsch auch anonym bleiben. Alle Meldungen werden, soweit im Rahmen der Ermittlungen m\u00f6glich, vertraulich behandelt.<\/p>\n<br><br>\n<\/div><\/div>\n","protected":false},"excerpt":{"rendered":"<p>Diskriminierung und Bel\u00e4stigung Wir bieten Chancengleichheit f\u00fcr alle Mitarbeitenden. Wir leben eine strikte Null-Toleranz-Haltung mit Blick auf Diskriminierung: Wir dulden keinerlei Diskriminierung von Mitarbeiter:innen oder Bewerber:innen auf der Grundlage von Rasse, Religionszugeh\u00f6rigkeit, Geschlecht, geschlechtlicher Identit\u00e4t, sexueller Orientierung, Staatsb\u00fcrgerschaft, Alter, Behinderung, Schwangerschaft o.\u00e4. Hiervon ausgenommen sind seltene F\u00e4lle, in denen bestimmte fachliche Qualifikationen gefordert sind. Au\u00dferdem [&hellip;]<\/p>\n","protected":false},"author":3,"featured_media":0,"parent":0,"menu_order":0,"comment_status":"closed","ping_status":"closed","template":"","meta":{"_acf_changed":false,"footnotes":""},"class_list":["post-151","page","type-page","status-publish","hentry"],"acf":[],"yoast_head":"<!-- This site is optimized with the Yoast SEO plugin v27.3 - https:\/\/yoast.com\/product\/yoast-seo-wordpress\/ -->\n<title>Unser Code of Conduct | Ketchum \u2013 Eine f\u00fchrende Agentur f\u00fcr Reputation, Markenkommunikation und Transformation<\/title>\n<meta name=\"description\" content=\"Ketchum ist eine der f\u00fchrenden Kommunikationsberatungen. Ketchum versteht sich als strategischer und operativer Partner der Kund:innen beim Auf- und Ausbau ihrer Marken und ihrer Reputation bei Medien, Influencer:innen und Konsument:innen, bei der Eroberung neuer M\u00e4rkte, bei dynamischen Ver\u00e4nderungsprozessen und in der Digitalen Transformation, bei der Bew\u00e4ltigung von Krisen sowie bei gesellschaftlichen und politischen Gestaltungsaufgaben.\" \/>\n<meta name=\"robots\" content=\"index, follow, max-snippet:-1, max-image-preview:large, max-video-preview:-1\" \/>\n<link rel=\"canonical\" href=\"https:\/\/www.ketchum.com\/germany\/unser-code-of-conduct\/\" \/>\n<meta property=\"og:locale\" content=\"de_DE\" \/>\n<meta property=\"og:type\" content=\"article\" \/>\n<meta property=\"og:title\" content=\"Unser Code of Conduct | Ketchum \u2013 Eine f\u00fchrende Agentur f\u00fcr Reputation, Markenkommunikation und Transformation\" \/>\n<meta property=\"og:description\" content=\"Ketchum ist eine der f\u00fchrenden Kommunikationsberatungen. Ketchum versteht sich als strategischer und operativer Partner der Kund:innen beim Auf- und Ausbau ihrer Marken und ihrer Reputation bei Medien, Influencer:innen und Konsument:innen, bei der Eroberung neuer M\u00e4rkte, bei dynamischen Ver\u00e4nderungsprozessen und in der Digitalen Transformation, bei der Bew\u00e4ltigung von Krisen sowie bei gesellschaftlichen und politischen Gestaltungsaufgaben.\" \/>\n<meta property=\"og:url\" content=\"https:\/\/www.ketchum.com\/germany\/unser-code-of-conduct\/\" \/>\n<meta property=\"og:site_name\" content=\"Ketchum Germany\" \/>\n<meta property=\"article:modified_time\" content=\"2022-10-07T12:35:19+00:00\" \/>\n<meta name=\"twitter:card\" content=\"summary_large_image\" \/>\n<meta name=\"twitter:label1\" content=\"Est. reading time\" \/>\n\t<meta name=\"twitter:data1\" content=\"2 minutes\" \/>\n<script type=\"application\/ld+json\" class=\"yoast-schema-graph\">{\"@context\":\"https:\\\/\\\/schema.org\",\"@graph\":[{\"@type\":\"WebPage\",\"@id\":\"https:\\\/\\\/www.ketchum.com\\\/germany\\\/unser-code-of-conduct\\\/\",\"url\":\"https:\\\/\\\/www.ketchum.com\\\/germany\\\/unser-code-of-conduct\\\/\",\"name\":\"Unser Code of Conduct | Ketchum \u2013 Eine f\u00fchrende Agentur f\u00fcr Reputation, Markenkommunikation und Transformation\",\"isPartOf\":{\"@id\":\"https:\\\/\\\/www.ketchum.com\\\/germany\\\/#website\"},\"datePublished\":\"2022-04-04T06:24:42+00:00\",\"dateModified\":\"2022-10-07T12:35:19+00:00\",\"description\":\"Ketchum ist eine der f\u00fchrenden Kommunikationsberatungen. Ketchum versteht sich als strategischer und operativer Partner der Kund:innen beim Auf- und Ausbau ihrer Marken und ihrer Reputation bei Medien, Influencer:innen und Konsument:innen, bei der Eroberung neuer M\u00e4rkte, bei dynamischen Ver\u00e4nderungsprozessen und in der Digitalen Transformation, bei der Bew\u00e4ltigung von Krisen sowie bei gesellschaftlichen und politischen Gestaltungsaufgaben.\",\"breadcrumb\":{\"@id\":\"https:\\\/\\\/www.ketchum.com\\\/germany\\\/unser-code-of-conduct\\\/#breadcrumb\"},\"inLanguage\":\"de-DE\",\"potentialAction\":[{\"@type\":\"ReadAction\",\"target\":[\"https:\\\/\\\/www.ketchum.com\\\/germany\\\/unser-code-of-conduct\\\/\"]}]},{\"@type\":\"BreadcrumbList\",\"@id\":\"https:\\\/\\\/www.ketchum.com\\\/germany\\\/unser-code-of-conduct\\\/#breadcrumb\",\"itemListElement\":[{\"@type\":\"ListItem\",\"position\":1,\"name\":\"Home\",\"item\":\"https:\\\/\\\/www.ketchum.com\\\/germany\\\/\"},{\"@type\":\"ListItem\",\"position\":2,\"name\":\"Unser Code of Conduct\"}]},{\"@type\":\"WebSite\",\"@id\":\"https:\\\/\\\/www.ketchum.com\\\/germany\\\/#website\",\"url\":\"https:\\\/\\\/www.ketchum.com\\\/germany\\\/\",\"name\":\"Ketchum Germany\",\"description\":\"Ketchum ist eine der f\u00fchrenden Kommunikationsberatungen. Ketchum versteht sich als strategischer und operativer Partner der Kund:innen beim Auf- und Ausbau ihrer Marken und ihrer Reputation bei Medien, Influencer:innen und Konsument:innen, bei der Eroberung neuer M\u00e4rkte, bei dynamischen Ver\u00e4nderungsprozessen und in der Digitalen Transformation, bei der Bew\u00e4ltigung von Krisen sowie bei gesellschaftlichen und politischen Gestaltungsaufgaben.\",\"potentialAction\":[{\"@type\":\"SearchAction\",\"target\":{\"@type\":\"EntryPoint\",\"urlTemplate\":\"https:\\\/\\\/www.ketchum.com\\\/germany\\\/?s={search_term_string}\"},\"query-input\":{\"@type\":\"PropertyValueSpecification\",\"valueRequired\":true,\"valueName\":\"search_term_string\"}}],\"inLanguage\":\"de-DE\"}]}<\/script>\n<!-- \/ Yoast SEO plugin. -->","yoast_head_json":{"title":"Unser Code of Conduct | Ketchum \u2013 Eine f\u00fchrende Agentur f\u00fcr Reputation, Markenkommunikation und Transformation","description":"Ketchum ist eine der f\u00fchrenden Kommunikationsberatungen. Ketchum versteht sich als strategischer und operativer Partner der Kund:innen beim Auf- und Ausbau ihrer Marken und ihrer Reputation bei Medien, Influencer:innen und Konsument:innen, bei der Eroberung neuer M\u00e4rkte, bei dynamischen Ver\u00e4nderungsprozessen und in der Digitalen Transformation, bei der Bew\u00e4ltigung von Krisen sowie bei gesellschaftlichen und politischen Gestaltungsaufgaben.","robots":{"index":"index","follow":"follow","max-snippet":"max-snippet:-1","max-image-preview":"max-image-preview:large","max-video-preview":"max-video-preview:-1"},"canonical":"https:\/\/www.ketchum.com\/germany\/unser-code-of-conduct\/","og_locale":"de_DE","og_type":"article","og_title":"Unser Code of Conduct | Ketchum \u2013 Eine f\u00fchrende Agentur f\u00fcr Reputation, Markenkommunikation und Transformation","og_description":"Ketchum ist eine der f\u00fchrenden Kommunikationsberatungen. Ketchum versteht sich als strategischer und operativer Partner der Kund:innen beim Auf- und Ausbau ihrer Marken und ihrer Reputation bei Medien, Influencer:innen und Konsument:innen, bei der Eroberung neuer M\u00e4rkte, bei dynamischen Ver\u00e4nderungsprozessen und in der Digitalen Transformation, bei der Bew\u00e4ltigung von Krisen sowie bei gesellschaftlichen und politischen Gestaltungsaufgaben.","og_url":"https:\/\/www.ketchum.com\/germany\/unser-code-of-conduct\/","og_site_name":"Ketchum Germany","article_modified_time":"2022-10-07T12:35:19+00:00","twitter_card":"summary_large_image","twitter_misc":{"Est. reading time":"2 minutes"},"schema":{"@context":"https:\/\/schema.org","@graph":[{"@type":"WebPage","@id":"https:\/\/www.ketchum.com\/germany\/unser-code-of-conduct\/","url":"https:\/\/www.ketchum.com\/germany\/unser-code-of-conduct\/","name":"Unser Code of Conduct | Ketchum \u2013 Eine f\u00fchrende Agentur f\u00fcr Reputation, Markenkommunikation und Transformation","isPartOf":{"@id":"https:\/\/www.ketchum.com\/germany\/#website"},"datePublished":"2022-04-04T06:24:42+00:00","dateModified":"2022-10-07T12:35:19+00:00","description":"Ketchum ist eine der f\u00fchrenden Kommunikationsberatungen. Ketchum versteht sich als strategischer und operativer Partner der Kund:innen beim Auf- und Ausbau ihrer Marken und ihrer Reputation bei Medien, Influencer:innen und Konsument:innen, bei der Eroberung neuer M\u00e4rkte, bei dynamischen Ver\u00e4nderungsprozessen und in der Digitalen Transformation, bei der Bew\u00e4ltigung von Krisen sowie bei gesellschaftlichen und politischen Gestaltungsaufgaben.","breadcrumb":{"@id":"https:\/\/www.ketchum.com\/germany\/unser-code-of-conduct\/#breadcrumb"},"inLanguage":"de-DE","potentialAction":[{"@type":"ReadAction","target":["https:\/\/www.ketchum.com\/germany\/unser-code-of-conduct\/"]}]},{"@type":"BreadcrumbList","@id":"https:\/\/www.ketchum.com\/germany\/unser-code-of-conduct\/#breadcrumb","itemListElement":[{"@type":"ListItem","position":1,"name":"Home","item":"https:\/\/www.ketchum.com\/germany\/"},{"@type":"ListItem","position":2,"name":"Unser Code of Conduct"}]},{"@type":"WebSite","@id":"https:\/\/www.ketchum.com\/germany\/#website","url":"https:\/\/www.ketchum.com\/germany\/","name":"Ketchum Germany","description":"Ketchum ist eine der f\u00fchrenden Kommunikationsberatungen. Ketchum versteht sich als strategischer und operativer Partner der Kund:innen beim Auf- und Ausbau ihrer Marken und ihrer Reputation bei Medien, Influencer:innen und Konsument:innen, bei der Eroberung neuer M\u00e4rkte, bei dynamischen Ver\u00e4nderungsprozessen und in der Digitalen Transformation, bei der Bew\u00e4ltigung von Krisen sowie bei gesellschaftlichen und politischen Gestaltungsaufgaben.","potentialAction":[{"@type":"SearchAction","target":{"@type":"EntryPoint","urlTemplate":"https:\/\/www.ketchum.com\/germany\/?s={search_term_string}"},"query-input":{"@type":"PropertyValueSpecification","valueRequired":true,"valueName":"search_term_string"}}],"inLanguage":"de-DE"}]}},"featured_image_src":null,"featured_image_src_square":null,"_links":{"self":[{"href":"https:\/\/www.ketchum.com\/germany\/wp-json\/wp\/v2\/pages\/151","targetHints":{"allow":["GET"]}}],"collection":[{"href":"https:\/\/www.ketchum.com\/germany\/wp-json\/wp\/v2\/pages"}],"about":[{"href":"https:\/\/www.ketchum.com\/germany\/wp-json\/wp\/v2\/types\/page"}],"author":[{"embeddable":true,"href":"https:\/\/www.ketchum.com\/germany\/wp-json\/wp\/v2\/users\/3"}],"replies":[{"embeddable":true,"href":"https:\/\/www.ketchum.com\/germany\/wp-json\/wp\/v2\/comments?post=151"}],"version-history":[{"count":0,"href":"https:\/\/www.ketchum.com\/germany\/wp-json\/wp\/v2\/pages\/151\/revisions"}],"wp:attachment":[{"href":"https:\/\/www.ketchum.com\/germany\/wp-json\/wp\/v2\/media?parent=151"}],"curies":[{"name":"wp","href":"https:\/\/api.w.org\/{rel}","templated":true}]}}