{"id":146,"date":"2022-04-04T06:05:10","date_gmt":"2022-04-04T06:05:10","guid":{"rendered":"https:\/\/www.ketchum.com\/germany\/?page_id=146"},"modified":"2022-06-09T10:01:53","modified_gmt":"2022-06-09T10:01:53","slug":"umwelt-und-energiepolicy-der-omnicom-holding-germany-gmbh","status":"publish","type":"page","link":"https:\/\/www.ketchum.com\/germany\/umwelt-und-energiepolicy-der-omnicom-holding-germany-gmbh\/","title":{"rendered":"Energie- und Umweltpolitik der Omnicom Holding Germany\u00a0GmbH\u00a0"},"content":{"rendered":"\n<section class=\"intro   alignwide ketchum-timber-intro\">\n\t<div class=\"container\">\n\t\t<div class=\"col-12 ketchum-timber-intro-box\">\n\n\t\t\t<h2 class=\"ketchum-timber-bold ketchum-timber-color-white\">\n\t\t\t\tEnergie- und Umweltpolitik der Omnicom Holding Germany\u00a0GmbH\u00a0\n\t\t\t<\/h2>\n\t\t\t<h5 class=\"ketchum-timber-color-white\">\n\t\t\t\t\n\t\t\t<\/h5>\n\t\t\t\t\t\t\n\t\t<\/div>\n\t<\/div>\n<\/section>\n\n\n<br>\n<div class=\"container\"><div class=\"row\">\n<h2 class=\"ketchum-timber-bold\">Vision: <\/h2>\n<p class=\"ketchum-timber-p1 mt-3\">Die Omnicom Holding Germany GmbH tr\u00e4gt Verantwortung und leistet ihren Beitrag zur Erreichung der gesellschaftlichen und politischen Klimaziele. Die Omnicom Holding Germany GmbH und die angeschlossenen Agenturen und Networks streben an, im Bereich Nachhaltigkeit als Branchenf\u00fchrer anerkannt zu werden. Deshalb entwickeln und bieten wir innovative L\u00f6sungen an, die den Bed\u00fcrfnissen unserer Kund:innen gerecht werden und die zugleich den weltweit g\u00fcltigen Grunds\u00e4tzen von Nachhaltigkeit sowie den Umwelt- und Energieeffizienz-Managementsystemen Rechnung tragen.<\/p>\n<br><br>\n<\/div><\/div>\n\n\n\n<div class=\"container\"><div class=\"row\">\n<h2 class=\"ketchum-timber-bold\">Unsere Grunds\u00e4tze: <\/h2>\n<p class=\"ketchum-timber-p1 mt-3\">Wir f\u00fchren unser Gesch\u00e4ft mit dem Bewusstsein, die nat\u00fcrlichen Ressourcen soweit wie m\u00f6glich zu schonen. Dazu geh\u00f6ren der Respekt und die R\u00fccksichtnahme auf die Umwelt sowie die stetige Verbesserung der eigenen energiebezogenen Leistung und des Corporate Carbon Footprints. Bei Nachhaltigkeits-Themen setzen wir auf eine sichtbare F\u00fchrung, auf Eigenverantwortung und direkte Verantwortlichkeit auf allen Ebenen der Omnicom Holding Germany GmbH und der angeschlossenen Networks. Wir arbeiten st\u00e4ndig an der Verbesserung unserer Gesch\u00e4ftsprozesse und erf\u00fcllen oder \u00fcbertreffen dabei die gesetzlichen Anforderungen und ma\u00dfgeblichen internationalen Standards. Wir liefern Dienstleistungen von hoher Qualit\u00e4t, die unseren Kund:innen zum Erfolg verhelfen und den Wert des Unternehmens steigern. Wir bieten ein Umfeld, in dem \u00fcber Nachhaltigkeitsfragestellungen offen und vertrauensvoll gesprochen werden kann. Wir sind uns bewusst, dass die F\u00e4higkeiten unserer Mitarbeitenden und deren Einbindung wesentliche Voraussetzungen sind, um die Bed\u00fcrfnisse unseres Unternehmens und unserer Kund:innen zu verstehen und zu befriedigen. Wir stellen die Ressourcen bereit, die f\u00fcr die Erreichung dieser Ziele notwendig sind.<\/p>\n<br><br>\n<\/div><\/div>\n\n\n\n<div class=\"container\"><div class=\"row\">\n<h2 class=\"ketchum-timber-bold\">Unsere Zusage: <\/h2>\n<p class=\"ketchum-timber-p1 mt-3\">Um diese Grunds\u00e4tze zu befolgen, werden die Omnicom Holding Germany GmbH und die angeschlossenen Networks<\/p>\n<p class=\"ketchum-timber-p1 mt-3\">  Nachhaltigkeitsbelange in die Gesch\u00e4ftsprozesse unserer Organisationseinheiten und dabei insbesondere die Beschaffung einbeziehen;<\/p>\n<p class=\"ketchum-timber-p1 mt-3\">  Nachhaltigkeit wirkungsvoll umsetzen durch die Entwicklung, Etablierung und Erhaltung eines prozessorientierten integrierten Managementsystems, das bew\u00e4hrten Standards entspricht;<\/p>\n<p class=\"ketchum-timber-p1 mt-3\">  die Nachhaltigkeitsrisiken f\u00fcr unser Gesch\u00e4ft \u00fcber den gesamten Entwicklungs- und Lebenszyklus unserer Dienstleistungen hinweg stetig bewerten und begrenzen;<\/p>\n<p class=\"ketchum-timber-p1 mt-3\">  die Nachhaltigkeitsleistung messen und j\u00e4hrliche sowie l\u00e4ngerfristige Nachhaltigkeitsziele festlegen, um so kontinuierliche und dauerhafte Verbesserungen zu erreichen;<\/p>\n<p class=\"ketchum-timber-p1 mt-3\">  die Einhaltung interner und externer Anforderungen durch Audits \u00fcberpr\u00fcfen und nach der Erf\u00fcllung internationaler Standards wie ISO 14001 und ISO 50001 streben;<\/p>\n<p class=\"ketchum-timber-p1 mt-3\">  sich mit Nachhaltigkeitsfragen und deren Auswirkungen auf Arbeitspraktiken, Prozesse und Produkte befassen, damit unsere Gesch\u00e4ftst\u00e4tigkeit in Einklang mit den Erwartungen der \u00d6ffentlichkeit und unserer Kund:innen steht;<\/p>\n<p class=\"ketchum-timber-p1 mt-3\">  das Bewusstsein f\u00fcr Nachhaltigkeit steigern und das Vertrauen aller unserem Unternehmen verbundenen Personengruppen durch Kommunikation, Schulung und Beratung erh\u00f6hen; <\/p>\n<p class=\"ketchum-timber-p1 mt-3\">  jeden Mitarbeitenden in Bezug auf seinen Einsatz f\u00fcr Nachhaltigkeitsbelange und die Befolgung unserer Grunds\u00e4tze in die Pflicht nehmen.<\/p>\n<br><br>\n<\/div><\/div>\n","protected":false},"excerpt":{"rendered":"<p>Vision: Die Omnicom Holding Germany GmbH tr\u00e4gt Verantwortung und leistet ihren Beitrag zur Erreichung der gesellschaftlichen und politischen Klimaziele. Die Omnicom Holding Germany GmbH und die angeschlossenen Agenturen und Networks streben an, im Bereich Nachhaltigkeit als Branchenf\u00fchrer anerkannt zu werden. Deshalb entwickeln und bieten wir innovative L\u00f6sungen an, die den Bed\u00fcrfnissen unserer Kund:innen gerecht werden [&hellip;]<\/p>\n","protected":false},"author":3,"featured_media":0,"parent":0,"menu_order":0,"comment_status":"closed","ping_status":"closed","template":"","meta":{"_acf_changed":false,"footnotes":""},"class_list":["post-146","page","type-page","status-publish","hentry"],"acf":[],"yoast_head":"<!-- This site is optimized with the Yoast SEO plugin v27.2 - https:\/\/yoast.com\/product\/yoast-seo-wordpress\/ -->\n<title>Energie- und Umweltpolitik der Omnicom Holding Germany\u00a0GmbH\u00a0 | Ketchum \u2013 Eine f\u00fchrende Agentur f\u00fcr Reputation, Markenkommunikation und Transformation<\/title>\n<meta name=\"description\" content=\"Ketchum ist eine der f\u00fchrenden Kommunikationsberatungen. Ketchum versteht sich als strategischer und operativer Partner der Kund:innen beim Auf- und Ausbau ihrer Marken und ihrer Reputation bei Medien, Influencer:innen und Konsument:innen, bei der Eroberung neuer M\u00e4rkte, bei dynamischen Ver\u00e4nderungsprozessen und in der Digitalen Transformation, bei der Bew\u00e4ltigung von Krisen sowie bei gesellschaftlichen und politischen Gestaltungsaufgaben.\" \/>\n<meta name=\"robots\" content=\"index, follow, max-snippet:-1, max-image-preview:large, max-video-preview:-1\" \/>\n<link rel=\"canonical\" href=\"https:\/\/www.ketchum.com\/germany\/umwelt-und-energiepolicy-der-omnicom-holding-germany-gmbh\/\" \/>\n<meta property=\"og:locale\" content=\"de_DE\" \/>\n<meta property=\"og:type\" content=\"article\" \/>\n<meta property=\"og:title\" content=\"Energie- und Umweltpolitik der Omnicom Holding Germany\u00a0GmbH\u00a0 | Ketchum \u2013 Eine f\u00fchrende Agentur f\u00fcr Reputation, Markenkommunikation und Transformation\" \/>\n<meta property=\"og:description\" content=\"Ketchum ist eine der f\u00fchrenden Kommunikationsberatungen. Ketchum versteht sich als strategischer und operativer Partner der Kund:innen beim Auf- und Ausbau ihrer Marken und ihrer Reputation bei Medien, Influencer:innen und Konsument:innen, bei der Eroberung neuer M\u00e4rkte, bei dynamischen Ver\u00e4nderungsprozessen und in der Digitalen Transformation, bei der Bew\u00e4ltigung von Krisen sowie bei gesellschaftlichen und politischen Gestaltungsaufgaben.\" \/>\n<meta property=\"og:url\" content=\"https:\/\/www.ketchum.com\/germany\/umwelt-und-energiepolicy-der-omnicom-holding-germany-gmbh\/\" \/>\n<meta property=\"og:site_name\" content=\"Ketchum Germany\" \/>\n<meta property=\"article:modified_time\" content=\"2022-06-09T10:01:53+00:00\" \/>\n<meta name=\"twitter:card\" content=\"summary_large_image\" \/>\n<meta name=\"twitter:label1\" content=\"Est. reading time\" \/>\n\t<meta name=\"twitter:data1\" content=\"2 minutes\" \/>\n<script type=\"application\/ld+json\" class=\"yoast-schema-graph\">{\"@context\":\"https:\/\/schema.org\",\"@graph\":[{\"@type\":\"WebPage\",\"@id\":\"https:\/\/www.ketchum.com\/germany\/umwelt-und-energiepolicy-der-omnicom-holding-germany-gmbh\/\",\"url\":\"https:\/\/www.ketchum.com\/germany\/umwelt-und-energiepolicy-der-omnicom-holding-germany-gmbh\/\",\"name\":\"Energie- und Umweltpolitik der Omnicom Holding Germany\u00a0GmbH\u00a0 | Ketchum \u2013 Eine f\u00fchrende Agentur f\u00fcr Reputation, Markenkommunikation und Transformation\",\"isPartOf\":{\"@id\":\"https:\/\/www.ketchum.com\/germany\/#website\"},\"datePublished\":\"2022-04-04T06:05:10+00:00\",\"dateModified\":\"2022-06-09T10:01:53+00:00\",\"description\":\"Ketchum ist eine der f\u00fchrenden Kommunikationsberatungen. Ketchum versteht sich als strategischer und operativer Partner der Kund:innen beim Auf- und Ausbau ihrer Marken und ihrer Reputation bei Medien, Influencer:innen und Konsument:innen, bei der Eroberung neuer M\u00e4rkte, bei dynamischen Ver\u00e4nderungsprozessen und in der Digitalen Transformation, bei der Bew\u00e4ltigung von Krisen sowie bei gesellschaftlichen und politischen Gestaltungsaufgaben.\",\"breadcrumb\":{\"@id\":\"https:\/\/www.ketchum.com\/germany\/umwelt-und-energiepolicy-der-omnicom-holding-germany-gmbh\/#breadcrumb\"},\"inLanguage\":\"de-DE\",\"potentialAction\":[{\"@type\":\"ReadAction\",\"target\":[\"https:\/\/www.ketchum.com\/germany\/umwelt-und-energiepolicy-der-omnicom-holding-germany-gmbh\/\"]}]},{\"@type\":\"BreadcrumbList\",\"@id\":\"https:\/\/www.ketchum.com\/germany\/umwelt-und-energiepolicy-der-omnicom-holding-germany-gmbh\/#breadcrumb\",\"itemListElement\":[{\"@type\":\"ListItem\",\"position\":1,\"name\":\"Home\",\"item\":\"https:\/\/www.ketchum.com\/germany\/\"},{\"@type\":\"ListItem\",\"position\":2,\"name\":\"Energie- und Umweltpolitik der Omnicom Holding Germany\u00a0GmbH\u00a0\"}]},{\"@type\":\"WebSite\",\"@id\":\"https:\/\/www.ketchum.com\/germany\/#website\",\"url\":\"https:\/\/www.ketchum.com\/germany\/\",\"name\":\"Ketchum Germany\",\"description\":\"Ketchum ist eine der f\u00fchrenden Kommunikationsberatungen. Ketchum versteht sich als strategischer und operativer Partner der Kund:innen beim Auf- und Ausbau ihrer Marken und ihrer Reputation bei Medien, Influencer:innen und Konsument:innen, bei der Eroberung neuer M\u00e4rkte, bei dynamischen Ver\u00e4nderungsprozessen und in der Digitalen Transformation, bei der Bew\u00e4ltigung von Krisen sowie bei gesellschaftlichen und politischen Gestaltungsaufgaben.\",\"potentialAction\":[{\"@type\":\"SearchAction\",\"target\":{\"@type\":\"EntryPoint\",\"urlTemplate\":\"https:\/\/www.ketchum.com\/germany\/?s={search_term_string}\"},\"query-input\":{\"@type\":\"PropertyValueSpecification\",\"valueRequired\":true,\"valueName\":\"search_term_string\"}}],\"inLanguage\":\"de-DE\"}]}<\/script>\n<!-- \/ Yoast SEO plugin. -->","yoast_head_json":{"title":"Energie- und Umweltpolitik der Omnicom Holding Germany\u00a0GmbH\u00a0 | Ketchum \u2013 Eine f\u00fchrende Agentur f\u00fcr Reputation, Markenkommunikation und Transformation","description":"Ketchum ist eine der f\u00fchrenden Kommunikationsberatungen. Ketchum versteht sich als strategischer und operativer Partner der Kund:innen beim Auf- und Ausbau ihrer Marken und ihrer Reputation bei Medien, Influencer:innen und Konsument:innen, bei der Eroberung neuer M\u00e4rkte, bei dynamischen Ver\u00e4nderungsprozessen und in der Digitalen Transformation, bei der Bew\u00e4ltigung von Krisen sowie bei gesellschaftlichen und politischen Gestaltungsaufgaben.","robots":{"index":"index","follow":"follow","max-snippet":"max-snippet:-1","max-image-preview":"max-image-preview:large","max-video-preview":"max-video-preview:-1"},"canonical":"https:\/\/www.ketchum.com\/germany\/umwelt-und-energiepolicy-der-omnicom-holding-germany-gmbh\/","og_locale":"de_DE","og_type":"article","og_title":"Energie- und Umweltpolitik der Omnicom Holding Germany\u00a0GmbH\u00a0 | Ketchum \u2013 Eine f\u00fchrende Agentur f\u00fcr Reputation, Markenkommunikation und Transformation","og_description":"Ketchum ist eine der f\u00fchrenden Kommunikationsberatungen. Ketchum versteht sich als strategischer und operativer Partner der Kund:innen beim Auf- und Ausbau ihrer Marken und ihrer Reputation bei Medien, Influencer:innen und Konsument:innen, bei der Eroberung neuer M\u00e4rkte, bei dynamischen Ver\u00e4nderungsprozessen und in der Digitalen Transformation, bei der Bew\u00e4ltigung von Krisen sowie bei gesellschaftlichen und politischen Gestaltungsaufgaben.","og_url":"https:\/\/www.ketchum.com\/germany\/umwelt-und-energiepolicy-der-omnicom-holding-germany-gmbh\/","og_site_name":"Ketchum Germany","article_modified_time":"2022-06-09T10:01:53+00:00","twitter_card":"summary_large_image","twitter_misc":{"Est. reading time":"2 minutes"},"schema":{"@context":"https:\/\/schema.org","@graph":[{"@type":"WebPage","@id":"https:\/\/www.ketchum.com\/germany\/umwelt-und-energiepolicy-der-omnicom-holding-germany-gmbh\/","url":"https:\/\/www.ketchum.com\/germany\/umwelt-und-energiepolicy-der-omnicom-holding-germany-gmbh\/","name":"Energie- und Umweltpolitik der Omnicom Holding Germany\u00a0GmbH\u00a0 | Ketchum \u2013 Eine f\u00fchrende Agentur f\u00fcr Reputation, Markenkommunikation und Transformation","isPartOf":{"@id":"https:\/\/www.ketchum.com\/germany\/#website"},"datePublished":"2022-04-04T06:05:10+00:00","dateModified":"2022-06-09T10:01:53+00:00","description":"Ketchum ist eine der f\u00fchrenden Kommunikationsberatungen. Ketchum versteht sich als strategischer und operativer Partner der Kund:innen beim Auf- und Ausbau ihrer Marken und ihrer Reputation bei Medien, Influencer:innen und Konsument:innen, bei der Eroberung neuer M\u00e4rkte, bei dynamischen Ver\u00e4nderungsprozessen und in der Digitalen Transformation, bei der Bew\u00e4ltigung von Krisen sowie bei gesellschaftlichen und politischen Gestaltungsaufgaben.","breadcrumb":{"@id":"https:\/\/www.ketchum.com\/germany\/umwelt-und-energiepolicy-der-omnicom-holding-germany-gmbh\/#breadcrumb"},"inLanguage":"de-DE","potentialAction":[{"@type":"ReadAction","target":["https:\/\/www.ketchum.com\/germany\/umwelt-und-energiepolicy-der-omnicom-holding-germany-gmbh\/"]}]},{"@type":"BreadcrumbList","@id":"https:\/\/www.ketchum.com\/germany\/umwelt-und-energiepolicy-der-omnicom-holding-germany-gmbh\/#breadcrumb","itemListElement":[{"@type":"ListItem","position":1,"name":"Home","item":"https:\/\/www.ketchum.com\/germany\/"},{"@type":"ListItem","position":2,"name":"Energie- und Umweltpolitik der Omnicom Holding Germany\u00a0GmbH\u00a0"}]},{"@type":"WebSite","@id":"https:\/\/www.ketchum.com\/germany\/#website","url":"https:\/\/www.ketchum.com\/germany\/","name":"Ketchum Germany","description":"Ketchum ist eine der f\u00fchrenden Kommunikationsberatungen. Ketchum versteht sich als strategischer und operativer Partner der Kund:innen beim Auf- und Ausbau ihrer Marken und ihrer Reputation bei Medien, Influencer:innen und Konsument:innen, bei der Eroberung neuer M\u00e4rkte, bei dynamischen Ver\u00e4nderungsprozessen und in der Digitalen Transformation, bei der Bew\u00e4ltigung von Krisen sowie bei gesellschaftlichen und politischen Gestaltungsaufgaben.","potentialAction":[{"@type":"SearchAction","target":{"@type":"EntryPoint","urlTemplate":"https:\/\/www.ketchum.com\/germany\/?s={search_term_string}"},"query-input":{"@type":"PropertyValueSpecification","valueRequired":true,"valueName":"search_term_string"}}],"inLanguage":"de-DE"}]}},"featured_image_src":null,"featured_image_src_square":null,"_links":{"self":[{"href":"https:\/\/www.ketchum.com\/germany\/wp-json\/wp\/v2\/pages\/146","targetHints":{"allow":["GET"]}}],"collection":[{"href":"https:\/\/www.ketchum.com\/germany\/wp-json\/wp\/v2\/pages"}],"about":[{"href":"https:\/\/www.ketchum.com\/germany\/wp-json\/wp\/v2\/types\/page"}],"author":[{"embeddable":true,"href":"https:\/\/www.ketchum.com\/germany\/wp-json\/wp\/v2\/users\/3"}],"replies":[{"embeddable":true,"href":"https:\/\/www.ketchum.com\/germany\/wp-json\/wp\/v2\/comments?post=146"}],"version-history":[{"count":0,"href":"https:\/\/www.ketchum.com\/germany\/wp-json\/wp\/v2\/pages\/146\/revisions"}],"wp:attachment":[{"href":"https:\/\/www.ketchum.com\/germany\/wp-json\/wp\/v2\/media?parent=146"}],"curies":[{"name":"wp","href":"https:\/\/api.w.org\/{rel}","templated":true}]}}