{"id":101,"date":"2022-03-14T17:44:44","date_gmt":"2022-03-14T17:44:44","guid":{"rendered":"https:\/\/www.ketchum.com\/germany\/?page_id=101"},"modified":"2025-02-13T10:20:10","modified_gmt":"2025-02-13T10:20:10","slug":"career-at-ketchum","status":"publish","type":"page","link":"https:\/\/www.ketchum.com\/germany\/career-at-ketchum\/","title":{"rendered":"Career at Ketchum"},"content":{"rendered":"\n<div style=\"height:50px\" aria-hidden=\"true\" class=\"wp-block-spacer ketchum-timber-desktop-only\"><\/div>\n\n\n\n<div class=\"wp-block-columns container mt-4 is-layout-flex wp-container-core-columns-is-layout-9d6595d7 wp-block-columns-is-layout-flex\">\n<div class=\"wp-block-column container is-layout-flow wp-block-column-is-layout-flow\">\n<h2 class=\"wp-block-heading\"><strong>Bist du dabei?<\/strong><\/h2>\n\n\n\n<p><strong>Wir bieten<\/strong> dir inspirierende, spannende Kund:innen und vielf\u00e4ltige Aufgaben rund um die Konzeption, Steuerung und Umsetzung von Kommunikationsprojekten. Wir stehen f\u00fcr: \u201eWork that matters\u201c. Dabei steht es dir frei zu entscheiden, an welchem Ort du arbeiten m\u00f6chtest: in einem unserer eigenen B\u00fcros, unseren Hubs oder in deinem Mobile Office. Ob du studiert hast, Kommunikations-Spezialist:in oder Quereinsteiger:in bist, spielt f\u00fcr uns keine Rolle \u2013 \u201eHire for Attitute, train for skills\u201c ist unsere Devise. Daf\u00fcr stellen wir unseren Mitarbeitenden im Rahmen unserer Ketchum University umfassende nationale und internationale Trainings zur Verf\u00fcgung.&nbsp;&nbsp;<\/p>\n\n\n\n<p>Diversity und Chancengleichheit sind Grundprinzipien unseres Recruitingprozesses. Wir sind davon \u00fcberzeugt, dass eine Vielfalt von Kulturen, Erfahrungen, Sichtweisen und Lebensmodellen die Grundlage f\u00fcr immer wieder neue, inspirierende Herangehensweisen sind. Vertrauensarbeitszeit, Teilzeitmodelle zur besseren Vereinbarung von Beruf und Familie sowie Frauen in F\u00fchrungsrollen erwarten dich bei uns. Ein Gender-Pay-Gap gibt es dagegen bei uns nicht.&nbsp;&nbsp;<\/p>\n\n\n\n<p>Ebenso liegen uns das Wohlbefinden und die Gesunderhaltung unserer Mitarbeitenden sehr am Herzen. Mit unserer Wellbeing@Ketchum Initiative, die ein vielf\u00e4ltiges Programm von Wake-up-Trainings, \u00fcber Feierabend-Fitness bis hin zu Vortr\u00e4gen umfasst, sorgen wir daf\u00fcr, dass du dich bei uns rund um wohlf\u00fchlst.&nbsp;&nbsp;<\/p>\n\n\n\n<p>Bist du dabei?&nbsp; <a href=\"https:\/\/www.ketchum.com\/job-board-germany\/\">Hier geht es zu unseren aktuellen Stellenangeboten<\/a>.&nbsp;<\/p>\n\n\n\n<div class=\"wp-block-columns is-layout-flex wp-container-core-columns-is-layout-9d6595d7 wp-block-columns-is-layout-flex\">\n<div class=\"wp-block-column is-layout-flow wp-block-column-is-layout-flow\">\n<h6 class=\"wp-block-heading\"><strong>Young Professionals<\/strong><\/h6>\n\n\n\n<p>Du m\u00f6chtest von Beginn an Verantwortung \u00fcbernehmen und die Welt der Kommunikation mit all ihren Facetten kennenlernen? Bei uns bist du vom ersten Tag an in einem Kundenteam t\u00e4tig, arbeitest an spannenden Projekten und Konzepten und lernst \u201eon the job\u201c. Zudem stehen dir unsere Angebote der Ketchum University offen; f\u00fcr unsere Trainees gibt es parallel zum Tagesgesch\u00e4ft unsere dapr-zertifizierte Traineeausbildung.<\/p>\n<\/div>\n\n\n\n<div class=\"wp-block-column is-layout-flow wp-block-column-is-layout-flow\">\n<h6 class=\"wp-block-heading\"><strong><strong>Professionals<\/strong><\/strong><\/h6>\n\n\n\n<p>Du kennst dich aus in der Branche, brennst f\u00fcr deine Kund:innen und hast Lust, dich mit deinen kreativen Ideen einzubringen und diese in \u00fcberzeugende, datengetriebene Konzepte umzusetzen? Ob Grafik, Redaktion, Research oder Digital \u2013 bei uns ist (fast) alles m\u00f6glich!<\/p>\n<\/div>\n\n\n\n<div class=\"wp-block-column is-layout-flow wp-block-column-is-layout-flow\">\n<h6 class=\"wp-block-heading\"><strong><strong>Senior Professionals<\/strong><\/strong><\/h6>\n\n\n\n<p>Du bist Profi in allen Bereichen der Kommunikation, \u00fcberzeugst deine Kund:innen mit deiner strategisch-innovativen Herangehensweise und motivierst dein Team mit Empathie und Begeisterungsf\u00e4higkeit zu H\u00f6chstleistungen.<\/p>\n<\/div>\n\n\n\n<div class=\"wp-block-column is-layout-flow wp-block-column-is-layout-flow\">\n<h6 class=\"wp-block-heading\"><strong>Freelancer:innen<\/strong><\/h6>\n\n\n\n<p>Du m\u00f6chtest uns lieber als frei:er Mitarbeiter:in unterst\u00fctzen? Egal ob Konzeption, Redaktion, Design, Projektmanagement oder Event Unterst\u00fctzung &#8211; wir freuen uns auf deinen Support. Melde dich einfach unter <a href=\"mailto:freelance@ketchum.de\" target=\"_blank\" rel=\"noreferrer noopener\">freelance@ketchum.de<\/a> bei uns!<\/p>\n<\/div>\n\n\n\n<div class=\"wp-block-column is-layout-flow wp-block-column-is-layout-flow\">\n<h6 class=\"wp-block-heading\"><strong>Praktikant:innen und Student:innen<\/strong><\/h6>\n\n\n\n<p>Du hast die Schule abgeschlossen oder du studierst und du m\u00f6chtest Agenturluft schnuppern? Du willst herausfinden, ob in der Kommunikationsbranche deine berufliche Zukunft liegen k\u00f6nnte? Wir unterst\u00fctzen dich gerne dabei!<\/p>\n<\/div>\n<\/div>\n\n\n\n<p>Sprich uns an: <\/p>\n<\/div>\n<\/div>\n\n\n\n<div class=\"wp-block-columns container is-layout-flex wp-container-core-columns-is-layout-073d1066 wp-block-columns-is-layout-flex\" style=\"padding-right:0px;padding-left:0px\">\n<div class=\"wp-block-column container is-layout-flow wp-block-column-is-layout-flow\">\n<figure class=\"wp-block-image size-medium\"><a href=\"https:\/\/www.linkedin.com\/in\/tabea-fesser-374a37135\/?originalSubdomain=de\" target=\"_blank\" rel=\"noopener\"><img loading=\"lazy\" decoding=\"async\" width=\"300\" height=\"300\" src=\"https:\/\/www.ketchum.com\/wp-content\/uploads\/sites\/5\/2022\/05\/Foto-Tabea_web-300x300.jpg\" alt=\"\" class=\"wp-image-343\" srcset=\"https:\/\/www.ketchum.com\/germany\/wp-content\/uploads\/sites\/5\/2022\/05\/Foto-Tabea_web-300x300.jpg 300w, https:\/\/www.ketchum.com\/germany\/wp-content\/uploads\/sites\/5\/2022\/05\/Foto-Tabea_web-150x150.jpg 150w, https:\/\/www.ketchum.com\/germany\/wp-content\/uploads\/sites\/5\/2022\/05\/Foto-Tabea_web-768x768.jpg 768w, https:\/\/www.ketchum.com\/germany\/wp-content\/uploads\/sites\/5\/2022\/05\/Foto-Tabea_web-600x600.jpg 600w, https:\/\/www.ketchum.com\/germany\/wp-content\/uploads\/sites\/5\/2022\/05\/Foto-Tabea_web.jpg 1000w\" sizes=\"auto, (max-width: 300px) 100vw, 300px\" \/><\/a><\/figure>\n\n\n\n<p><a href=\"https:\/\/www.linkedin.com\/in\/tabea-fesser-374a37135\/?originalSubdomain=de\"><strong>Tabea Fesser<\/strong><br>Chief People Officer (CPO)<\/a><\/p>\n<\/div>\n\n\n\n<div class=\"wp-block-column is-layout-flow wp-block-column-is-layout-flow\">\n<figure class=\"wp-block-image size-medium\"><img loading=\"lazy\" decoding=\"async\" width=\"300\" height=\"300\" src=\"https:\/\/www.ketchum.com\/germany\/wp-content\/uploads\/sites\/5\/2023\/12\/Claudia_Bild2-web-300x300.jpg\" alt=\"\" class=\"wp-image-2166\" srcset=\"https:\/\/www.ketchum.com\/germany\/wp-content\/uploads\/sites\/5\/2023\/12\/Claudia_Bild2-web-300x300.jpg 300w, https:\/\/www.ketchum.com\/germany\/wp-content\/uploads\/sites\/5\/2023\/12\/Claudia_Bild2-web-150x150.jpg 150w, https:\/\/www.ketchum.com\/germany\/wp-content\/uploads\/sites\/5\/2023\/12\/Claudia_Bild2-web-768x769.jpg 768w, https:\/\/www.ketchum.com\/germany\/wp-content\/uploads\/sites\/5\/2023\/12\/Claudia_Bild2-web.jpg 877w\" sizes=\"auto, (max-width: 300px) 100vw, 300px\" \/><\/figure>\n\n\n\n<p><a href=\"https:\/\/www.linkedin.com\/in\/claudia-schmidt-969b57a5\/\"><strong>Claudia Schmidt<\/strong><br>Senior Manager Learning &amp; Development<\/a><\/p>\n<\/div>\n\n\n\n<div class=\"wp-block-column is-layout-flow wp-block-column-is-layout-flow\">\n<figure class=\"wp-block-image size-full is-resized\"><img loading=\"lazy\" decoding=\"async\" width=\"1080\" height=\"1080\" src=\"https:\/\/www.ketchum.com\/germany\/wp-content\/uploads\/sites\/5\/2025\/02\/HR_LeaBaeger.jpg\" alt=\"\" class=\"wp-image-4244\" style=\"object-fit:cover;width:301px;height:auto\" srcset=\"https:\/\/www.ketchum.com\/germany\/wp-content\/uploads\/sites\/5\/2025\/02\/HR_LeaBaeger.jpg 1080w, https:\/\/www.ketchum.com\/germany\/wp-content\/uploads\/sites\/5\/2025\/02\/HR_LeaBaeger-300x300.jpg 300w, https:\/\/www.ketchum.com\/germany\/wp-content\/uploads\/sites\/5\/2025\/02\/HR_LeaBaeger-1024x1024.jpg 1024w, https:\/\/www.ketchum.com\/germany\/wp-content\/uploads\/sites\/5\/2025\/02\/HR_LeaBaeger-150x150.jpg 150w, https:\/\/www.ketchum.com\/germany\/wp-content\/uploads\/sites\/5\/2025\/02\/HR_LeaBaeger-768x768.jpg 768w, https:\/\/www.ketchum.com\/germany\/wp-content\/uploads\/sites\/5\/2025\/02\/HR_LeaBaeger-600x600.jpg 600w\" sizes=\"auto, (max-width: 1080px) 100vw, 1080px\" \/><\/figure>\n\n\n\n<p><a href=\"https:\/\/www.linkedin.com\/in\/lea-b%C3%A4ger\/\"><strong>Lea B\u00e4ger<\/strong><br><\/a><a href=\"http:\/\/linkedin.com\/in\/lea-b\u00e4ger\/\">Junior Manager Recruiting &amp; Employer Branding<\/a><\/p>\n<\/div>\n\n\n\n<div class=\"wp-block-column is-layout-flow wp-block-column-is-layout-flow\">\n<figure class=\"wp-block-image size-medium\"><img loading=\"lazy\" decoding=\"async\" width=\"300\" height=\"300\" src=\"https:\/\/www.ketchum.com\/germany\/wp-content\/uploads\/sites\/5\/2023\/12\/Frilling_Annika_web-300x300.jpg\" alt=\"\" class=\"wp-image-2162\" srcset=\"https:\/\/www.ketchum.com\/germany\/wp-content\/uploads\/sites\/5\/2023\/12\/Frilling_Annika_web-300x300.jpg 300w, https:\/\/www.ketchum.com\/germany\/wp-content\/uploads\/sites\/5\/2023\/12\/Frilling_Annika_web-150x150.jpg 150w, https:\/\/www.ketchum.com\/germany\/wp-content\/uploads\/sites\/5\/2023\/12\/Frilling_Annika_web-768x769.jpg 768w, https:\/\/www.ketchum.com\/germany\/wp-content\/uploads\/sites\/5\/2023\/12\/Frilling_Annika_web.jpg 877w\" sizes=\"auto, (max-width: 300px) 100vw, 300px\" \/><\/figure>\n\n\n\n<p><a href=\"https:\/\/www.linkedin.com\/in\/annika-frilling-97a57415b\/\"><strong>Annika Frilling<\/strong><br>Junior Manager Recruiting &amp; Employer Branding<\/a><\/p>\n<\/div>\n<\/div>\n\n\n\n<p><\/p>\n","protected":false},"excerpt":{"rendered":"<p>Bist du dabei? Wir bieten dir inspirierende, spannende Kund:innen und vielf\u00e4ltige Aufgaben rund um die Konzeption, Steuerung und Umsetzung von Kommunikationsprojekten. Wir stehen f\u00fcr: \u201eWork that matters\u201c. Dabei steht es dir frei zu entscheiden, an welchem Ort du arbeiten m\u00f6chtest: in einem unserer eigenen B\u00fcros, unseren Hubs oder in deinem Mobile Office. Ob du studiert [&hellip;]<\/p>\n","protected":false},"author":3,"featured_media":0,"parent":0,"menu_order":0,"comment_status":"closed","ping_status":"closed","template":"","meta":{"_acf_changed":false,"footnotes":""},"class_list":["post-101","page","type-page","status-publish","hentry"],"acf":[],"yoast_head":"<!-- This site is optimized with the Yoast SEO plugin v27.3 - https:\/\/yoast.com\/product\/yoast-seo-wordpress\/ -->\n<title>Career at Ketchum | Ketchum \u2013 Eine f\u00fchrende Agentur f\u00fcr Reputation, Markenkommunikation und Transformation<\/title>\n<meta name=\"description\" content=\"Ketchum ist eine der f\u00fchrenden Kommunikationsberatungen. Ketchum versteht sich als strategischer und operativer Partner der Kund:innen beim Auf- und Ausbau ihrer Marken und ihrer Reputation bei Medien, Influencer:innen und Konsument:innen, bei der Eroberung neuer M\u00e4rkte, bei dynamischen Ver\u00e4nderungsprozessen und in der Digitalen Transformation, bei der Bew\u00e4ltigung von Krisen sowie bei gesellschaftlichen und politischen Gestaltungsaufgaben.\" \/>\n<meta name=\"robots\" content=\"index, follow, max-snippet:-1, max-image-preview:large, max-video-preview:-1\" \/>\n<link rel=\"canonical\" href=\"https:\/\/www.ketchum.com\/germany\/career-at-ketchum\/\" \/>\n<meta property=\"og:locale\" content=\"de_DE\" \/>\n<meta property=\"og:type\" content=\"article\" \/>\n<meta property=\"og:title\" content=\"Career at Ketchum | Ketchum \u2013 Eine f\u00fchrende Agentur f\u00fcr Reputation, Markenkommunikation und Transformation\" \/>\n<meta property=\"og:description\" content=\"Ketchum ist eine der f\u00fchrenden Kommunikationsberatungen. Ketchum versteht sich als strategischer und operativer Partner der Kund:innen beim Auf- und Ausbau ihrer Marken und ihrer Reputation bei Medien, Influencer:innen und Konsument:innen, bei der Eroberung neuer M\u00e4rkte, bei dynamischen Ver\u00e4nderungsprozessen und in der Digitalen Transformation, bei der Bew\u00e4ltigung von Krisen sowie bei gesellschaftlichen und politischen Gestaltungsaufgaben.\" \/>\n<meta property=\"og:url\" content=\"https:\/\/www.ketchum.com\/germany\/career-at-ketchum\/\" \/>\n<meta property=\"og:site_name\" content=\"Ketchum Germany\" \/>\n<meta property=\"article:modified_time\" content=\"2025-02-13T10:20:10+00:00\" \/>\n<meta property=\"og:image\" content=\"https:\/\/www.ketchum.com\/germany\/wp-content\/uploads\/sites\/5\/2022\/05\/Foto-Tabea_web.jpg\" \/>\n\t<meta property=\"og:image:width\" content=\"1000\" \/>\n\t<meta property=\"og:image:height\" content=\"1000\" \/>\n\t<meta property=\"og:image:type\" content=\"image\/jpeg\" \/>\n<meta name=\"twitter:card\" content=\"summary_large_image\" \/>\n<meta name=\"twitter:label1\" content=\"Est. reading time\" \/>\n\t<meta name=\"twitter:data1\" content=\"3 minutes\" \/>\n<script type=\"application\/ld+json\" class=\"yoast-schema-graph\">{\"@context\":\"https:\\\/\\\/schema.org\",\"@graph\":[{\"@type\":\"WebPage\",\"@id\":\"https:\\\/\\\/www.ketchum.com\\\/germany\\\/career-at-ketchum\\\/\",\"url\":\"https:\\\/\\\/www.ketchum.com\\\/germany\\\/career-at-ketchum\\\/\",\"name\":\"Career at Ketchum | Ketchum \u2013 Eine f\u00fchrende Agentur f\u00fcr Reputation, Markenkommunikation und Transformation\",\"isPartOf\":{\"@id\":\"https:\\\/\\\/www.ketchum.com\\\/germany\\\/#website\"},\"primaryImageOfPage\":{\"@id\":\"https:\\\/\\\/www.ketchum.com\\\/germany\\\/career-at-ketchum\\\/#primaryimage\"},\"image\":{\"@id\":\"https:\\\/\\\/www.ketchum.com\\\/germany\\\/career-at-ketchum\\\/#primaryimage\"},\"thumbnailUrl\":\"https:\\\/\\\/www.ketchum.com\\\/wp-content\\\/uploads\\\/sites\\\/5\\\/2022\\\/05\\\/Foto-Tabea_web-300x300.jpg\",\"datePublished\":\"2022-03-14T17:44:44+00:00\",\"dateModified\":\"2025-02-13T10:20:10+00:00\",\"description\":\"Ketchum ist eine der f\u00fchrenden Kommunikationsberatungen. Ketchum versteht sich als strategischer und operativer Partner der Kund:innen beim Auf- und Ausbau ihrer Marken und ihrer Reputation bei Medien, Influencer:innen und Konsument:innen, bei der Eroberung neuer M\u00e4rkte, bei dynamischen Ver\u00e4nderungsprozessen und in der Digitalen Transformation, bei der Bew\u00e4ltigung von Krisen sowie bei gesellschaftlichen und politischen Gestaltungsaufgaben.\",\"breadcrumb\":{\"@id\":\"https:\\\/\\\/www.ketchum.com\\\/germany\\\/career-at-ketchum\\\/#breadcrumb\"},\"inLanguage\":\"de-DE\",\"potentialAction\":[{\"@type\":\"ReadAction\",\"target\":[\"https:\\\/\\\/www.ketchum.com\\\/germany\\\/career-at-ketchum\\\/\"]}]},{\"@type\":\"ImageObject\",\"inLanguage\":\"de-DE\",\"@id\":\"https:\\\/\\\/www.ketchum.com\\\/germany\\\/career-at-ketchum\\\/#primaryimage\",\"url\":\"https:\\\/\\\/www.ketchum.com\\\/wp-content\\\/uploads\\\/sites\\\/5\\\/2022\\\/05\\\/Foto-Tabea_web-300x300.jpg\",\"contentUrl\":\"https:\\\/\\\/www.ketchum.com\\\/wp-content\\\/uploads\\\/sites\\\/5\\\/2022\\\/05\\\/Foto-Tabea_web-300x300.jpg\"},{\"@type\":\"BreadcrumbList\",\"@id\":\"https:\\\/\\\/www.ketchum.com\\\/germany\\\/career-at-ketchum\\\/#breadcrumb\",\"itemListElement\":[{\"@type\":\"ListItem\",\"position\":1,\"name\":\"Home\",\"item\":\"https:\\\/\\\/www.ketchum.com\\\/germany\\\/\"},{\"@type\":\"ListItem\",\"position\":2,\"name\":\"Career at Ketchum\"}]},{\"@type\":\"WebSite\",\"@id\":\"https:\\\/\\\/www.ketchum.com\\\/germany\\\/#website\",\"url\":\"https:\\\/\\\/www.ketchum.com\\\/germany\\\/\",\"name\":\"Ketchum Germany\",\"description\":\"Ketchum ist eine der f\u00fchrenden Kommunikationsberatungen. Ketchum versteht sich als strategischer und operativer Partner der Kund:innen beim Auf- und Ausbau ihrer Marken und ihrer Reputation bei Medien, Influencer:innen und Konsument:innen, bei der Eroberung neuer M\u00e4rkte, bei dynamischen Ver\u00e4nderungsprozessen und in der Digitalen Transformation, bei der Bew\u00e4ltigung von Krisen sowie bei gesellschaftlichen und politischen Gestaltungsaufgaben.\",\"potentialAction\":[{\"@type\":\"SearchAction\",\"target\":{\"@type\":\"EntryPoint\",\"urlTemplate\":\"https:\\\/\\\/www.ketchum.com\\\/germany\\\/?s={search_term_string}\"},\"query-input\":{\"@type\":\"PropertyValueSpecification\",\"valueRequired\":true,\"valueName\":\"search_term_string\"}}],\"inLanguage\":\"de-DE\"}]}<\/script>\n<!-- \/ Yoast SEO plugin. -->","yoast_head_json":{"title":"Career at Ketchum | Ketchum \u2013 Eine f\u00fchrende Agentur f\u00fcr Reputation, Markenkommunikation und Transformation","description":"Ketchum ist eine der f\u00fchrenden Kommunikationsberatungen. Ketchum versteht sich als strategischer und operativer Partner der Kund:innen beim Auf- und Ausbau ihrer Marken und ihrer Reputation bei Medien, Influencer:innen und Konsument:innen, bei der Eroberung neuer M\u00e4rkte, bei dynamischen Ver\u00e4nderungsprozessen und in der Digitalen Transformation, bei der Bew\u00e4ltigung von Krisen sowie bei gesellschaftlichen und politischen Gestaltungsaufgaben.","robots":{"index":"index","follow":"follow","max-snippet":"max-snippet:-1","max-image-preview":"max-image-preview:large","max-video-preview":"max-video-preview:-1"},"canonical":"https:\/\/www.ketchum.com\/germany\/career-at-ketchum\/","og_locale":"de_DE","og_type":"article","og_title":"Career at Ketchum | Ketchum \u2013 Eine f\u00fchrende Agentur f\u00fcr Reputation, Markenkommunikation und Transformation","og_description":"Ketchum ist eine der f\u00fchrenden Kommunikationsberatungen. Ketchum versteht sich als strategischer und operativer Partner der Kund:innen beim Auf- und Ausbau ihrer Marken und ihrer Reputation bei Medien, Influencer:innen und Konsument:innen, bei der Eroberung neuer M\u00e4rkte, bei dynamischen Ver\u00e4nderungsprozessen und in der Digitalen Transformation, bei der Bew\u00e4ltigung von Krisen sowie bei gesellschaftlichen und politischen Gestaltungsaufgaben.","og_url":"https:\/\/www.ketchum.com\/germany\/career-at-ketchum\/","og_site_name":"Ketchum Germany","article_modified_time":"2025-02-13T10:20:10+00:00","og_image":[{"width":1000,"height":1000,"url":"https:\/\/www.ketchum.com\/germany\/wp-content\/uploads\/sites\/5\/2022\/05\/Foto-Tabea_web.jpg","type":"image\/jpeg"}],"twitter_card":"summary_large_image","twitter_misc":{"Est. reading time":"3 minutes"},"schema":{"@context":"https:\/\/schema.org","@graph":[{"@type":"WebPage","@id":"https:\/\/www.ketchum.com\/germany\/career-at-ketchum\/","url":"https:\/\/www.ketchum.com\/germany\/career-at-ketchum\/","name":"Career at Ketchum | Ketchum \u2013 Eine f\u00fchrende Agentur f\u00fcr Reputation, Markenkommunikation und Transformation","isPartOf":{"@id":"https:\/\/www.ketchum.com\/germany\/#website"},"primaryImageOfPage":{"@id":"https:\/\/www.ketchum.com\/germany\/career-at-ketchum\/#primaryimage"},"image":{"@id":"https:\/\/www.ketchum.com\/germany\/career-at-ketchum\/#primaryimage"},"thumbnailUrl":"https:\/\/www.ketchum.com\/wp-content\/uploads\/sites\/5\/2022\/05\/Foto-Tabea_web-300x300.jpg","datePublished":"2022-03-14T17:44:44+00:00","dateModified":"2025-02-13T10:20:10+00:00","description":"Ketchum ist eine der f\u00fchrenden Kommunikationsberatungen. Ketchum versteht sich als strategischer und operativer Partner der Kund:innen beim Auf- und Ausbau ihrer Marken und ihrer Reputation bei Medien, Influencer:innen und Konsument:innen, bei der Eroberung neuer M\u00e4rkte, bei dynamischen Ver\u00e4nderungsprozessen und in der Digitalen Transformation, bei der Bew\u00e4ltigung von Krisen sowie bei gesellschaftlichen und politischen Gestaltungsaufgaben.","breadcrumb":{"@id":"https:\/\/www.ketchum.com\/germany\/career-at-ketchum\/#breadcrumb"},"inLanguage":"de-DE","potentialAction":[{"@type":"ReadAction","target":["https:\/\/www.ketchum.com\/germany\/career-at-ketchum\/"]}]},{"@type":"ImageObject","inLanguage":"de-DE","@id":"https:\/\/www.ketchum.com\/germany\/career-at-ketchum\/#primaryimage","url":"https:\/\/www.ketchum.com\/wp-content\/uploads\/sites\/5\/2022\/05\/Foto-Tabea_web-300x300.jpg","contentUrl":"https:\/\/www.ketchum.com\/wp-content\/uploads\/sites\/5\/2022\/05\/Foto-Tabea_web-300x300.jpg"},{"@type":"BreadcrumbList","@id":"https:\/\/www.ketchum.com\/germany\/career-at-ketchum\/#breadcrumb","itemListElement":[{"@type":"ListItem","position":1,"name":"Home","item":"https:\/\/www.ketchum.com\/germany\/"},{"@type":"ListItem","position":2,"name":"Career at Ketchum"}]},{"@type":"WebSite","@id":"https:\/\/www.ketchum.com\/germany\/#website","url":"https:\/\/www.ketchum.com\/germany\/","name":"Ketchum Germany","description":"Ketchum ist eine der f\u00fchrenden Kommunikationsberatungen. Ketchum versteht sich als strategischer und operativer Partner der Kund:innen beim Auf- und Ausbau ihrer Marken und ihrer Reputation bei Medien, Influencer:innen und Konsument:innen, bei der Eroberung neuer M\u00e4rkte, bei dynamischen Ver\u00e4nderungsprozessen und in der Digitalen Transformation, bei der Bew\u00e4ltigung von Krisen sowie bei gesellschaftlichen und politischen Gestaltungsaufgaben.","potentialAction":[{"@type":"SearchAction","target":{"@type":"EntryPoint","urlTemplate":"https:\/\/www.ketchum.com\/germany\/?s={search_term_string}"},"query-input":{"@type":"PropertyValueSpecification","valueRequired":true,"valueName":"search_term_string"}}],"inLanguage":"de-DE"}]}},"featured_image_src":null,"featured_image_src_square":null,"_links":{"self":[{"href":"https:\/\/www.ketchum.com\/germany\/wp-json\/wp\/v2\/pages\/101","targetHints":{"allow":["GET"]}}],"collection":[{"href":"https:\/\/www.ketchum.com\/germany\/wp-json\/wp\/v2\/pages"}],"about":[{"href":"https:\/\/www.ketchum.com\/germany\/wp-json\/wp\/v2\/types\/page"}],"author":[{"embeddable":true,"href":"https:\/\/www.ketchum.com\/germany\/wp-json\/wp\/v2\/users\/3"}],"replies":[{"embeddable":true,"href":"https:\/\/www.ketchum.com\/germany\/wp-json\/wp\/v2\/comments?post=101"}],"version-history":[{"count":0,"href":"https:\/\/www.ketchum.com\/germany\/wp-json\/wp\/v2\/pages\/101\/revisions"}],"wp:attachment":[{"href":"https:\/\/www.ketchum.com\/germany\/wp-json\/wp\/v2\/media?parent=101"}],"curies":[{"name":"wp","href":"https:\/\/api.w.org\/{rel}","templated":true}]}}