{"id":7,"date":"2022-02-14T17:09:40","date_gmt":"2022-02-14T17:09:40","guid":{"rendered":"https:\/\/ketchumcorpstg.wpengine.com\/austria\/?page_id=7"},"modified":"2025-09-09T14:17:22","modified_gmt":"2025-09-09T14:17:22","slug":"careers","status":"publish","type":"page","link":"https:\/\/www.ketchum.com\/austria\/careers\/","title":{"rendered":"Careers"},"content":{"rendered":"\n<section class=\"intro   alignwide ketchum-timber-intro\">\n\t<div class=\"container\">\n\t\t<div class=\"col-12 ketchum-timber-intro-box\">\n\n\t\t\t<h2 class=\"ketchum-timber-bold ketchum-timber-color-white\">\n\t\t\t\tCareers @ Ketchum Vienna\n\t\t\t<\/h2>\n\t\t\t<h5 class=\"ketchum-timber-color-white\">\n\t\t\t\tDu willst Vollgas geben, mit spannenden Kunden arbeiten und Dich in einem fantastischen Team weiterentwickeln? Wunderbar, dann ist Ketchum genau der richtige Ort f\u00fcr Dich. Wir sind immer auf der Suche nach guten Leuten und freuen uns auf Deine Nachricht an <a href=\"mailto:karriere@ketchum.at\" style=\"color:inherit;font-size:inherit\">karriere@ketchum.at<\/a>\n\t\t\t<\/h5>\n\t\t\t\t\t\t\n\t\t<\/div>\n\t<\/div>\n<\/section>\n\n\n<section class=\"follow-us   alignwide ketchum-timber-follow-us \">\n    <div class=\"container\">\n        <div class=\"row\">\n            <div class=\"col-12\">\n                <div class=\"ketchum-timber-follow-us-socials-links\">\n                    <p class=\"ketchum-timber-bold ketchum-timber-narrow-text ketchum-timber-p2\">\n                        Follow Ketchum Austria:\n                    <\/p>\n                    <ul>\n                                                                                                <li>\n                            <a href=\"https:\/\/www.instagram.com\/ketchum_austria\/ \" target=\"_blank\" title=\"instagram\">\n                                <span>\n                                    <i class=\"fab fa-instagram\"><\/i>\n                                <\/span>\n                            <\/a>\n                        <\/li>\n                                                                        <li>\n                            <a href=\"https:\/\/www.instagram.com\/ketchum_austria\/ \" target=\"_blank\" title=\"twitter\">\n                                <span>\n                                    <i class=\"fa-brands fa-x-twitter\"><\/i>\n                                <\/span>\n                            <\/a>\n                        <\/li>\n                                                                        <li>\n                            <a href=\"https:\/\/www.linkedin.com\/company\/ketchum-austria\/posts\/?feedView=all \" target=\"_blank\" title=\"linkedin\">\n                                <span>\n                                    <i class=\"fab fa-linkedin\"><\/i>\n                                <\/span>\n                            <\/a>\n                        <\/li>\n                                                                    <\/ul>\n                <\/div>\n            <\/div>\n        <\/div>\n    <\/div>\n<\/section>\n<style>\n    .kununu:hover{\n        fill: #9A1A60  !important;\n    }\n    @media screen and (max-width: 768px){\n        .kununu{\n            width: 11px !important;\n            height: 12px !important;\n            margin-top: -5px !important;\n        }\n        \n    }\n   \n<\/style>\n\n\n<div class=\"wp-block-columns is-layout-flex wp-container-core-columns-is-layout-9d6595d7 wp-block-columns-is-layout-flex\"><\/div>\n\n\n\n<section class=\"content-box   alignwide ketchum-timber-content-box\">\n\t<div class=\"container\">\n\t\t\n\t\t<div class=\"ketchum-timber-content-box-content\">\n\t\t\t<div class=\"col-xs-12 col-sm-12 col-md-6 col-lg-6 p-0\">\n\n\t\t\t\t\t\t\t\t\t<img decoding=\"async\" src=\"https:\/\/www.ketchum.com\/austria\/wp-content\/uploads\/sites\/8\/2023\/10\/IMG_0019.jpg\" alt=\"\">\n\t\t\t\t\n\t\t\t<\/div>\n\t\t\t<div class=\"col-xs-12 col-sm-12 col-md-6 col-lg-6 ketchum-timber-content-box-right\">\n\t\t\t\n\t\t\t\t<h4 class=\"ketchum-timber-bold\">\n\t\t\t\t\tCreate Your Own Job\n\t\t\t\t<\/h4>\n\t\t\t\t<p class=\"ketchum-timber-p2\">\n\t\t\t\t\tDas ist unser Motto hier bei Ketchum in Wien: Bei uns ist jede Kollegin und jeder Kollege eingeladen, sich wirklich etwas zu trauen, als Berater:in und als Pers\u00f6nlichkeit zu wachsen, und auf diesem Weg immer wieder etwas Neues zu wagen. Auf der Basis von unseren eisernen Qualit\u00e4tsgrunds\u00e4tzen \u2013 immerhin sind wir als Agentur mehrfach nach PR-Quality-Austria zertifiziert &#8211; handhaben wir die Dinge sehr flexibel: Eigeninitiative und L\u00f6sungsorientierung sind wichtiger als Hierarchien und Formalit\u00e4ten und Anpacken ist besser als Z\u00f6gern. Wir sind mit gro\u00dfer Ernsthaftigkeit bei der Sache und bei unseren Kunden, und wir sind gleichzeitig easygoing und unkompliziert. Klingt r\u00e4tselhaft? Ist es nicht! Wenn Du erleben willst, was in Dir steckt, dann komm\u00b4 zu uns und probier\u00b4 Dich aus. \n\t\t\t\t<\/p>\n\t\t\t\t\n\t\t\t<\/div>\n\t\t<\/div>\n\t<\/div>\n<\/section>\n\n\n<section class=\"content-box   alignwide ketchum-timber-content-box\">\n\t<div class=\"container\">\n\t\t\n\t\t<div class=\"ketchum-timber-content-box-content\">\n\t\t\t<div class=\"col-xs-12 col-sm-12 col-md-6 col-lg-6 p-0\">\n\n\t\t\t\t\t\t\t\t\t<img decoding=\"async\" src=\"https:\/\/www.ketchum.com\/austria\/wp-content\/uploads\/sites\/8\/2022\/09\/IMG_0156-scaled.jpg\" alt=\"\">\n\t\t\t\t\n\t\t\t<\/div>\n\t\t\t<div class=\"col-xs-12 col-sm-12 col-md-6 col-lg-6 order-first ketchum-timber-content-box-left\">\n\t\t\t\n\t\t\t\t<h4 class=\"ketchum-timber-bold\">\n\t\t\t\t\tDiversity, Equity &amp; Inclusion: Das Leben bei Ketchum\n\t\t\t\t<\/h4>\n\t\t\t\t<p class=\"ketchum-timber-p2\">\n\t\t\t\t\tDiversity ist bei uns mehr als das Analysieren unseres Teams nach Unterschieden: Wir sind eine rund 40-k\u00f6pfige Gruppe von engagierten und zumeist begeisterten Frauen und M\u00e4nnern zwischen 23 und 54 mit verschiedensten Backgrounds, Ausbildungen, Talenten und Ambitionen. Was uns wichtig ist, ist, dass jeder und jede bei uns geh\u00f6rt wird und sich einbringen kann. Ob eine Idee vom Praktikanten oder von der CEO kommt, spielt keine Rolle \u2013 bei uns herrscht eine Atmosph\u00e4re von emotional safety. Wir schauen aufeinander, unterst\u00fctzen uns, wenn es mal schwierig ist, und wir freuen uns miteinander an Erfolgen &#8211; und feiern diese auch, und zwar nicht nur bei der Weihnachtsfeier, unserem j\u00e4hrlichen Sportfest oder unserem Agenturausflug, sondern auch mal zwischendurch.\n\t\t\t\t<\/p>\n\t\t\t\t\n\t\t\t<\/div>\n\t\t<\/div>\n\t<\/div>\n<\/section>\n\n\n<section class=\"content-box   alignwide ketchum-timber-content-box\">\n\t<div class=\"container\">\n\t\t\n\t\t<div class=\"ketchum-timber-content-box-content\">\n\t\t\t<div class=\"col-xs-12 col-sm-12 col-md-6 col-lg-6 p-0\">\n\n\t\t\t\t\t\t\t\t\t<img decoding=\"async\" src=\"https:\/\/www.ketchum.com\/austria\/wp-content\/uploads\/sites\/8\/2025\/09\/MN_MG_1623-scaled.jpg\" alt=\"\">\n\t\t\t\t\n\t\t\t<\/div>\n\t\t\t<div class=\"col-xs-12 col-sm-12 col-md-6 col-lg-6 ketchum-timber-content-box-right\">\n\t\t\t\n\t\t\t\t<h4 class=\"ketchum-timber-bold\">\n\t\t\t\t\tWas gibt es konkret? Unsere Benefits\n\t\t\t\t<\/h4>\n\t\t\t\t<p class=\"ketchum-timber-p2\">\n\t\t\t\t\tWir sagen es, wie es ist: \u201eKeep the workplace sticky!\u201c \u2013 das wollen wir. Mit interessanten und abwechslungsreichen Kunden aus nahezu allen Branchen und Kommunikationsdisziplinen, mit einem Teamspirit, der seinesgleichen sucht, und nicht zuletzt mit handfesten Benefits jenseits von Obstkorb &amp; Co. Nicht umsonst machen unsere Kolleg:innen oft \u00fcber viele Jahre lang eine tolle Karriere bei uns und bleiben uns, auch wenn sie irgendwann weiterziehen, als Alumni verbunden.<br><br \/>\r\n<u>Benefits<\/u>: <br \/>\r\n\u2022 Flexible Arbeitszeiten (Gleitzeit) und Home Office mit mind. zwei Arbeitstagen pro Woche in der Agentur  <br \/>\r\n\u2022 Mac Book Pro und iPhone Mac Book Pro und iPhone<br \/>\r\n\u2022 M\u00f6glichkeit zur auch kurzfristigen und befristeten Stundenreduktion oder -aufstockung <br \/>\r\n\u2022 Ein leistungsbezogenes Gehaltssystem ab dem Account Manager <br \/>\r\n\u2022 Jahreskarte der Wiener Linien<br \/>\r\n\u2022 Stundenkontingent bei der Schule des Sprechens <br \/>\r\n\u2022 Fitness-Angebot \u00fcber www.myclubs.at<br \/>\r\n\u2022 ein zus\u00e4tzlicher Urlaubstag zum Geburtstag <br \/>\r\n\u2022 Weiterbildungsangebote der Ketchum University <br \/>\r\n\u2022 Special Ketchum Edition\/Zugang zur Wellbeing-App Calm<br \/>\r\n\u2022\tMeetingfreier Tag am Freitag \n\t\t\t\t<\/p>\n\t\t\t\t\n\t\t\t<\/div>\n\t\t<\/div>\n\t<\/div>\n<\/section>","protected":false},"excerpt":{"rendered":"","protected":false},"author":3,"featured_media":0,"parent":0,"menu_order":0,"comment_status":"closed","ping_status":"closed","template":"","meta":{"_acf_changed":false,"footnotes":""},"class_list":["post-7","page","type-page","status-publish","hentry"],"acf":[],"yoast_head":"<!-- This site is optimized with the Yoast SEO plugin v27.2 - https:\/\/yoast.com\/product\/yoast-seo-wordpress\/ -->\n<title>Careers - Ketchum Austria<\/title>\n<meta name=\"robots\" content=\"index, follow, max-snippet:-1, max-image-preview:large, max-video-preview:-1\" \/>\n<link rel=\"canonical\" href=\"https:\/\/www.ketchum.com\/austria\/careers\/\" \/>\n<meta property=\"og:locale\" content=\"en_US\" \/>\n<meta property=\"og:type\" content=\"article\" \/>\n<meta property=\"og:title\" content=\"Careers - Ketchum Austria\" \/>\n<meta property=\"og:url\" content=\"https:\/\/www.ketchum.com\/austria\/careers\/\" \/>\n<meta property=\"og:site_name\" content=\"Ketchum Austria\" \/>\n<meta property=\"article:modified_time\" content=\"2025-09-09T14:17:22+00:00\" \/>\n<meta name=\"twitter:card\" content=\"summary_large_image\" \/>\n<script type=\"application\/ld+json\" class=\"yoast-schema-graph\">{\"@context\":\"https:\/\/schema.org\",\"@graph\":[{\"@type\":\"WebPage\",\"@id\":\"https:\/\/www.ketchum.com\/austria\/careers\/\",\"url\":\"https:\/\/www.ketchum.com\/austria\/careers\/\",\"name\":\"Careers - Ketchum Austria\",\"isPartOf\":{\"@id\":\"https:\/\/www.ketchum.com\/austria\/#website\"},\"datePublished\":\"2022-02-14T17:09:40+00:00\",\"dateModified\":\"2025-09-09T14:17:22+00:00\",\"breadcrumb\":{\"@id\":\"https:\/\/www.ketchum.com\/austria\/careers\/#breadcrumb\"},\"inLanguage\":\"en\",\"potentialAction\":[{\"@type\":\"ReadAction\",\"target\":[\"https:\/\/www.ketchum.com\/austria\/careers\/\"]}]},{\"@type\":\"BreadcrumbList\",\"@id\":\"https:\/\/www.ketchum.com\/austria\/careers\/#breadcrumb\",\"itemListElement\":[{\"@type\":\"ListItem\",\"position\":1,\"name\":\"Home\",\"item\":\"https:\/\/www.ketchum.com\/austria\/\"},{\"@type\":\"ListItem\",\"position\":2,\"name\":\"Careers\"}]},{\"@type\":\"WebSite\",\"@id\":\"https:\/\/www.ketchum.com\/austria\/#website\",\"url\":\"https:\/\/www.ketchum.com\/austria\/\",\"name\":\"Ketchum Austria\",\"description\":\"Ketchum Site\",\"potentialAction\":[{\"@type\":\"SearchAction\",\"target\":{\"@type\":\"EntryPoint\",\"urlTemplate\":\"https:\/\/www.ketchum.com\/austria\/?s={search_term_string}\"},\"query-input\":{\"@type\":\"PropertyValueSpecification\",\"valueRequired\":true,\"valueName\":\"search_term_string\"}}],\"inLanguage\":\"en\"}]}<\/script>\n<!-- \/ Yoast SEO plugin. -->","yoast_head_json":{"title":"Careers - Ketchum Austria","robots":{"index":"index","follow":"follow","max-snippet":"max-snippet:-1","max-image-preview":"max-image-preview:large","max-video-preview":"max-video-preview:-1"},"canonical":"https:\/\/www.ketchum.com\/austria\/careers\/","og_locale":"en_US","og_type":"article","og_title":"Careers - Ketchum Austria","og_url":"https:\/\/www.ketchum.com\/austria\/careers\/","og_site_name":"Ketchum Austria","article_modified_time":"2025-09-09T14:17:22+00:00","twitter_card":"summary_large_image","schema":{"@context":"https:\/\/schema.org","@graph":[{"@type":"WebPage","@id":"https:\/\/www.ketchum.com\/austria\/careers\/","url":"https:\/\/www.ketchum.com\/austria\/careers\/","name":"Careers - Ketchum Austria","isPartOf":{"@id":"https:\/\/www.ketchum.com\/austria\/#website"},"datePublished":"2022-02-14T17:09:40+00:00","dateModified":"2025-09-09T14:17:22+00:00","breadcrumb":{"@id":"https:\/\/www.ketchum.com\/austria\/careers\/#breadcrumb"},"inLanguage":"en","potentialAction":[{"@type":"ReadAction","target":["https:\/\/www.ketchum.com\/austria\/careers\/"]}]},{"@type":"BreadcrumbList","@id":"https:\/\/www.ketchum.com\/austria\/careers\/#breadcrumb","itemListElement":[{"@type":"ListItem","position":1,"name":"Home","item":"https:\/\/www.ketchum.com\/austria\/"},{"@type":"ListItem","position":2,"name":"Careers"}]},{"@type":"WebSite","@id":"https:\/\/www.ketchum.com\/austria\/#website","url":"https:\/\/www.ketchum.com\/austria\/","name":"Ketchum Austria","description":"Ketchum Site","potentialAction":[{"@type":"SearchAction","target":{"@type":"EntryPoint","urlTemplate":"https:\/\/www.ketchum.com\/austria\/?s={search_term_string}"},"query-input":{"@type":"PropertyValueSpecification","valueRequired":true,"valueName":"search_term_string"}}],"inLanguage":"en"}]}},"featured_image_src":null,"featured_image_src_square":null,"_links":{"self":[{"href":"https:\/\/www.ketchum.com\/austria\/wp-json\/wp\/v2\/pages\/7","targetHints":{"allow":["GET"]}}],"collection":[{"href":"https:\/\/www.ketchum.com\/austria\/wp-json\/wp\/v2\/pages"}],"about":[{"href":"https:\/\/www.ketchum.com\/austria\/wp-json\/wp\/v2\/types\/page"}],"author":[{"embeddable":true,"href":"https:\/\/www.ketchum.com\/austria\/wp-json\/wp\/v2\/users\/3"}],"replies":[{"embeddable":true,"href":"https:\/\/www.ketchum.com\/austria\/wp-json\/wp\/v2\/comments?post=7"}],"version-history":[{"count":0,"href":"https:\/\/www.ketchum.com\/austria\/wp-json\/wp\/v2\/pages\/7\/revisions"}],"wp:attachment":[{"href":"https:\/\/www.ketchum.com\/austria\/wp-json\/wp\/v2\/media?parent=7"}],"curies":[{"name":"wp","href":"https:\/\/api.w.org\/{rel}","templated":true}]}}