{"id":4,"date":"2022-02-14T17:08:00","date_gmt":"2022-02-14T17:08:00","guid":{"rendered":"https:\/\/ketchumcorpstg.wpengine.com\/austria\/?page_id=4"},"modified":"2026-04-09T13:33:35","modified_gmt":"2026-04-09T13:33:35","slug":"home","status":"publish","type":"page","link":"https:\/\/www.ketchum.com\/austria\/","title":{"rendered":"Home"},"content":{"rendered":"\n<div class=\"wp-block-columns is-layout-flex wp-container-core-columns-is-layout-9d6595d7 wp-block-columns-is-layout-flex\">\n<div class=\"wp-block-column is-vertically-aligned-stretch is-layout-flow wp-block-column-is-layout-flow\" style=\"flex-basis:100%\">\n\n<section class=\"hero   alignwide ketchum-timber-hero ketchum-timber-hero-media\">\n\t\n\t\t\t<video autoplay muted loop playsinline>\n\t\t\t<source src=\"https:\/\/www.ketchum.com\/austria\/wp-content\/uploads\/sites\/8\/2026\/03\/250616_MA-Video_k.mp4\" type=\"video\/mp4\">\n\t\t\tYour browser does not support HTML5 video.\n\t\t<\/video>\n\t\t<div class=\"ketchum-timber-center-box\">\n\t<div class=\"container ketchum-timber-hero-content\">\n\t\t<div class=\"row\">\n\t\t\t<div class=\"col-12\">\n\t\t\t\t\n\n\t\t\t\t\t<h1 class=\"ketchum-timber-wide-text ketchum-timber-bold ketchum-timber-color-white\"><\/h1>\n\t\t\t\t\t<a href=\"#main-content\"><span class=\"ketchum-timber-arrow\"><\/span><\/a>\n\n\t\t\t\t<\/div>\n\t\t\t<\/div>\n\t\t<\/div>\n\t<\/div>\n\t\n<\/section>\n\n<div id=\"main-content\"><\/div><\/div>\n<\/div>\n\n\n\n<section class=\"breadcrumbs   alignwide ketchum-timber-breadcrumbs\">\n\t<div class=\"container\">\n\t\t<div class=\"col-12\">\n\t\t\t<ul>\n\t\t\t\t\t\t\t<\/ul>\n\t\t<\/div>\n\t<\/div>\n<\/section>\n\n\n<div class=\"wp-block-columns is-layout-flex wp-container-core-columns-is-layout-9d6595d7 wp-block-columns-is-layout-flex\">\n<div class=\"wp-block-column is-layout-flow wp-block-column-is-layout-flow\" style=\"flex-basis:25%\"><\/div>\n\n\n\n<div class=\"wp-block-column is-layout-flow wp-block-column-is-layout-flow\" style=\"flex-basis:50%\">\n<p class=\"has-text-align-center\">Wir, Ketchum, sind die wohl unkonventionellste Kommunikationsberatung des Landes: F\u00fcr unsere Kunden aus nahezu allen Branchen verbinden wir strategisches Denken mit preisgekr\u00f6ntem Ideenreichtum und 1a Umsetzungsst\u00e4rke.<\/p>\n\n\n\n<p class=\"has-text-align-center\">Von Medienarbeit bis Influencer Relations, von Krisenkommunikation bis zu Integrierten Kampagnen, von Mitarbeiter-Kommunikation und Employer Branding bis zu (Social) CEO-Positioning. Im Zukunftsfeld Analytics und Data-Driven-PR profitieren unsere Kunden von unserer strategischen Kooperation mit Europas f\u00fchrender Web-Intelligence-Plattform webLyzard. Das Spektrum unserer Dienstleistungen ist ebenso gro\u00df wie unsere Hingabe zu dem, was wir tun.<\/p>\n\n\n\n<p class=\"has-text-align-center\">Unser knapp 40-k\u00f6pfiges Team ist mit Begeisterung Teil von Ketchum, einer der weltweit f\u00fchrenden Communication Consultancies mit 100 Standorten in 70 L\u00e4ndern. Gerade in der DACH Region bietet die enge Kooperation mit unseren internationalen Kolleg\/innen gro\u00dfe Benefits f\u00fcr unsere Kunden.<\/p>\n<\/div>\n\n\n\n<div class=\"wp-block-column is-layout-flow wp-block-column-is-layout-flow\" style=\"flex-basis:25%\"><\/div>\n<\/div>\n\n\n\n<section class=\"featured-content   alignwide ketchum-timber-featured-content\">\n\t<div class=\"container\">\n\t\t<h5 class=\"ketchum-timber-featured-content-headline ketchum-timber-uppercase-text\">\n\t\t\tWE DO WORK THAT MATTERS\n\t\t<\/h5>\n\t<\/div>\n\t<div class=\"ketchum-timber-featured-content-container-width\">\n\t\t<div class=\"ketchum-timber-featured-content-container\">\n\t\t\t\t\t\t\t<div class=\"ketchum-timber-featured-content\">\n\t\t\t\t\t<a href=\"https:\/\/www.ketchum.com\/austria\/news\/wenn-frauen-frauen-starken-das-ketchum-women-breakfast-2026\/\" target=\"\" title=\"Wenn Frauen Frauen st\u00e4rken \u2013 das Ketchum Women Breakfast 2026\">\n\t\t\n\t\t\t\t\t\t<img decoding=\"async\" src=\"https:\/\/www.ketchum.com\/austria\/wp-content\/uploads\/sites\/8\/2026\/03\/Ketchum-Women-Breakfast-2026_\u00a9JenniferFETZ_01-scaled.jpg\" alt=\"\">\n\t\t\t\t\t\n\t\t\t\t\t\t<div class=\"ketchum-timber-featured-content-content\">\n\t\t\t\t\t\t\t<div class=\"ketchum-timber-featured-content-center-box\">\n\t\t\t\t\t\t\t\t<div class=\"ketchum-timber-featured-content-text-container\">\n\t\t\t\t\t\t\t\t\t<h6 class=\"ketchum-timber-color-white\">\n\t\t\t\t\t\t\t\t\t\t\n\t\t\t\t\t\t\t\t\t<\/h6>\n\t\t\t\t\t\t\t\t\t<h3 class=\"ketchum-timber-color-white ketchum-timber-narrow-text ketchum-timber-bold\">\n\t\t\t\t\t\t\t\t\t\tWenn Frauen Frauen st\u00e4rken \u2013 das Ketchum Women Breakfast 2026\n\t\t\t\t\t\t\t\t\t<\/h3>\n\t\t\t\t\t\t\t\t<\/div>\n\t\t\t\t\t\t\t<\/div>\n\t\t\t\t\t\t<\/div>\n\t\t\t\t\t<\/a>\n\t\t\t\t<\/div>\n\t\t\t\t\t\t\t<div class=\"ketchum-timber-featured-content\">\n\t\t\t\t\t<a href=\"https:\/\/www.ketchum.com\/austria\/news\/ketchum-gewinnt-pr-etat-von-karriere-at\/\" target=\"\" title=\"Ketchum gewinnt PR-Etat von karriere.at\">\n\t\t\n\t\t\t\t\t\t<img decoding=\"async\" src=\"https:\/\/www.ketchum.com\/austria\/wp-content\/uploads\/sites\/8\/2026\/03\/Ketchum-berat-karriere.at-seit-Jahresbeginn-in-der-PR-Arbeit.jpg\" alt=\"\">\n\t\t\t\t\t\n\t\t\t\t\t\t<div class=\"ketchum-timber-featured-content-content\">\n\t\t\t\t\t\t\t<div class=\"ketchum-timber-featured-content-center-box\">\n\t\t\t\t\t\t\t\t<div class=\"ketchum-timber-featured-content-text-container\">\n\t\t\t\t\t\t\t\t\t<h6 class=\"ketchum-timber-color-white\">\n\t\t\t\t\t\t\t\t\t\t\n\t\t\t\t\t\t\t\t\t<\/h6>\n\t\t\t\t\t\t\t\t\t<h3 class=\"ketchum-timber-color-white ketchum-timber-narrow-text ketchum-timber-bold\">\n\t\t\t\t\t\t\t\t\t\tKetchum gewinnt PR-Etat von karriere.at\n\t\t\t\t\t\t\t\t\t<\/h3>\n\t\t\t\t\t\t\t\t<\/div>\n\t\t\t\t\t\t\t<\/div>\n\t\t\t\t\t\t<\/div>\n\t\t\t\t\t<\/a>\n\t\t\t\t<\/div>\n\t\t\t\t\t\t\t<div class=\"ketchum-timber-featured-content\">\n\t\t\t\t\t<a href=\"https:\/\/www.ketchum.com\/austria\/news\/willkommen-bei-geo-marken-brauchen-zeugen\/\" target=\"\" title=\"Ketchum gewinnt PR-Etat von karriere.at\">\n\t\t\n\t\t\t\t\t\t<img decoding=\"async\" src=\"https:\/\/www.ketchum.com\/austria\/wp-content\/uploads\/sites\/8\/2026\/03\/DSCF7093_CC-scaled.jpg\" alt=\"\">\n\t\t\t\t\t\n\t\t\t\t\t\t<div class=\"ketchum-timber-featured-content-content\">\n\t\t\t\t\t\t\t<div class=\"ketchum-timber-featured-content-center-box\">\n\t\t\t\t\t\t\t\t<div class=\"ketchum-timber-featured-content-text-container\">\n\t\t\t\t\t\t\t\t\t<h6 class=\"ketchum-timber-color-white\">\n\t\t\t\t\t\t\t\t\t\t\n\t\t\t\t\t\t\t\t\t<\/h6>\n\t\t\t\t\t\t\t\t\t<h3 class=\"ketchum-timber-color-white ketchum-timber-narrow-text ketchum-timber-bold\">\n\t\t\t\t\t\t\t\t\t\tWillkommen bei GEO: Marken brauchen Zeugen\n\t\t\t\t\t\t\t\t\t<\/h3>\n\t\t\t\t\t\t\t\t<\/div>\n\t\t\t\t\t\t\t<\/div>\n\t\t\t\t\t\t<\/div>\n\t\t\t\t\t<\/a>\n\t\t\t\t<\/div>\n\t\t\t\t\t<\/div>\n\t<\/div>\n<\/section>\n\n\n<div style=\"height:25px\" aria-hidden=\"true\" class=\"wp-block-spacer\"><\/div>\n\n\n\n<section  class=\"case-studies-slider   alignwide ketchum-timber-case-studies-slider-section\">\n    <div class=\"container\">\n\n        <div class=\"ketchum-timber-case-studies-slider-head\">\n            <div class=\"ketchum-timber-case-studies-slider-title\">\n                \n                <h1 class=\"ketchum-timber-bold\">\n                    Our Work\n                <\/h1>\n\n            <\/div>\n            <div class=\"ketchum-timber-case-studies-slider-cta\">\n                <div class=\"ketchum-timber-link-underlined\">\n                    <span>\n\n                        <a href=\"https:\/\/www.ketchum.com\/austria\/our-work\/\" class=\"ketchum-timber-link-underlined\" tabindex=\"0\" title=\"see more of our work\">\n                            see more of our work\n                        <\/a>\n                        \n                    <\/span>\n                <\/div>\n            <\/div>\n        <\/div>\n    \n    <\/div>\n\n    <div>\n        <div class=\"ketchum-timber-case-studies-slider\">\n                                            <a href=\"\" class=\"ketchum-timber-case-studies-slider-item\" title=\"\">\n                    <div style=\"background-image: url('');\">\n                        <div class=\"ketchum-timber-case-studies-slider-info-box\" id=\"case_studies-blocks\">\n                            \n                            <h6 class=\"ketchum-timber-bold ketchum-timber-color-white\">\n                                \n                            <\/h6>\n                            <p class=\"ketchum-timber-p2 ketchum-timber-color-white\">\n                                \n                            <\/p>\n\n                        <\/div>\n                    <\/div>\n                <\/a>\n                                            <a href=\"\" class=\"ketchum-timber-case-studies-slider-item\" title=\"\">\n                    <div style=\"background-image: url('');\">\n                        <div class=\"ketchum-timber-case-studies-slider-info-box\" id=\"case_studies-blocks\">\n                            \n                            <h6 class=\"ketchum-timber-bold ketchum-timber-color-white\">\n                                \n                            <\/h6>\n                            <p class=\"ketchum-timber-p2 ketchum-timber-color-white\">\n                                \n                            <\/p>\n\n                        <\/div>\n                    <\/div>\n                <\/a>\n                                            <a href=\"\" class=\"ketchum-timber-case-studies-slider-item\" title=\"\">\n                    <div style=\"background-image: url('');\">\n                        <div class=\"ketchum-timber-case-studies-slider-info-box\" id=\"case_studies-blocks\">\n                            \n                            <h6 class=\"ketchum-timber-bold ketchum-timber-color-white\">\n                                \n                            <\/h6>\n                            <p class=\"ketchum-timber-p2 ketchum-timber-color-white\">\n                                \n                            <\/p>\n\n                        <\/div>\n                    <\/div>\n                <\/a>\n                                            <a href=\"\" class=\"ketchum-timber-case-studies-slider-item\" title=\"\">\n                    <div style=\"background-image: url('');\">\n                        <div class=\"ketchum-timber-case-studies-slider-info-box\" id=\"case_studies-blocks\">\n                            \n                            <h6 class=\"ketchum-timber-bold ketchum-timber-color-white\">\n                                \n                            <\/h6>\n                            <p class=\"ketchum-timber-p2 ketchum-timber-color-white\">\n                                \n                            <\/p>\n\n                        <\/div>\n                    <\/div>\n                <\/a>\n                                            <a href=\"\" class=\"ketchum-timber-case-studies-slider-item\" title=\"\">\n                    <div style=\"background-image: url('');\">\n                        <div class=\"ketchum-timber-case-studies-slider-info-box\" id=\"case_studies-blocks\">\n                            \n                            <h6 class=\"ketchum-timber-bold ketchum-timber-color-white\">\n                                \n                            <\/h6>\n                            <p class=\"ketchum-timber-p2 ketchum-timber-color-white\">\n                                \n                            <\/p>\n\n                        <\/div>\n                    <\/div>\n                <\/a>\n                                            <a href=\"\" class=\"ketchum-timber-case-studies-slider-item\" title=\"\">\n                    <div style=\"background-image: url('');\">\n                        <div class=\"ketchum-timber-case-studies-slider-info-box\" id=\"case_studies-blocks\">\n                            \n                            <h6 class=\"ketchum-timber-bold ketchum-timber-color-white\">\n                                \n                            <\/h6>\n                            <p class=\"ketchum-timber-p2 ketchum-timber-color-white\">\n                                \n                            <\/p>\n\n                        <\/div>\n                    <\/div>\n                <\/a>\n                                            <a href=\"\" class=\"ketchum-timber-case-studies-slider-item\" title=\"\">\n                    <div style=\"background-image: url('');\">\n                        <div class=\"ketchum-timber-case-studies-slider-info-box\" id=\"case_studies-blocks\">\n                            \n                            <h6 class=\"ketchum-timber-bold ketchum-timber-color-white\">\n                                \n                            <\/h6>\n                            <p class=\"ketchum-timber-p2 ketchum-timber-color-white\">\n                                \n                            <\/p>\n\n                        <\/div>\n                    <\/div>\n                <\/a>\n                                            <a href=\"\" class=\"ketchum-timber-case-studies-slider-item\" title=\"\">\n                    <div style=\"background-image: url('');\">\n                        <div class=\"ketchum-timber-case-studies-slider-info-box\" id=\"case_studies-blocks\">\n                            \n                            <h6 class=\"ketchum-timber-bold ketchum-timber-color-white\">\n                                \n                            <\/h6>\n                            <p class=\"ketchum-timber-p2 ketchum-timber-color-white\">\n                                \n                            <\/p>\n\n                        <\/div>\n                    <\/div>\n                <\/a>\n                                            <a href=\"\" class=\"ketchum-timber-case-studies-slider-item\" title=\"\">\n                    <div style=\"background-image: url('');\">\n                        <div class=\"ketchum-timber-case-studies-slider-info-box\" id=\"case_studies-blocks\">\n                            \n                            <h6 class=\"ketchum-timber-bold ketchum-timber-color-white\">\n                                \n                            <\/h6>\n                            <p class=\"ketchum-timber-p2 ketchum-timber-color-white\">\n                                \n                            <\/p>\n\n                        <\/div>\n                    <\/div>\n                <\/a>\n                                            <a href=\"\" class=\"ketchum-timber-case-studies-slider-item\" title=\"\">\n                    <div style=\"background-image: url('');\">\n                        <div class=\"ketchum-timber-case-studies-slider-info-box\" id=\"case_studies-blocks\">\n                            \n                            <h6 class=\"ketchum-timber-bold ketchum-timber-color-white\">\n                                \n                            <\/h6>\n                            <p class=\"ketchum-timber-p2 ketchum-timber-color-white\">\n                                \n                            <\/p>\n\n                        <\/div>\n                    <\/div>\n                <\/a>\n                                            <a href=\"\" class=\"ketchum-timber-case-studies-slider-item\" title=\"\">\n                    <div style=\"background-image: url('');\">\n                        <div class=\"ketchum-timber-case-studies-slider-info-box\" id=\"case_studies-blocks\">\n                            \n                            <h6 class=\"ketchum-timber-bold ketchum-timber-color-white\">\n                                \n                            <\/h6>\n                            <p class=\"ketchum-timber-p2 ketchum-timber-color-white\">\n                                \n                            <\/p>\n\n                        <\/div>\n                    <\/div>\n                <\/a>\n                    <\/div>\n    <\/div>\n\n<\/section>\n\n\n<div style=\"height:25px\" aria-hidden=\"true\" class=\"wp-block-spacer\"><\/div>\n\n\n\n<section class=\"content-box   alignwide ketchum-timber-content-box\">\n\t<div class=\"container\">\n\t\t\t\t\t<div class=\"ketchum-timber-content-box-title\">\n\t\t\t\t<div class=\"col-12 p-0\">\n\n\t\t\t\t\t<h1 class=\"ketchum-timber-bold\">\n\t\t\t\t\t\tCareers\n\t\t\t\t\t<\/h1>\n\n\t\t\t\t<\/div>\n\t\t\t<\/div>\n\t\t\n\t\t<div class=\"ketchum-timber-content-box-content\">\n\t\t\t<div class=\"col-xs-12 col-sm-12 col-md-6 col-lg-6 p-0\">\n\n\t\t\t\t\t\t\t\t\t<img decoding=\"async\" src=\"https:\/\/www.ketchum.com\/austria\/wp-content\/uploads\/sites\/8\/2022\/10\/Careers-scaled.jpg\" alt=\"\">\n\t\t\t\t\n\t\t\t<\/div>\n\t\t\t<div class=\"col-xs-12 col-sm-12 col-md-6 col-lg-6 ketchum-timber-content-box-right\">\n\t\t\t\n\t\t\t\t<h4 class=\"ketchum-timber-bold\">\n\t\t\t\t\tCareers @ Ketchum Vienna\n\t\t\t\t<\/h4>\n\t\t\t\t<p class=\"ketchum-timber-p2\">\n\t\t\t\t\tDu willst Vollgas geben, mit spannenden Kunden arbeiten und Dich in einem fantastischen Team weiterentwickeln? Wunderbar, dann ist Ketchum genau der richtige Ort f\u00fcr Dich. Wir sind immer auf der Suche nach guten Leuten und freuen uns auf Deine Nachricht an <a href=\"mailto:karriere@ketchum.at\" style=\"color:inherit;font-size:inherit\">karriere@ketchum.at<\/a>\n\t\t\t\t<\/p>\n\t\t\t\t\n\t\t\t<\/div>\n\t\t<\/div>\n\t<\/div>\n<\/section>\n\n\n<section class=\"intro   alignwide ketchum-timber-intro\">\n\t<div class=\"container\">\n\t\t<div class=\"col-12 ketchum-timber-intro-box\">\n\n\t\t\t<h2 class=\"ketchum-timber-bold ketchum-timber-color-white\">\n\t\t\t\tContact Us!\n\t\t\t<\/h2>\n\t\t\t<h5 class=\"ketchum-timber-color-white\">\n\t\t\t\tHaben Sie Fragen oder ben\u00f6tigen Sie weitere Informationen? Unser Team steht Ihnen gerne zur Verf\u00fcgung! Kontaktieren Sie uns per E-Mail  \u2013 wir freuen uns auf Ihre Nachricht.<br \/>\r\n<br \/>\r\n<a href=\"mailto:office@ketchum.at\" style=\"color:inherit;font-size:inherit\">office@ketchum.at<\/a>\n\t\t\t<\/h5>\n\t\t\t\t\t\t\n\t\t<\/div>\n\t<\/div>\n<\/section>\n\n\n<hr class=\"wp-block-separator has-alpha-channel-opacity\" \/>\n\n\n\n<div class=\"wp-block-columns is-layout-flex wp-container-core-columns-is-layout-9d6595d7 wp-block-columns-is-layout-flex\">\n<div class=\"wp-block-column is-layout-flow wp-block-column-is-layout-flow\"><\/div>\n\n\n\n<div class=\"wp-block-column is-layout-flow wp-block-column-is-layout-flow\"><\/div>\n\n\n\n<div class=\"wp-block-column is-layout-flow wp-block-column-is-layout-flow\"><div class=\"wp-block-image\">\n<figure class=\"aligncenter size-large is-resized\"><img loading=\"lazy\" decoding=\"async\" width=\"1024\" height=\"438\" src=\"https:\/\/www.ketchum.com\/austria\/wp-content\/uploads\/sites\/8\/2022\/11\/logowebsiteket-1024x438.jpg\" alt=\"\" class=\"wp-image-170\" style=\"width:300px;height:128px\" srcset=\"https:\/\/www.ketchum.com\/austria\/wp-content\/uploads\/sites\/8\/2022\/11\/logowebsiteket-1024x438.jpg 1024w, https:\/\/www.ketchum.com\/austria\/wp-content\/uploads\/sites\/8\/2022\/11\/logowebsiteket-300x128.jpg 300w, https:\/\/www.ketchum.com\/austria\/wp-content\/uploads\/sites\/8\/2022\/11\/logowebsiteket-768x329.jpg 768w, https:\/\/www.ketchum.com\/austria\/wp-content\/uploads\/sites\/8\/2022\/11\/logowebsiteket.jpg 1523w\" sizes=\"auto, (max-width: 1024px) 100vw, 1024px\" \/><\/figure>\n<\/div><\/div>\n\n\n\n<div class=\"wp-block-column is-layout-flow wp-block-column-is-layout-flow\"><\/div>\n\n\n\n<div class=\"wp-block-column is-layout-flow wp-block-column-is-layout-flow\"><\/div>\n<\/div>\n\n\n\n<p><\/p>\n","protected":false},"excerpt":{"rendered":"<p>Wir, Ketchum, sind die wohl unkonventionellste Kommunikationsberatung des Landes: F\u00fcr unsere Kunden aus nahezu allen Branchen verbinden wir strategisches Denken mit preisgekr\u00f6ntem Ideenreichtum und 1a Umsetzungsst\u00e4rke. Von Medienarbeit bis Influencer Relations, von Krisenkommunikation bis zu Integrierten Kampagnen, von Mitarbeiter-Kommunikation und Employer Branding bis zu (Social) CEO-Positioning. Im Zukunftsfeld Analytics und Data-Driven-PR profitieren unsere Kunden von [&hellip;]<\/p>\n","protected":false},"author":3,"featured_media":0,"parent":0,"menu_order":0,"comment_status":"closed","ping_status":"closed","template":"","meta":{"_acf_changed":false,"footnotes":""},"class_list":["post-4","page","type-page","status-publish","hentry"],"acf":[],"yoast_head":"<!-- This site is optimized with the Yoast SEO plugin v27.3 - https:\/\/yoast.com\/product\/yoast-seo-wordpress\/ -->\n<title>Home - Ketchum Austria<\/title>\n<meta name=\"description\" content=\"Ketchum Austria - Home\" \/>\n<meta name=\"robots\" content=\"index, follow, max-snippet:-1, max-image-preview:large, max-video-preview:-1\" \/>\n<link rel=\"canonical\" href=\"https:\/\/www.ketchum.com\/austria\/\" \/>\n<meta property=\"og:locale\" content=\"en_US\" \/>\n<meta property=\"og:type\" content=\"article\" \/>\n<meta property=\"og:title\" content=\"Home - Ketchum Austria\" \/>\n<meta property=\"og:description\" content=\"Ketchum Austria - Home\" \/>\n<meta property=\"og:url\" content=\"https:\/\/www.ketchum.com\/austria\/\" \/>\n<meta property=\"og:site_name\" content=\"Ketchum Austria\" \/>\n<meta property=\"article:modified_time\" content=\"2026-04-09T13:33:35+00:00\" \/>\n<meta property=\"og:image\" content=\"https:\/\/www.ketchum.com\/austria\/wp-content\/uploads\/sites\/8\/2022\/11\/logowebsiteket-1024x438.jpg\" \/>\n<meta name=\"twitter:card\" content=\"summary_large_image\" \/>\n<meta name=\"twitter:label1\" content=\"Est. reading time\" \/>\n\t<meta name=\"twitter:data1\" content=\"1 minute\" \/>\n<script type=\"application\/ld+json\" class=\"yoast-schema-graph\">{\"@context\":\"https:\\\/\\\/schema.org\",\"@graph\":[{\"@type\":\"WebPage\",\"@id\":\"https:\\\/\\\/www.ketchum.com\\\/austria\\\/\",\"url\":\"https:\\\/\\\/www.ketchum.com\\\/austria\\\/\",\"name\":\"Home - Ketchum Austria\",\"isPartOf\":{\"@id\":\"https:\\\/\\\/www.ketchum.com\\\/austria\\\/#website\"},\"primaryImageOfPage\":{\"@id\":\"https:\\\/\\\/www.ketchum.com\\\/austria\\\/#primaryimage\"},\"image\":{\"@id\":\"https:\\\/\\\/www.ketchum.com\\\/austria\\\/#primaryimage\"},\"thumbnailUrl\":\"https:\\\/\\\/www.ketchum.com\\\/austria\\\/wp-content\\\/uploads\\\/sites\\\/8\\\/2022\\\/11\\\/logowebsiteket-1024x438.jpg\",\"datePublished\":\"2022-02-14T17:08:00+00:00\",\"dateModified\":\"2026-04-09T13:33:35+00:00\",\"description\":\"Ketchum Austria - Home\",\"breadcrumb\":{\"@id\":\"https:\\\/\\\/www.ketchum.com\\\/austria\\\/#breadcrumb\"},\"inLanguage\":\"en\",\"potentialAction\":[{\"@type\":\"ReadAction\",\"target\":[\"https:\\\/\\\/www.ketchum.com\\\/austria\\\/\"]}]},{\"@type\":\"ImageObject\",\"inLanguage\":\"en\",\"@id\":\"https:\\\/\\\/www.ketchum.com\\\/austria\\\/#primaryimage\",\"url\":\"https:\\\/\\\/www.ketchum.com\\\/austria\\\/wp-content\\\/uploads\\\/sites\\\/8\\\/2022\\\/11\\\/logowebsiteket.jpg\",\"contentUrl\":\"https:\\\/\\\/www.ketchum.com\\\/austria\\\/wp-content\\\/uploads\\\/sites\\\/8\\\/2022\\\/11\\\/logowebsiteket.jpg\",\"width\":1523,\"height\":652},{\"@type\":\"BreadcrumbList\",\"@id\":\"https:\\\/\\\/www.ketchum.com\\\/austria\\\/#breadcrumb\",\"itemListElement\":[{\"@type\":\"ListItem\",\"position\":1,\"name\":\"Home\",\"item\":\"https:\\\/\\\/www.ketchum.com\\\/austria\\\/\"},{\"@type\":\"ListItem\",\"position\":2,\"name\":\"Home\"}]},{\"@type\":\"WebSite\",\"@id\":\"https:\\\/\\\/www.ketchum.com\\\/austria\\\/#website\",\"url\":\"https:\\\/\\\/www.ketchum.com\\\/austria\\\/\",\"name\":\"Ketchum Austria\",\"description\":\"Ketchum Site\",\"potentialAction\":[{\"@type\":\"SearchAction\",\"target\":{\"@type\":\"EntryPoint\",\"urlTemplate\":\"https:\\\/\\\/www.ketchum.com\\\/austria\\\/?s={search_term_string}\"},\"query-input\":{\"@type\":\"PropertyValueSpecification\",\"valueRequired\":true,\"valueName\":\"search_term_string\"}}],\"inLanguage\":\"en\"}]}<\/script>\n<!-- \/ Yoast SEO plugin. -->","yoast_head_json":{"title":"Home - Ketchum Austria","description":"Ketchum Austria - Home","robots":{"index":"index","follow":"follow","max-snippet":"max-snippet:-1","max-image-preview":"max-image-preview:large","max-video-preview":"max-video-preview:-1"},"canonical":"https:\/\/www.ketchum.com\/austria\/","og_locale":"en_US","og_type":"article","og_title":"Home - Ketchum Austria","og_description":"Ketchum Austria - Home","og_url":"https:\/\/www.ketchum.com\/austria\/","og_site_name":"Ketchum Austria","article_modified_time":"2026-04-09T13:33:35+00:00","og_image":[{"url":"https:\/\/www.ketchum.com\/austria\/wp-content\/uploads\/sites\/8\/2022\/11\/logowebsiteket-1024x438.jpg","type":"","width":"","height":""}],"twitter_card":"summary_large_image","twitter_misc":{"Est. reading time":"1 minute"},"schema":{"@context":"https:\/\/schema.org","@graph":[{"@type":"WebPage","@id":"https:\/\/www.ketchum.com\/austria\/","url":"https:\/\/www.ketchum.com\/austria\/","name":"Home - Ketchum Austria","isPartOf":{"@id":"https:\/\/www.ketchum.com\/austria\/#website"},"primaryImageOfPage":{"@id":"https:\/\/www.ketchum.com\/austria\/#primaryimage"},"image":{"@id":"https:\/\/www.ketchum.com\/austria\/#primaryimage"},"thumbnailUrl":"https:\/\/www.ketchum.com\/austria\/wp-content\/uploads\/sites\/8\/2022\/11\/logowebsiteket-1024x438.jpg","datePublished":"2022-02-14T17:08:00+00:00","dateModified":"2026-04-09T13:33:35+00:00","description":"Ketchum Austria - Home","breadcrumb":{"@id":"https:\/\/www.ketchum.com\/austria\/#breadcrumb"},"inLanguage":"en","potentialAction":[{"@type":"ReadAction","target":["https:\/\/www.ketchum.com\/austria\/"]}]},{"@type":"ImageObject","inLanguage":"en","@id":"https:\/\/www.ketchum.com\/austria\/#primaryimage","url":"https:\/\/www.ketchum.com\/austria\/wp-content\/uploads\/sites\/8\/2022\/11\/logowebsiteket.jpg","contentUrl":"https:\/\/www.ketchum.com\/austria\/wp-content\/uploads\/sites\/8\/2022\/11\/logowebsiteket.jpg","width":1523,"height":652},{"@type":"BreadcrumbList","@id":"https:\/\/www.ketchum.com\/austria\/#breadcrumb","itemListElement":[{"@type":"ListItem","position":1,"name":"Home","item":"https:\/\/www.ketchum.com\/austria\/"},{"@type":"ListItem","position":2,"name":"Home"}]},{"@type":"WebSite","@id":"https:\/\/www.ketchum.com\/austria\/#website","url":"https:\/\/www.ketchum.com\/austria\/","name":"Ketchum Austria","description":"Ketchum Site","potentialAction":[{"@type":"SearchAction","target":{"@type":"EntryPoint","urlTemplate":"https:\/\/www.ketchum.com\/austria\/?s={search_term_string}"},"query-input":{"@type":"PropertyValueSpecification","valueRequired":true,"valueName":"search_term_string"}}],"inLanguage":"en"}]}},"featured_image_src":null,"featured_image_src_square":null,"_links":{"self":[{"href":"https:\/\/www.ketchum.com\/austria\/wp-json\/wp\/v2\/pages\/4","targetHints":{"allow":["GET"]}}],"collection":[{"href":"https:\/\/www.ketchum.com\/austria\/wp-json\/wp\/v2\/pages"}],"about":[{"href":"https:\/\/www.ketchum.com\/austria\/wp-json\/wp\/v2\/types\/page"}],"author":[{"embeddable":true,"href":"https:\/\/www.ketchum.com\/austria\/wp-json\/wp\/v2\/users\/3"}],"replies":[{"embeddable":true,"href":"https:\/\/www.ketchum.com\/austria\/wp-json\/wp\/v2\/comments?post=4"}],"version-history":[{"count":0,"href":"https:\/\/www.ketchum.com\/austria\/wp-json\/wp\/v2\/pages\/4\/revisions"}],"wp:attachment":[{"href":"https:\/\/www.ketchum.com\/austria\/wp-json\/wp\/v2\/media?parent=4"}],"curies":[{"name":"wp","href":"https:\/\/api.w.org\/{rel}","templated":true}]}}